{"id":245,"date":"2024-05-24T11:09:29","date_gmt":"2024-05-24T11:09:29","guid":{"rendered":"https:\/\/www.virtasenmaalitehdas.fi\/hemsidan\/"},"modified":"2026-03-12T11:05:16","modified_gmt":"2026-03-12T11:05:16","slug":"hemsidan","status":"publish","type":"page","link":"https:\/\/www.virtasenmaalitehdas.fi\/sv\/","title":{"rendered":"Hemsidan"},"content":{"rendered":"<section class=\"align wp-block-image-and-text background-shape\">\n    <div class=\"wrap wrap-default\">\n            <div class=\"flex \">\n            <div class=\"flex-item six\">\n                                    <div class=\"image video\">\n                    <img decoding=\"async\"\n        src=\"https:\/\/www.virtasenmaalitehdas.fi\/app\/uploads\/2021\/10\/Virtasen_Lillandet_Ruissalo_Sando_Dalskar_maalipurkit-1200x800.jpg\"\n        srcset=\"https:\/\/www.virtasenmaalitehdas.fi\/app\/uploads\/2021\/10\/Virtasen_Lillandet_Ruissalo_Sando_Dalskar_maalipurkit-1200x800.jpg 1200w, https:\/\/www.virtasenmaalitehdas.fi\/app\/uploads\/2021\/10\/Virtasen_Lillandet_Ruissalo_Sando_Dalskar_maalipurkit-800x533.jpg 800w, https:\/\/www.virtasenmaalitehdas.fi\/app\/uploads\/2021\/10\/Virtasen_Lillandet_Ruissalo_Sando_Dalskar_maalipurkit-768x512.jpg 768w, https:\/\/www.virtasenmaalitehdas.fi\/app\/uploads\/2021\/10\/Virtasen_Lillandet_Ruissalo_Sando_Dalskar_maalipurkit-1536x1024.jpg 1536w, https:\/\/www.virtasenmaalitehdas.fi\/app\/uploads\/2021\/10\/Virtasen_Lillandet_Ruissalo_Sando_Dalskar_maalipurkit.jpg 1700w\"\n        sizes=\"(max-width: 1200px) 100vw, 1200px\"\n        alt=\"\"\n            >\n        \n                <\/div>\n                                <\/div>\n            <div class=\"flex-item six\">\n                <div class=\"contentcontainer\">\n                            <h2\n    class=\"title title-medium color-black \"\n>\n    Virtasen f\u00e4rgfabrik kombinerar tradition och modern teknik\n<\/h2>\n                            <div class=\"text theme-black\">\n                        <p>Virtasen f\u00e4rgfabrik kombinerar traditioner och modern teknik f\u00f6r att erbjuda produkter som h\u00e5ller \u00e4ven under kr\u00e4vande f\u00f6rh\u00e5llanden. F\u00f6retagets produktsortiment omfattar exteri\u00f6r- och interi\u00f6rf\u00e4rger, som finns i m\u00e5nga olika nyanser, samt andra m\u00e5lningstillbeh\u00f6r.<\/p>\n\n                    <\/div>\n                           <div class=\"has-buttons\">\n                                                                    <div>\n                            <a\n    href=\"\/sv\/produkter\/\"\n    class=\"btn red \"\n>\n    Produkter\n<\/a>\n                        <\/div>\n                                                                <\/div>\n                    <\/div>\n            <\/div>\n        <\/div>\n            <div class=\"flex row-reverse\">\n            <div class=\"flex-item six\">\n                                    <div class=\"image video\">\n                    <img decoding=\"async\"\n        src=\"https:\/\/www.virtasenmaalitehdas.fi\/app\/uploads\/2020\/10\/Virtasen-Varikartta_Saariston-Varit-1200x800.jpg\"\n        srcset=\"https:\/\/www.virtasenmaalitehdas.fi\/app\/uploads\/2020\/10\/Virtasen-Varikartta_Saariston-Varit-1200x800.jpg 1200w, https:\/\/www.virtasenmaalitehdas.fi\/app\/uploads\/2020\/10\/Virtasen-Varikartta_Saariston-Varit-800x533.jpg 800w, https:\/\/www.virtasenmaalitehdas.fi\/app\/uploads\/2020\/10\/Virtasen-Varikartta_Saariston-Varit-768x512.jpg 768w, https:\/\/www.virtasenmaalitehdas.fi\/app\/uploads\/2020\/10\/Virtasen-Varikartta_Saariston-Varit-1536x1024.jpg 1536w, https:\/\/www.virtasenmaalitehdas.fi\/app\/uploads\/2020\/10\/Virtasen-Varikartta_Saariston-Varit.jpg 2000w\"\n        sizes=\"(max-width: 1200px) 100vw, 1200px\"\n        alt=\"\"\n            >\n        \n                <\/div>\n                                <\/div>\n            <div class=\"flex-item six\">\n                <div class=\"contentcontainer\">\n                            <h2\n    class=\"title title-medium color-black \"\n>\n    Sk\u00e4rg\u00e5rdens F\u00e4rger \u2013 In Och Ut\n<\/h2>\n                            <div class=\"text theme-black\">\n                        <p>Virtasen Sk\u00e4rg\u00e5rdens F\u00e4rger f\u00e4rgkartan \u00e5terspeglar v\u00e5r unika sk\u00e4rg\u00e5rds djupt rotade traditioner, dess k\u00e4nda och ok\u00e4nda kobbar, sk\u00e4r och naturhamnar. Sk\u00e4rg\u00e5rdens karga men \u00e4nd\u00e5 m\u00e5ngsidiga och vackra f\u00f6rh\u00e5llanden \u00e4r starkt representerade i f\u00e4rgkartans kul\u00f6rer.<\/p>\n\n                    <\/div>\n                           <div class=\"has-buttons\">\n                                                                    <div>\n                            <a\n    href=\"https:\/\/www.virtasenmaalitehdas.fi\/sv\/fargkarta\/\"\n    class=\"btn red \"\n>\n    Bekanta dig med f\u00e4rgkartan\n<\/a>\n                        <\/div>\n                                                                <\/div>\n                    <\/div>\n            <\/div>\n        <\/div>\n        <\/div>\n<\/section>\n\n\n<section class=\"align wp-block-posts\">\n    <div class=\"wrap wrap-default\">\n        <h2\n    class=\"title title-medium color-black \"\n>\n    Just nu\n<\/h2>\n        <a class=\"link\" href=\"\/sv\/bloggar\/\">\n            Alla bloggar\n            <i class=\"fa-solid fa-chevron-right\"><\/i>\n        <\/a>\n        <div class=\"flex postscontainer\">\n                            <a href=\"https:\/\/www.virtasenmaalitehdas.fi\/sv\/bloggar\/virtasen-maalitehdas-blir-en-del-av-limhamnshus-industri-ab\/\" class=\"flex-item six\">\n                <div class=\"image\">\n                    <img decoding=\"async\"\n        src=\"https:\/\/www.virtasenmaalitehdas.fi\/app\/uploads\/2018\/06\/Virtasen-Logo-2018_canva-2.png\"\n        srcset=\"https:\/\/www.virtasenmaalitehdas.fi\/app\/uploads\/2018\/06\/Virtasen-Logo-2018_canva-2.png 970w, https:\/\/www.virtasenmaalitehdas.fi\/app\/uploads\/2018\/06\/Virtasen-Logo-2018_canva-2-800x718.png 800w, https:\/\/www.virtasenmaalitehdas.fi\/app\/uploads\/2018\/06\/Virtasen-Logo-2018_canva-2-768x689.png 768w\"\n        sizes=\"(max-width: 970px) 100vw, 970px\"\n        alt=\"\"\n            >\n        \n                <\/div>\n                <small>Blogi<\/small>\n                <h3 class=\"title title-small\">\n                    \u00a0Virtasen Maalitehdas blir en del av LimhamnsHus Industri AB\n                <\/h3>\n                <div class=\"link\">\n                    L\u00e4sa mer\n                    <i class=\"fa-solid fa-chevron-right\"><\/i>\n                <\/div>\n            <\/a>\n                <\/div>\n    <\/div>\n<\/section>\n\n\n<section class=\"align wp-block-background-image-with-text\">\n    <div class=\"wrap wrap-default\">\n        <div class=\"content position-left\">\n                    <div class=\"masked-image\">\n                <img decoding=\"async\"\n        src=\"https:\/\/www.virtasenmaalitehdas.fi\/app\/uploads\/2020\/06\/SE_Porstua_5-1200x765.jpg\"\n        srcset=\"https:\/\/www.virtasenmaalitehdas.fi\/app\/uploads\/2020\/06\/SE_Porstua_5-1200x765.jpg 1200w, https:\/\/www.virtasenmaalitehdas.fi\/app\/uploads\/2020\/06\/SE_Porstua_5-800x510.jpg 800w, https:\/\/www.virtasenmaalitehdas.fi\/app\/uploads\/2020\/06\/SE_Porstua_5-768x490.jpg 768w, https:\/\/www.virtasenmaalitehdas.fi\/app\/uploads\/2020\/06\/SE_Porstua_5-1536x979.jpg 1536w, https:\/\/www.virtasenmaalitehdas.fi\/app\/uploads\/2020\/06\/SE_Porstua_5.jpg 1600w\"\n        sizes=\"(max-width: 1200px) 100vw, 1200px\"\n        alt=\"\"\n            >\n        \n            <\/div>\n                    <div class=\"wrap wrap-default\">\n                <div class=\"content-area\">\n                            <small> Bli inspirerad <\/small>\n                                    <h2\n    class=\"title title-medium color-white \"\n>\n    M\u00e5lad med Virtasen f\u00e4rger\n<\/h2>\n                                    <div class=\"text\">\n                        <p>\u00c4ven dessa objekt \u00e4r m\u00e5lade med Virtasen f\u00e4rger<\/p>\n\n                    <\/div>\n                                    <div class=\"has-buttons\">\n                                                                    <div>\n                            <a\n    href=\"\/sv\/bli-inspirerad\/\"\n    class=\"btn red \"\n>\n    Bli inspirerad\n<\/a>\n                        <\/div>\n                                                                <\/div>\n                        <\/div>\n            <\/div>\n        <\/div>\n    <\/div>\n<\/section>\n\n\n<section class=\"align wp-block-image-and-text \">\n    <div class=\"wrap wrap-default\">\n            <div class=\"flex \">\n            <div class=\"flex-item six\">\n                                    <div class=\"image video\">\n                    <img decoding=\"async\"\n        src=\"https:\/\/www.virtasenmaalitehdas.fi\/app\/uploads\/2019\/03\/Saaristokyla_Tarinamme_Sx.jpg\"\n        srcset=\"https:\/\/www.virtasenmaalitehdas.fi\/app\/uploads\/2019\/03\/Saaristokyla_Tarinamme_Sx.jpg 1057w, https:\/\/www.virtasenmaalitehdas.fi\/app\/uploads\/2019\/03\/Saaristokyla_Tarinamme_Sx-800x354.jpg 800w, https:\/\/www.virtasenmaalitehdas.fi\/app\/uploads\/2019\/03\/Saaristokyla_Tarinamme_Sx-768x340.jpg 768w\"\n        sizes=\"(max-width: 1057px) 100vw, 1057px\"\n        alt=\"\"\n            >\n        \n                <\/div>\n                                <\/div>\n            <div class=\"flex-item six\">\n                <div class=\"contentcontainer\">\n                            <h2\n    class=\"title title-medium color-black \"\n>\n    Historien om virtasen f\u00e4rgfabrik\n<\/h2>\n                            <div class=\"text theme-black\">\n                        <p>Aimo Virtanen b\u00f6rjade tillverka f\u00e4rger i Pargas, \u00c5bolands sk\u00e4rg\u00e5rd \u00e5r 1959. Enligt honom var han tvungen att g\u00f6ra f\u00e4rgen sj\u00e4lv eftersom det inte fanns dugliga f\u00e4rger till salu.<\/p>\n\n                    <\/div>\n                           <div class=\"has-buttons\">\n                                                                    <div>\n                            <a\n    href=\"https:\/\/www.virtasenmaalitehdas.fi\/sv\/historia\/\"\n    class=\"btn red \"\n>\n    L\u00e4s v\u00e5r ber\u00e4ttelse h\u00e4r\n<\/a>\n                        <\/div>\n                                                                <\/div>\n                    <\/div>\n            <\/div>\n        <\/div>\n        <\/div>\n<\/section>\n","protected":false},"excerpt":{"rendered":"","protected":false},"author":1,"featured_media":0,"parent":0,"menu_order":0,"comment_status":"closed","ping_status":"closed","template":"","meta":{"_acf_changed":false,"footnotes":""},"class_list":["post-245","page","type-page","status-publish","hentry"],"acf":[],"yoast_head":"<!-- This site is optimized with the Yoast SEO Premium plugin v25.8 (Yoast SEO v27.5) - https:\/\/yoast.com\/product\/yoast-seo-premium-wordpress\/ -->\n<title>Hemsidan - Virtasen Maalitehdas<\/title>\n<meta name=\"description\" content=\"100 % luftgenomsl\u00e4ppliga inomhus- och utomhusf\u00e4rger fr\u00e5n Virtanen Paint Factory. Vad du \u00e4n bygger \u2013 m\u00e5la det med Virtanen.\" \/>\n<meta name=\"robots\" content=\"index, follow, max-snippet:-1, max-image-preview:large, max-video-preview:-1\" \/>\n<link rel=\"canonical\" href=\"https:\/\/www.virtasenmaalitehdas.fi\/sv\/\" \/>\n<meta property=\"og:locale\" content=\"sv_SE\" \/>\n<meta property=\"og:type\" content=\"article\" \/>\n<meta property=\"og:title\" content=\"Hemsidan\" \/>\n<meta property=\"og:description\" content=\"100 % luftgenomsl\u00e4ppliga inomhus- och utomhusf\u00e4rger fr\u00e5n Virtanen Paint Factory. Vad du \u00e4n bygger \u2013 m\u00e5la det med Virtanen.\" \/>\n<meta property=\"og:url\" content=\"https:\/\/www.virtasenmaalitehdas.fi\/sv\/\" \/>\n<meta property=\"og:site_name\" content=\"Virtasen Maalitehdas\" \/>\n<meta property=\"article:modified_time\" content=\"2026-03-12T11:05:16+00:00\" \/>\n<meta name=\"twitter:card\" content=\"summary_large_image\" \/>\n<script type=\"application\/ld+json\" class=\"yoast-schema-graph\">{\"@context\":\"https:\\\/\\\/schema.org\",\"@graph\":[{\"@type\":\"WebPage\",\"@id\":\"https:\\\/\\\/www.virtasenmaalitehdas.fi\\\/sv\\\/\",\"url\":\"https:\\\/\\\/www.virtasenmaalitehdas.fi\\\/sv\\\/\",\"name\":\"Hemsidan - Virtasen Maalitehdas\",\"isPartOf\":{\"@id\":\"https:\\\/\\\/www.virtasenmaalitehdas.fi\\\/sv\\\/#website\"},\"datePublished\":\"2024-05-24T11:09:29+00:00\",\"dateModified\":\"2026-03-12T11:05:16+00:00\",\"description\":\"100 % luftgenomsl\u00e4ppliga inomhus- och utomhusf\u00e4rger fr\u00e5n Virtanen Paint Factory. Vad du \u00e4n bygger \u2013 m\u00e5la det med Virtanen.\",\"breadcrumb\":{\"@id\":\"https:\\\/\\\/www.virtasenmaalitehdas.fi\\\/sv\\\/#breadcrumb\"},\"inLanguage\":\"sv-SE\",\"potentialAction\":[{\"@type\":\"ReadAction\",\"target\":[\"https:\\\/\\\/www.virtasenmaalitehdas.fi\\\/sv\\\/\"]}]},{\"@type\":\"BreadcrumbList\",\"@id\":\"https:\\\/\\\/www.virtasenmaalitehdas.fi\\\/sv\\\/#breadcrumb\",\"itemListElement\":[{\"@type\":\"ListItem\",\"position\":1,\"name\":\"Home\",\"item\":\"https:\\\/\\\/www.virtasenmaalitehdas.fi\\\/sv\\\/\"},{\"@type\":\"ListItem\",\"position\":2,\"name\":\"Hemsidan\"}]},{\"@type\":\"WebSite\",\"@id\":\"https:\\\/\\\/www.virtasenmaalitehdas.fi\\\/sv\\\/#website\",\"url\":\"https:\\\/\\\/www.virtasenmaalitehdas.fi\\\/sv\\\/\",\"name\":\"Virtasen Maalitehdas\",\"description\":\"Luonnonmukaiset, hengitt\u00e4v\u00e4t maalimme suojelevat perhett\u00e4 ja puuta. Maali, joka kest\u00e4\u00e4 saariston karuissa ja kosteissa olosuhteissa, kest\u00e4\u00e4 miss\u00e4 vaan!\",\"potentialAction\":[{\"@type\":\"SearchAction\",\"target\":{\"@type\":\"EntryPoint\",\"urlTemplate\":\"https:\\\/\\\/www.virtasenmaalitehdas.fi\\\/sv\\\/?s={search_term_string}\"},\"query-input\":{\"@type\":\"PropertyValueSpecification\",\"valueRequired\":true,\"valueName\":\"search_term_string\"}}],\"inLanguage\":\"sv-SE\"}]}<\/script>\n<!-- \/ Yoast SEO Premium plugin. -->","yoast_head_json":{"title":"Hemsidan - Virtasen Maalitehdas","description":"100 % luftgenomsl\u00e4ppliga inomhus- och utomhusf\u00e4rger fr\u00e5n Virtanen Paint Factory. Vad du \u00e4n bygger \u2013 m\u00e5la det med Virtanen.","robots":{"index":"index","follow":"follow","max-snippet":"max-snippet:-1","max-image-preview":"max-image-preview:large","max-video-preview":"max-video-preview:-1"},"canonical":"https:\/\/www.virtasenmaalitehdas.fi\/sv\/","og_locale":"sv_SE","og_type":"article","og_title":"Hemsidan","og_description":"100 % luftgenomsl\u00e4ppliga inomhus- och utomhusf\u00e4rger fr\u00e5n Virtanen Paint Factory. Vad du \u00e4n bygger \u2013 m\u00e5la det med Virtanen.","og_url":"https:\/\/www.virtasenmaalitehdas.fi\/sv\/","og_site_name":"Virtasen Maalitehdas","article_modified_time":"2026-03-12T11:05:16+00:00","twitter_card":"summary_large_image","schema":{"@context":"https:\/\/schema.org","@graph":[{"@type":"WebPage","@id":"https:\/\/www.virtasenmaalitehdas.fi\/sv\/","url":"https:\/\/www.virtasenmaalitehdas.fi\/sv\/","name":"Hemsidan - Virtasen Maalitehdas","isPartOf":{"@id":"https:\/\/www.virtasenmaalitehdas.fi\/sv\/#website"},"datePublished":"2024-05-24T11:09:29+00:00","dateModified":"2026-03-12T11:05:16+00:00","description":"100 % luftgenomsl\u00e4ppliga inomhus- och utomhusf\u00e4rger fr\u00e5n Virtanen Paint Factory. Vad du \u00e4n bygger \u2013 m\u00e5la det med Virtanen.","breadcrumb":{"@id":"https:\/\/www.virtasenmaalitehdas.fi\/sv\/#breadcrumb"},"inLanguage":"sv-SE","potentialAction":[{"@type":"ReadAction","target":["https:\/\/www.virtasenmaalitehdas.fi\/sv\/"]}]},{"@type":"BreadcrumbList","@id":"https:\/\/www.virtasenmaalitehdas.fi\/sv\/#breadcrumb","itemListElement":[{"@type":"ListItem","position":1,"name":"Home","item":"https:\/\/www.virtasenmaalitehdas.fi\/sv\/"},{"@type":"ListItem","position":2,"name":"Hemsidan"}]},{"@type":"WebSite","@id":"https:\/\/www.virtasenmaalitehdas.fi\/sv\/#website","url":"https:\/\/www.virtasenmaalitehdas.fi\/sv\/","name":"Virtasen Maalitehdas","description":"Luonnonmukaiset, hengitt\u00e4v\u00e4t maalimme suojelevat perhett\u00e4 ja puuta. Maali, joka kest\u00e4\u00e4 saariston karuissa ja kosteissa olosuhteissa, kest\u00e4\u00e4 miss\u00e4 vaan!","potentialAction":[{"@type":"SearchAction","target":{"@type":"EntryPoint","urlTemplate":"https:\/\/www.virtasenmaalitehdas.fi\/sv\/?s={search_term_string}"},"query-input":{"@type":"PropertyValueSpecification","valueRequired":true,"valueName":"search_term_string"}}],"inLanguage":"sv-SE"}]}},"_links":{"self":[{"href":"https:\/\/www.virtasenmaalitehdas.fi\/sv\/wp-json\/wp\/v2\/pages\/245","targetHints":{"allow":["GET"]}}],"collection":[{"href":"https:\/\/www.virtasenmaalitehdas.fi\/sv\/wp-json\/wp\/v2\/pages"}],"about":[{"href":"https:\/\/www.virtasenmaalitehdas.fi\/sv\/wp-json\/wp\/v2\/types\/page"}],"author":[{"embeddable":true,"href":"https:\/\/www.virtasenmaalitehdas.fi\/sv\/wp-json\/wp\/v2\/users\/1"}],"replies":[{"embeddable":true,"href":"https:\/\/www.virtasenmaalitehdas.fi\/sv\/wp-json\/wp\/v2\/comments?post=245"}],"version-history":[{"count":29,"href":"https:\/\/www.virtasenmaalitehdas.fi\/sv\/wp-json\/wp\/v2\/pages\/245\/revisions"}],"predecessor-version":[{"id":27766,"href":"https:\/\/www.virtasenmaalitehdas.fi\/sv\/wp-json\/wp\/v2\/pages\/245\/revisions\/27766"}],"wp:attachment":[{"href":"https:\/\/www.virtasenmaalitehdas.fi\/sv\/wp-json\/wp\/v2\/media?parent=245"}],"curies":[{"name":"wp","href":"https:\/\/api.w.org\/{rel}","templated":true}]}}