{"id":254,"date":"2024-05-28T08:24:12","date_gmt":"2024-05-28T08:24:12","guid":{"rendered":"http:\/\/localhost:8080\/yhteystiedot\/"},"modified":"2026-04-29T13:08:32","modified_gmt":"2026-04-29T13:08:32","slug":"kontakt","status":"publish","type":"page","link":"https:\/\/www.virtasenmaalitehdas.fi\/sv\/kontakt\/","title":{"rendered":"Kontakt"},"content":{"rendered":"","protected":false},"excerpt":{"rendered":"","protected":false},"author":1,"featured_media":212,"parent":0,"menu_order":0,"comment_status":"closed","ping_status":"closed","template":"template-contact-page.blade.php","meta":{"_acf_changed":false,"footnotes":""},"class_list":["post-254","page","type-page","status-publish","has-post-thumbnail","hentry"],"acf":[],"yoast_head":"<!-- This site is optimized with the Yoast SEO Premium plugin v25.8 (Yoast SEO v27.6) - https:\/\/yoast.com\/product\/yoast-seo-premium-wordpress\/ -->\n<title>Kontakt - Virtasen Maalitehdas<\/title>\n<meta name=\"description\" content=\"Har du n\u00e5gra fr\u00e5gor om m\u00e5lning? Ring eller maila oss! Best\u00e4llningar fr\u00e5n \u00e5terf\u00f6rs\u00e4ljare kan g\u00f6ras via olika kontaktuppgifter.\" \/>\n<meta name=\"robots\" content=\"index, follow, max-snippet:-1, max-image-preview:large, max-video-preview:-1\" \/>\n<link rel=\"canonical\" href=\"https:\/\/www.virtasenmaalitehdas.fi\/sv\/kontakt\/\" \/>\n<meta property=\"og:locale\" content=\"sv_SE\" \/>\n<meta property=\"og:type\" content=\"article\" \/>\n<meta property=\"og:title\" content=\"Kontakt\" \/>\n<meta property=\"og:description\" content=\"Har du n\u00e5gra fr\u00e5gor om m\u00e5lning? Ring eller maila oss! Best\u00e4llningar fr\u00e5n \u00e5terf\u00f6rs\u00e4ljare kan g\u00f6ras via olika kontaktuppgifter.\" \/>\n<meta property=\"og:url\" content=\"https:\/\/www.virtasenmaalitehdas.fi\/sv\/kontakt\/\" \/>\n<meta property=\"og:site_name\" content=\"Virtasen Maalitehdas\" \/>\n<meta property=\"article:modified_time\" content=\"2026-04-29T13:08:32+00:00\" \/>\n<meta property=\"og:image\" content=\"https:\/\/www.virtasenmaalitehdas.fi\/app\/uploads\/2024\/05\/virtanen_yhteystiedot.jpg\" \/>\n\t<meta property=\"og:image:width\" content=\"2000\" \/>\n\t<meta property=\"og:image:height\" content=\"1033\" \/>\n\t<meta property=\"og:image:type\" content=\"image\/jpeg\" \/>\n<meta name=\"twitter:card\" content=\"summary_large_image\" \/>\n<meta name=\"twitter:label1\" content=\"Est. reading time\" \/>\n\t<meta name=\"twitter:data1\" content=\"1 minute\" \/>\n<script type=\"application\/ld+json\" class=\"yoast-schema-graph\">{\"@context\":\"https:\\\/\\\/schema.org\",\"@graph\":[{\"@type\":\"WebPage\",\"@id\":\"https:\\\/\\\/www.virtasenmaalitehdas.fi\\\/sv\\\/kontakt\\\/\",\"url\":\"https:\\\/\\\/www.virtasenmaalitehdas.fi\\\/sv\\\/kontakt\\\/\",\"name\":\"Kontakt - Virtasen Maalitehdas\",\"isPartOf\":{\"@id\":\"https:\\\/\\\/www.virtasenmaalitehdas.fi\\\/sv\\\/#website\"},\"primaryImageOfPage\":{\"@id\":\"https:\\\/\\\/www.virtasenmaalitehdas.fi\\\/sv\\\/kontakt\\\/#primaryimage\"},\"image\":{\"@id\":\"https:\\\/\\\/www.virtasenmaalitehdas.fi\\\/sv\\\/kontakt\\\/#primaryimage\"},\"thumbnailUrl\":\"https:\\\/\\\/www.virtasenmaalitehdas.fi\\\/app\\\/uploads\\\/2024\\\/05\\\/virtanen_yhteystiedot.jpg\",\"datePublished\":\"2024-05-28T08:24:12+00:00\",\"dateModified\":\"2026-04-29T13:08:32+00:00\",\"description\":\"Har du n\u00e5gra fr\u00e5gor om m\u00e5lning? Ring eller maila oss! Best\u00e4llningar fr\u00e5n \u00e5terf\u00f6rs\u00e4ljare kan g\u00f6ras via olika kontaktuppgifter.\",\"breadcrumb\":{\"@id\":\"https:\\\/\\\/www.virtasenmaalitehdas.fi\\\/sv\\\/kontakt\\\/#breadcrumb\"},\"inLanguage\":\"sv-SE\",\"potentialAction\":[{\"@type\":\"ReadAction\",\"target\":[\"https:\\\/\\\/www.virtasenmaalitehdas.fi\\\/sv\\\/kontakt\\\/\"]}]},{\"@type\":\"ImageObject\",\"inLanguage\":\"sv-SE\",\"@id\":\"https:\\\/\\\/www.virtasenmaalitehdas.fi\\\/sv\\\/kontakt\\\/#primaryimage\",\"url\":\"https:\\\/\\\/www.virtasenmaalitehdas.fi\\\/app\\\/uploads\\\/2024\\\/05\\\/virtanen_yhteystiedot.jpg\",\"contentUrl\":\"https:\\\/\\\/www.virtasenmaalitehdas.fi\\\/app\\\/uploads\\\/2024\\\/05\\\/virtanen_yhteystiedot.jpg\",\"width\":2000,\"height\":1033},{\"@type\":\"BreadcrumbList\",\"@id\":\"https:\\\/\\\/www.virtasenmaalitehdas.fi\\\/sv\\\/kontakt\\\/#breadcrumb\",\"itemListElement\":[{\"@type\":\"ListItem\",\"position\":1,\"name\":\"Home\",\"item\":\"https:\\\/\\\/www.virtasenmaalitehdas.fi\\\/sv\\\/\"},{\"@type\":\"ListItem\",\"position\":2,\"name\":\"Kontakt\"}]},{\"@type\":\"WebSite\",\"@id\":\"https:\\\/\\\/www.virtasenmaalitehdas.fi\\\/sv\\\/#website\",\"url\":\"https:\\\/\\\/www.virtasenmaalitehdas.fi\\\/sv\\\/\",\"name\":\"Virtasen Maalitehdas\",\"description\":\"Luonnonmukaiset, hengitt\u00e4v\u00e4t maalimme suojelevat perhett\u00e4 ja puuta. Maali, joka kest\u00e4\u00e4 saariston karuissa ja kosteissa olosuhteissa, kest\u00e4\u00e4 miss\u00e4 vaan!\",\"potentialAction\":[{\"@type\":\"SearchAction\",\"target\":{\"@type\":\"EntryPoint\",\"urlTemplate\":\"https:\\\/\\\/www.virtasenmaalitehdas.fi\\\/sv\\\/?s={search_term_string}\"},\"query-input\":{\"@type\":\"PropertyValueSpecification\",\"valueRequired\":true,\"valueName\":\"search_term_string\"}}],\"inLanguage\":\"sv-SE\"}]}<\/script>\n<!-- \/ Yoast SEO Premium plugin. -->","yoast_head_json":{"title":"Kontakt - Virtasen Maalitehdas","description":"Har du n\u00e5gra fr\u00e5gor om m\u00e5lning? Ring eller maila oss! Best\u00e4llningar fr\u00e5n \u00e5terf\u00f6rs\u00e4ljare kan g\u00f6ras via olika kontaktuppgifter.","robots":{"index":"index","follow":"follow","max-snippet":"max-snippet:-1","max-image-preview":"max-image-preview:large","max-video-preview":"max-video-preview:-1"},"canonical":"https:\/\/www.virtasenmaalitehdas.fi\/sv\/kontakt\/","og_locale":"sv_SE","og_type":"article","og_title":"Kontakt","og_description":"Har du n\u00e5gra fr\u00e5gor om m\u00e5lning? Ring eller maila oss! Best\u00e4llningar fr\u00e5n \u00e5terf\u00f6rs\u00e4ljare kan g\u00f6ras via olika kontaktuppgifter.","og_url":"https:\/\/www.virtasenmaalitehdas.fi\/sv\/kontakt\/","og_site_name":"Virtasen Maalitehdas","article_modified_time":"2026-04-29T13:08:32+00:00","og_image":[{"width":2000,"height":1033,"url":"https:\/\/www.virtasenmaalitehdas.fi\/app\/uploads\/2024\/05\/virtanen_yhteystiedot.jpg","type":"image\/jpeg"}],"twitter_card":"summary_large_image","twitter_misc":{"Est. reading time":"1 minute"},"schema":{"@context":"https:\/\/schema.org","@graph":[{"@type":"WebPage","@id":"https:\/\/www.virtasenmaalitehdas.fi\/sv\/kontakt\/","url":"https:\/\/www.virtasenmaalitehdas.fi\/sv\/kontakt\/","name":"Kontakt - Virtasen Maalitehdas","isPartOf":{"@id":"https:\/\/www.virtasenmaalitehdas.fi\/sv\/#website"},"primaryImageOfPage":{"@id":"https:\/\/www.virtasenmaalitehdas.fi\/sv\/kontakt\/#primaryimage"},"image":{"@id":"https:\/\/www.virtasenmaalitehdas.fi\/sv\/kontakt\/#primaryimage"},"thumbnailUrl":"https:\/\/www.virtasenmaalitehdas.fi\/app\/uploads\/2024\/05\/virtanen_yhteystiedot.jpg","datePublished":"2024-05-28T08:24:12+00:00","dateModified":"2026-04-29T13:08:32+00:00","description":"Har du n\u00e5gra fr\u00e5gor om m\u00e5lning? Ring eller maila oss! Best\u00e4llningar fr\u00e5n \u00e5terf\u00f6rs\u00e4ljare kan g\u00f6ras via olika kontaktuppgifter.","breadcrumb":{"@id":"https:\/\/www.virtasenmaalitehdas.fi\/sv\/kontakt\/#breadcrumb"},"inLanguage":"sv-SE","potentialAction":[{"@type":"ReadAction","target":["https:\/\/www.virtasenmaalitehdas.fi\/sv\/kontakt\/"]}]},{"@type":"ImageObject","inLanguage":"sv-SE","@id":"https:\/\/www.virtasenmaalitehdas.fi\/sv\/kontakt\/#primaryimage","url":"https:\/\/www.virtasenmaalitehdas.fi\/app\/uploads\/2024\/05\/virtanen_yhteystiedot.jpg","contentUrl":"https:\/\/www.virtasenmaalitehdas.fi\/app\/uploads\/2024\/05\/virtanen_yhteystiedot.jpg","width":2000,"height":1033},{"@type":"BreadcrumbList","@id":"https:\/\/www.virtasenmaalitehdas.fi\/sv\/kontakt\/#breadcrumb","itemListElement":[{"@type":"ListItem","position":1,"name":"Home","item":"https:\/\/www.virtasenmaalitehdas.fi\/sv\/"},{"@type":"ListItem","position":2,"name":"Kontakt"}]},{"@type":"WebSite","@id":"https:\/\/www.virtasenmaalitehdas.fi\/sv\/#website","url":"https:\/\/www.virtasenmaalitehdas.fi\/sv\/","name":"Virtasen Maalitehdas","description":"Luonnonmukaiset, hengitt\u00e4v\u00e4t maalimme suojelevat perhett\u00e4 ja puuta. Maali, joka kest\u00e4\u00e4 saariston karuissa ja kosteissa olosuhteissa, kest\u00e4\u00e4 miss\u00e4 vaan!","potentialAction":[{"@type":"SearchAction","target":{"@type":"EntryPoint","urlTemplate":"https:\/\/www.virtasenmaalitehdas.fi\/sv\/?s={search_term_string}"},"query-input":{"@type":"PropertyValueSpecification","valueRequired":true,"valueName":"search_term_string"}}],"inLanguage":"sv-SE"}]}},"_links":{"self":[{"href":"https:\/\/www.virtasenmaalitehdas.fi\/sv\/wp-json\/wp\/v2\/pages\/254","targetHints":{"allow":["GET"]}}],"collection":[{"href":"https:\/\/www.virtasenmaalitehdas.fi\/sv\/wp-json\/wp\/v2\/pages"}],"about":[{"href":"https:\/\/www.virtasenmaalitehdas.fi\/sv\/wp-json\/wp\/v2\/types\/page"}],"author":[{"embeddable":true,"href":"https:\/\/www.virtasenmaalitehdas.fi\/sv\/wp-json\/wp\/v2\/users\/1"}],"replies":[{"embeddable":true,"href":"https:\/\/www.virtasenmaalitehdas.fi\/sv\/wp-json\/wp\/v2\/comments?post=254"}],"version-history":[{"count":17,"href":"https:\/\/www.virtasenmaalitehdas.fi\/sv\/wp-json\/wp\/v2\/pages\/254\/revisions"}],"predecessor-version":[{"id":27812,"href":"https:\/\/www.virtasenmaalitehdas.fi\/sv\/wp-json\/wp\/v2\/pages\/254\/revisions\/27812"}],"wp:featuredmedia":[{"embeddable":true,"href":"https:\/\/www.virtasenmaalitehdas.fi\/sv\/wp-json\/wp\/v2\/media\/212"}],"wp:attachment":[{"href":"https:\/\/www.virtasenmaalitehdas.fi\/sv\/wp-json\/wp\/v2\/media?parent=254"}],"curies":[{"name":"wp","href":"https:\/\/api.w.org\/{rel}","templated":true}]}}