{"id":266,"date":"2024-08-09T07:08:21","date_gmt":"2024-08-09T07:08:21","guid":{"rendered":"http:\/\/localhost:8080\/jalleenmyyjat\/"},"modified":"2025-06-17T07:35:04","modified_gmt":"2025-06-17T07:35:04","slug":"aterforsaljare","status":"publish","type":"page","link":"https:\/\/www.virtasenmaalitehdas.fi\/sv\/aterforsaljare\/","title":{"rendered":"\u00c5terf\u00f6rs\u00e4ljare"},"content":{"rendered":"<section class=\"align wp-block-text\">\n    <div class=\"wrap wrap-default\">\n        <h1\n    class=\"title title-medium color-black \"\n>\n    \u00c5terf\u00f6rs\u00e4ljare\n<\/h1>\n    <div class=\"text theme-black\">\n        <p>Hitta din n\u00e4rmaste \u00e5terf\u00f6rs\u00e4ljare.<\/p>\n\n    <\/div>\n    <\/div>\n<\/section>\n","protected":false},"excerpt":{"rendered":"","protected":false},"author":1,"featured_media":0,"parent":0,"menu_order":0,"comment_status":"closed","ping_status":"closed","template":"template-resellers.blade.php","meta":{"_acf_changed":false,"footnotes":""},"class_list":["post-266","page","type-page","status-publish","hentry"],"acf":[],"yoast_head":"<!-- This site is optimized with the Yoast SEO Premium plugin v25.8 (Yoast SEO v27.5) - https:\/\/yoast.com\/product\/yoast-seo-premium-wordpress\/ -->\n<title>\u00c5terf\u00f6rs\u00e4ljare - Virtasen Maalitehdas<\/title>\n<meta name=\"description\" content=\"H\u00f6gkvalitativa n\u00e4tverk av f\u00e4rghandlare t\u00e4cker hela Finland. Kolla in din n\u00e4rmaste \u00e5terf\u00f6rs\u00e4ljare! Platsfunktionen fungerar b\u00e4st p\u00e5 mobilen.\" \/>\n<meta name=\"robots\" content=\"index, follow, max-snippet:-1, max-image-preview:large, max-video-preview:-1\" \/>\n<link rel=\"canonical\" href=\"https:\/\/www.virtasenmaalitehdas.fi\/sv\/aterforsaljare\/\" \/>\n<meta property=\"og:locale\" content=\"sv_SE\" \/>\n<meta property=\"og:type\" content=\"article\" \/>\n<meta property=\"og:title\" content=\"\u00c5terf\u00f6rs\u00e4ljare\" \/>\n<meta property=\"og:description\" content=\"H\u00f6gkvalitativa n\u00e4tverk av f\u00e4rghandlare t\u00e4cker hela Finland. Kolla in din n\u00e4rmaste \u00e5terf\u00f6rs\u00e4ljare! Platsfunktionen fungerar b\u00e4st p\u00e5 mobilen.\" \/>\n<meta property=\"og:url\" content=\"https:\/\/www.virtasenmaalitehdas.fi\/sv\/aterforsaljare\/\" \/>\n<meta property=\"og:site_name\" content=\"Virtasen Maalitehdas\" \/>\n<meta property=\"article:modified_time\" content=\"2025-06-17T07:35:04+00:00\" \/>\n<meta name=\"twitter:card\" content=\"summary_large_image\" \/>\n<script type=\"application\/ld+json\" class=\"yoast-schema-graph\">{\"@context\":\"https:\\\/\\\/schema.org\",\"@graph\":[{\"@type\":\"WebPage\",\"@id\":\"https:\\\/\\\/www.virtasenmaalitehdas.fi\\\/sv\\\/aterforsaljare\\\/\",\"url\":\"https:\\\/\\\/www.virtasenmaalitehdas.fi\\\/sv\\\/aterforsaljare\\\/\",\"name\":\"\u00c5terf\u00f6rs\u00e4ljare - Virtasen Maalitehdas\",\"isPartOf\":{\"@id\":\"https:\\\/\\\/www.virtasenmaalitehdas.fi\\\/sv\\\/#website\"},\"datePublished\":\"2024-08-09T07:08:21+00:00\",\"dateModified\":\"2025-06-17T07:35:04+00:00\",\"description\":\"H\u00f6gkvalitativa n\u00e4tverk av f\u00e4rghandlare t\u00e4cker hela Finland. Kolla in din n\u00e4rmaste \u00e5terf\u00f6rs\u00e4ljare! Platsfunktionen fungerar b\u00e4st p\u00e5 mobilen.\",\"breadcrumb\":{\"@id\":\"https:\\\/\\\/www.virtasenmaalitehdas.fi\\\/sv\\\/aterforsaljare\\\/#breadcrumb\"},\"inLanguage\":\"sv-SE\",\"potentialAction\":[{\"@type\":\"ReadAction\",\"target\":[\"https:\\\/\\\/www.virtasenmaalitehdas.fi\\\/sv\\\/aterforsaljare\\\/\"]}]},{\"@type\":\"BreadcrumbList\",\"@id\":\"https:\\\/\\\/www.virtasenmaalitehdas.fi\\\/sv\\\/aterforsaljare\\\/#breadcrumb\",\"itemListElement\":[{\"@type\":\"ListItem\",\"position\":1,\"name\":\"Home\",\"item\":\"https:\\\/\\\/www.virtasenmaalitehdas.fi\\\/sv\\\/\"},{\"@type\":\"ListItem\",\"position\":2,\"name\":\"\u00c5terf\u00f6rs\u00e4ljare\"}]},{\"@type\":\"WebSite\",\"@id\":\"https:\\\/\\\/www.virtasenmaalitehdas.fi\\\/sv\\\/#website\",\"url\":\"https:\\\/\\\/www.virtasenmaalitehdas.fi\\\/sv\\\/\",\"name\":\"Virtasen Maalitehdas\",\"description\":\"Luonnonmukaiset, hengitt\u00e4v\u00e4t maalimme suojelevat perhett\u00e4 ja puuta. Maali, joka kest\u00e4\u00e4 saariston karuissa ja kosteissa olosuhteissa, kest\u00e4\u00e4 miss\u00e4 vaan!\",\"potentialAction\":[{\"@type\":\"SearchAction\",\"target\":{\"@type\":\"EntryPoint\",\"urlTemplate\":\"https:\\\/\\\/www.virtasenmaalitehdas.fi\\\/sv\\\/?s={search_term_string}\"},\"query-input\":{\"@type\":\"PropertyValueSpecification\",\"valueRequired\":true,\"valueName\":\"search_term_string\"}}],\"inLanguage\":\"sv-SE\"}]}<\/script>\n<!-- \/ Yoast SEO Premium plugin. -->","yoast_head_json":{"title":"\u00c5terf\u00f6rs\u00e4ljare - Virtasen Maalitehdas","description":"H\u00f6gkvalitativa n\u00e4tverk av f\u00e4rghandlare t\u00e4cker hela Finland. Kolla in din n\u00e4rmaste \u00e5terf\u00f6rs\u00e4ljare! Platsfunktionen fungerar b\u00e4st p\u00e5 mobilen.","robots":{"index":"index","follow":"follow","max-snippet":"max-snippet:-1","max-image-preview":"max-image-preview:large","max-video-preview":"max-video-preview:-1"},"canonical":"https:\/\/www.virtasenmaalitehdas.fi\/sv\/aterforsaljare\/","og_locale":"sv_SE","og_type":"article","og_title":"\u00c5terf\u00f6rs\u00e4ljare","og_description":"H\u00f6gkvalitativa n\u00e4tverk av f\u00e4rghandlare t\u00e4cker hela Finland. Kolla in din n\u00e4rmaste \u00e5terf\u00f6rs\u00e4ljare! Platsfunktionen fungerar b\u00e4st p\u00e5 mobilen.","og_url":"https:\/\/www.virtasenmaalitehdas.fi\/sv\/aterforsaljare\/","og_site_name":"Virtasen Maalitehdas","article_modified_time":"2025-06-17T07:35:04+00:00","twitter_card":"summary_large_image","schema":{"@context":"https:\/\/schema.org","@graph":[{"@type":"WebPage","@id":"https:\/\/www.virtasenmaalitehdas.fi\/sv\/aterforsaljare\/","url":"https:\/\/www.virtasenmaalitehdas.fi\/sv\/aterforsaljare\/","name":"\u00c5terf\u00f6rs\u00e4ljare - Virtasen Maalitehdas","isPartOf":{"@id":"https:\/\/www.virtasenmaalitehdas.fi\/sv\/#website"},"datePublished":"2024-08-09T07:08:21+00:00","dateModified":"2025-06-17T07:35:04+00:00","description":"H\u00f6gkvalitativa n\u00e4tverk av f\u00e4rghandlare t\u00e4cker hela Finland. Kolla in din n\u00e4rmaste \u00e5terf\u00f6rs\u00e4ljare! Platsfunktionen fungerar b\u00e4st p\u00e5 mobilen.","breadcrumb":{"@id":"https:\/\/www.virtasenmaalitehdas.fi\/sv\/aterforsaljare\/#breadcrumb"},"inLanguage":"sv-SE","potentialAction":[{"@type":"ReadAction","target":["https:\/\/www.virtasenmaalitehdas.fi\/sv\/aterforsaljare\/"]}]},{"@type":"BreadcrumbList","@id":"https:\/\/www.virtasenmaalitehdas.fi\/sv\/aterforsaljare\/#breadcrumb","itemListElement":[{"@type":"ListItem","position":1,"name":"Home","item":"https:\/\/www.virtasenmaalitehdas.fi\/sv\/"},{"@type":"ListItem","position":2,"name":"\u00c5terf\u00f6rs\u00e4ljare"}]},{"@type":"WebSite","@id":"https:\/\/www.virtasenmaalitehdas.fi\/sv\/#website","url":"https:\/\/www.virtasenmaalitehdas.fi\/sv\/","name":"Virtasen Maalitehdas","description":"Luonnonmukaiset, hengitt\u00e4v\u00e4t maalimme suojelevat perhett\u00e4 ja puuta. Maali, joka kest\u00e4\u00e4 saariston karuissa ja kosteissa olosuhteissa, kest\u00e4\u00e4 miss\u00e4 vaan!","potentialAction":[{"@type":"SearchAction","target":{"@type":"EntryPoint","urlTemplate":"https:\/\/www.virtasenmaalitehdas.fi\/sv\/?s={search_term_string}"},"query-input":{"@type":"PropertyValueSpecification","valueRequired":true,"valueName":"search_term_string"}}],"inLanguage":"sv-SE"}]}},"_links":{"self":[{"href":"https:\/\/www.virtasenmaalitehdas.fi\/sv\/wp-json\/wp\/v2\/pages\/266","targetHints":{"allow":["GET"]}}],"collection":[{"href":"https:\/\/www.virtasenmaalitehdas.fi\/sv\/wp-json\/wp\/v2\/pages"}],"about":[{"href":"https:\/\/www.virtasenmaalitehdas.fi\/sv\/wp-json\/wp\/v2\/types\/page"}],"author":[{"embeddable":true,"href":"https:\/\/www.virtasenmaalitehdas.fi\/sv\/wp-json\/wp\/v2\/users\/1"}],"replies":[{"embeddable":true,"href":"https:\/\/www.virtasenmaalitehdas.fi\/sv\/wp-json\/wp\/v2\/comments?post=266"}],"version-history":[{"count":5,"href":"https:\/\/www.virtasenmaalitehdas.fi\/sv\/wp-json\/wp\/v2\/pages\/266\/revisions"}],"predecessor-version":[{"id":26841,"href":"https:\/\/www.virtasenmaalitehdas.fi\/sv\/wp-json\/wp\/v2\/pages\/266\/revisions\/26841"}],"wp:attachment":[{"href":"https:\/\/www.virtasenmaalitehdas.fi\/sv\/wp-json\/wp\/v2\/media?parent=266"}],"curies":[{"name":"wp","href":"https:\/\/api.w.org\/{rel}","templated":true}]}}