{"id":26830,"date":"2024-05-31T05:52:44","date_gmt":"2024-05-31T05:52:44","guid":{"rendered":"https:\/\/www.virtasenmaalitehdas.fi\/?page_id=26830"},"modified":"2025-06-18T06:07:27","modified_gmt":"2025-06-18T06:07:27","slug":"hyva-pyykki","status":"publish","type":"page","link":"https:\/\/www.virtasenmaalitehdas.fi\/sv\/hyva-pyykki\/","title":{"rendered":"Hyv\u00e4 pyykki"},"content":{"rendered":"<section\n    class=\"page-banner page-banner-block page-banner-layout-default page-banner-masked page-banner-align-center page-banner-image-position-default\"\n>\n    <img decoding=\"async\"\n        src=\"https:\/\/www.virtasenmaalitehdas.fi\/app\/uploads\/2024\/05\/hyvapyykki_hero.jpg\"\n        srcset=\"https:\/\/www.virtasenmaalitehdas.fi\/app\/uploads\/2024\/05\/hyvapyykki_hero.jpg 1920w, https:\/\/www.virtasenmaalitehdas.fi\/app\/uploads\/2024\/05\/hyvapyykki_hero-300x169.jpg 300w, https:\/\/www.virtasenmaalitehdas.fi\/app\/uploads\/2024\/05\/hyvapyykki_hero-1024x576.jpg 1024w, https:\/\/www.virtasenmaalitehdas.fi\/app\/uploads\/2024\/05\/hyvapyykki_hero-768x432.jpg 768w, https:\/\/www.virtasenmaalitehdas.fi\/app\/uploads\/2024\/05\/hyvapyykki_hero-1536x864.jpg 1536w\"\n        sizes=\"(max-width: 1920px) 100vw, 1920px\"\n        alt=\"\"\n            >\n        \n        <div class=\"banner-container\">\n        <div class=\"wrap wrap-default\">\n            <div class=\"banner-content\">\n                            <h1\n    class=\"title title-large color-black \"\n>\n    Hyv\u00e4 Pyykki det luktfria och zeolitfria tv\u00e4ttpulvret\n<\/h1>\n                                        <p>Skonsamt men \u00e4nd\u00e5 effektivt tv\u00e4ttpulver f\u00f6r dig, din tv\u00e4tt samt din tv\u00e4ttmaskin<\/p>\n\n                                        <div class=\"has-buttons\">\n                                                        <div>\n                        <a\n    href=\"https:\/\/www.virtasenmaalitehdas.fi\/sv\/hyva-pyykki\/hyva-pyykki-aterforsaljare\/\"\n    class=\"btn green \"\n>\n    \u00c5terf\u00f6rs\u00e4ljare\n<\/a>\n                    <\/div>\n                                                    <\/div>\n                        <\/div>\n        <\/div>\n    <\/div>\n<\/section>\n\n\n<section class=\"align wp-block-image-and-text \">\n    <div class=\"wrap wrap-default\">\n            <div class=\"flex row-reverse\">\n            <div class=\"flex-item six\">\n                                    <div class=\"image keep\">\n                    <img decoding=\"async\"\n        src=\"https:\/\/www.virtasenmaalitehdas.fi\/app\/uploads\/2020\/12\/Hyva-Pyykki-9kg_Final_XS.png\"\n        srcset=\"\"\n        sizes=\"(max-width: 600px) 100vw, 600px\"\n        alt=\"\"\n            >\n        \n                <\/div>\n                                <\/div>\n            <div class=\"flex-item six\">\n                <div class=\"contentcontainer\">\n                            <h2\n    class=\"title title-medium color-green \"\n>\n    Virtasen Hyv\u00e4 Pyykki pyykinpesujauhe\n<\/h2>\n                            <div class=\"text theme-green\">\n                        <p><strong>Pakkaukseen sis\u00e4ltyy<\/strong><\/p>\n<ul>\n<li>Pesuntehostaja (valkopyykille)<\/li>\n<li>Pesukoneen puhdistusaine<\/li>\n<\/ul>\n<p><strong>Pakkauskoot:<\/strong><\/p>\n<p>5kg \/ 8kg \/ 20kg<\/p>\n\n                    <\/div>\n                       <\/div>\n            <\/div>\n        <\/div>\n            <div class=\"flex \">\n            <div class=\"flex-item six\">\n                                    <div class=\"image video\">\n                    <img decoding=\"async\"\n        src=\"https:\/\/www.virtasenmaalitehdas.fi\/app\/uploads\/2013\/02\/hyvapyykki.jpg\"\n        srcset=\"\"\n        sizes=\"(max-width: 370px) 100vw, 370px\"\n        alt=\"\"\n            >\n        \n                <\/div>\n                                <\/div>\n            <div class=\"flex-item six\">\n                <div class=\"contentcontainer\">\n                            <h2\n    class=\"title title-medium color-green \"\n>\n    Sopii erityisen hyvin allergikko- ja lapsiperheille\n<\/h2>\n                            <div class=\"text theme-green\">\n                        <p>Hyv\u00e4 Pyykki on Virtasen Maalitehtaan valmistama pyykinpesuaine, joka sopii erityisen hyvin allergikko- ja lapsiperheille.<\/p>\n<p>Siihen ei ole lis\u00e4tty hajusteita tai muita lis\u00e4aineita, eik\u00e4 se sis\u00e4ll\u00e4 zeoliittia.<\/p>\n<p>T\u00e4st\u00e4 pyykinpesuaineesta ei j\u00e4\u00e4 vaatteisiin tai hengitysilmaan p\u00f6ly\u00e4, eik\u00e4 ihoa \u00e4rsytt\u00e4vi\u00e4 tai pesukonetta vahingoittavia aineita.<\/p>\n\n                    <\/div>\n                       <\/div>\n            <\/div>\n        <\/div>\n            <div class=\"flex row-reverse\">\n            <div class=\"flex-item six\">\n                                    <div class=\"image video\">\n                    <img decoding=\"async\"\n        src=\"https:\/\/www.virtasenmaalitehdas.fi\/app\/uploads\/2018\/08\/Pyykkikone_500px.jpg\"\n        srcset=\"https:\/\/www.virtasenmaalitehdas.fi\/app\/uploads\/2018\/08\/Pyykkikone_500px.jpg 800w, https:\/\/www.virtasenmaalitehdas.fi\/app\/uploads\/2018\/08\/Pyykkikone_500px-768x480.jpg 768w\"\n        sizes=\"(max-width: 800px) 100vw, 800px\"\n        alt=\"\"\n            >\n        \n                <\/div>\n                                <\/div>\n            <div class=\"flex-item six\">\n                <div class=\"contentcontainer\">\n                            <h2\n    class=\"title title-medium color-green \"\n>\n    Hyv\u00e4 Pyykki puhdistaa pilaamatta pesukonettasi\n<\/h2>\n                            <div class=\"text theme-green\">\n                        <p>Pyykinpesujauhe joka sis\u00e4lt\u00e4\u00e4 hajusteita ja zeoliittia aiheuttaa monelle ihon kutinaa ja jopa pahaa ihottumaa.<\/p>\n<p>Moni on p\u00e4\u00e4ssyt eroon ihottumastaan vaihtamalla hajuttomaan ja zeoliitittomaan Hyv\u00e4 Pyykki pyykinpesuaineeseen.<\/p>\n<p>Kokeile olisiko siit\u00e4 apua my\u00f6s Sinulle.<\/p>\n\n                    <\/div>\n                       <\/div>\n            <\/div>\n        <\/div>\n            <div class=\"flex \">\n            <div class=\"flex-item six\">\n                                    <div class=\"image video\">\n                    <img decoding=\"async\"\n        src=\"https:\/\/www.virtasenmaalitehdas.fi\/app\/uploads\/2018\/08\/Pyykkipojat-vanha_500px.jpg\"\n        srcset=\"https:\/\/www.virtasenmaalitehdas.fi\/app\/uploads\/2018\/08\/Pyykkipojat-vanha_500px.jpg 800w, https:\/\/www.virtasenmaalitehdas.fi\/app\/uploads\/2018\/08\/Pyykkipojat-vanha_500px-768x480.jpg 768w\"\n        sizes=\"(max-width: 800px) 100vw, 800px\"\n        alt=\"\"\n            >\n        \n                <\/div>\n                                <\/div>\n            <div class=\"flex-item six\">\n                <div class=\"contentcontainer\">\n                            <h2\n    class=\"title title-medium color-green \"\n>\n    Virtasen Hyv\u00e4 Pyykist\u00e4 sanottua\n<\/h2>\n                            <div class=\"text theme-green\">\n                        <p><em>Jo l\u00f6ytyi pyykinpesuaine, joka ei kutia. Kokeiltu on muut ns. Ihoyst\u00e4v\u00e4lliset pesujauheet. Siirrytty\u00e4ni Hyv\u00e4 Pyykkiin loppui kutinat. Ja mik\u00e4 mukavinta, hintakin on huomattavasti edullisempi kuin muilla pesuaineilla.<\/em> \u2013 <strong><em>Risto<\/em> <\/strong><\/p>\n<p><em>Olen nyt k\u00e4ytt\u00e4nyt t\u00e4t\u00e4 jo useamman vuoden ja olen eritt\u00e4in tyytyv\u00e4inen t\u00e4h\u00e4n. Poika ei ole saanut n\u00e4ppyj\u00e4 pesuaineesta, pulveri sopii niin valko- kuin kirjopyykillekin ja konekin pysyy kunnossa. \u2013 <strong>Arja<\/strong><\/em><\/p>\n\n                    <\/div>\n                       <\/div>\n            <\/div>\n        <\/div>\n            <div class=\"flex row-reverse\">\n            <div class=\"flex-item six\">\n                                    <div class=\"image video\">\n                    <img decoding=\"async\"\n        src=\"https:\/\/www.virtasenmaalitehdas.fi\/app\/uploads\/2018\/08\/Hyva-Pyykki-Pesulassa.jpg\"\n        srcset=\"https:\/\/www.virtasenmaalitehdas.fi\/app\/uploads\/2018\/08\/Hyva-Pyykki-Pesulassa.jpg 800w, https:\/\/www.virtasenmaalitehdas.fi\/app\/uploads\/2018\/08\/Hyva-Pyykki-Pesulassa-768x480.jpg 768w\"\n        sizes=\"(max-width: 800px) 100vw, 800px\"\n        alt=\"\"\n            >\n        \n                <\/div>\n                                <\/div>\n            <div class=\"flex-item six\">\n                <div class=\"contentcontainer\">\n                            <h2\n    class=\"title title-medium color-green \"\n>\n    Hyv\u00e4 Pyykki pesulak\u00e4yt\u00f6ss\u00e4\n<\/h2>\n                            <div class=\"text theme-green\">\n                        <p>Hyv\u00e4 Pyykki pesujauhetta k\u00e4ytt\u00e4\u00e4 my\u00f6s yh\u00e4 useampi pesula. Pesuloille on t\u00e4rke\u00e4t\u00e4, ett\u00e4 koneet pysyv\u00e4t puhtaina ja raikkaina ja kest\u00e4v\u00e4t rikkoutumatta vuodesta toiseen.<\/p>\n<p>Hyv\u00e4 Pyykki\u00e4 on saatavana eri entsyymivahvuuksilla 20 kg:n pakkauksissa.<\/p>\n<p>Hyv\u00e4 Pyykki Entsyymi 1 on pyykinpesujauhetta joka soveltuu normaalipyykille pesulak\u00e4yt\u00f6ss\u00e4. Hyv\u00e4 Pyykki Entsyymi 5 soveltuu todellisen ongelmapyykin pesuun.<\/p>\n\n                    <\/div>\n                       <\/div>\n            <\/div>\n        <\/div>\n        <\/div>\n<\/section>\n\n\n<section class=\"align wp-block-text\">\n    <div class=\"wrap wrap-small\">\n        <h2\n    class=\"title title-medium color-green \"\n>\n    Komission asetuksen (EU) 907\/2006 mukainen ainesosaluettelo:\n<\/h2>\n    <div class=\"text theme-green\">\n        <p>Sodium carbonate, Sodium sulphate, Trisodium dicarboxymethyl alaninate, Sodium silicate, Sodium Tallowate, Sodium Cocoate, Laureth-3, Laureth-9, Protease, Amylase, Silica.<\/p>\n<p>Hyv\u00e4 Pyykiss\u00e4 ei k\u00e4ytet\u00e4 metyyli-isotiatsolinonia s\u00e4il\u00f6nt\u00e4aineena.<\/p>\n\n    <\/div>\n    <\/div>\n<\/section>\n\n\n<section class=\"align wp-block-share\">\n    <div class=\"some-share\">\n    <h2> Jaa somessa: <\/h2>\n    <div class=\"logo facebook\"><i class=\"fa-brands fa-facebook-f\"><\/i><\/div>\n    <div class=\"logo instagram\"><i class=\"fa-brands fa-instagram\"><\/i><\/div>\n    <div class=\"logo x\"><i class=\"fa-brands fa-x-twitter\"><\/i><\/div>\n    <div class=\"logo pinterest\"><i class=\"fa-brands fa-pinterest\"><\/i><\/div>\n    <div class=\"logo whatsapp\"><i class=\"fa-brands fa-whatsapp\"><\/i><\/div>\n<\/div>\n<\/section>\n\n\n<section class=\"align wp-block-text\">\n    <div class=\"wrap wrap-small\">\n        <h2\n    class=\"title title-medium color-black title-centered\"\n>\n    Hyv\u00e4 Pyykki-pesuaine j\u00e4lleenmyyj\u00e4t\n<\/h2>\n    <div class=\"text theme-black\">\n        <p style=\"text-align: center;\">Osta J\u00e4lleenmyyjilt\u00e4mme, mutta jos et l\u00f6yd\u00e4 Hyv\u00e4 Pyykki j\u00e4lleenmyyj\u00e4\u00e4 l\u00e4helt\u00e4si, voit tilata Hyv\u00e4\u00e4 Pyykki\u00e4 suoraan tehtaalta <a href=\"mailto:info@virtasenmaalitehdas.fi\">info@virtasenmaalitehdas.fi\u00a0<\/a><\/p>\n\n    <\/div>\n    <div\n        class=\"has-buttons centered\"\n    >\n                    <div>\n            <a\n    href=\"https:\/\/www.virtasenmaalitehdas.fi\/hyva-pyykki\/hyva-pyykki-pesuaine-jalleenmyyjat\/\"\n    class=\"btn green \"\n>\n    J\u00e4lleenmyyj\u00e4t\n<\/a>\n        <\/div>\n                <\/div>\n    <\/div>\n<\/section>\n","protected":false},"excerpt":{"rendered":"","protected":false},"author":1,"featured_media":215,"parent":0,"menu_order":0,"comment_status":"closed","ping_status":"closed","template":"","meta":{"_acf_changed":false,"footnotes":""},"class_list":["post-26830","page","type-page","status-publish","has-post-thumbnail","hentry"],"acf":[],"yoast_head":"<!-- This site is optimized with the Yoast SEO Premium plugin v25.8 (Yoast SEO v27.5) - https:\/\/yoast.com\/product\/yoast-seo-premium-wordpress\/ -->\n<title>Hyv\u00e4 pyykki - Virtasen Maalitehdas<\/title>\n<meta name=\"description\" content=\"Hyv\u00e4 Pyykki det luktfria och zeolitfria tv\u00e4ttpulvret. Skonsamt men \u00e4nd\u00e5 effektivt tv\u00e4ttpulver f\u00f6r dig, din tv\u00e4tt samt din tv\u00e4ttmaskin.\" \/>\n<meta name=\"robots\" content=\"index, follow, max-snippet:-1, max-image-preview:large, max-video-preview:-1\" \/>\n<link rel=\"canonical\" href=\"https:\/\/www.virtasenmaalitehdas.fi\/sv\/hyva-pyykki\/\" \/>\n<meta property=\"og:locale\" content=\"sv_SE\" \/>\n<meta property=\"og:type\" content=\"article\" \/>\n<meta property=\"og:title\" content=\"Hyv\u00e4 pyykki\" \/>\n<meta property=\"og:description\" content=\"Hyv\u00e4 Pyykki det luktfria och zeolitfria tv\u00e4ttpulvret. Skonsamt men \u00e4nd\u00e5 effektivt tv\u00e4ttpulver f\u00f6r dig, din tv\u00e4tt samt din tv\u00e4ttmaskin.\" \/>\n<meta property=\"og:url\" content=\"https:\/\/www.virtasenmaalitehdas.fi\/sv\/hyva-pyykki\/\" \/>\n<meta property=\"og:site_name\" content=\"Virtasen Maalitehdas\" \/>\n<meta property=\"article:modified_time\" content=\"2025-06-18T06:07:27+00:00\" \/>\n<meta property=\"og:image\" content=\"https:\/\/www.virtasenmaalitehdas.fi\/app\/uploads\/2024\/05\/hyvapyykki_hero.jpg\" \/>\n\t<meta property=\"og:image:width\" content=\"1920\" \/>\n\t<meta property=\"og:image:height\" content=\"1080\" \/>\n\t<meta property=\"og:image:type\" content=\"image\/jpeg\" \/>\n<meta name=\"twitter:card\" content=\"summary_large_image\" \/>\n<meta name=\"twitter:label1\" content=\"Est. reading time\" \/>\n\t<meta name=\"twitter:data1\" content=\"1 minute\" \/>\n<script type=\"application\/ld+json\" class=\"yoast-schema-graph\">{\"@context\":\"https:\\\/\\\/schema.org\",\"@graph\":[{\"@type\":\"WebPage\",\"@id\":\"https:\\\/\\\/www.virtasenmaalitehdas.fi\\\/sv\\\/hyva-pyykki\\\/\",\"url\":\"https:\\\/\\\/www.virtasenmaalitehdas.fi\\\/sv\\\/hyva-pyykki\\\/\",\"name\":\"Hyv\u00e4 pyykki - Virtasen Maalitehdas\",\"isPartOf\":{\"@id\":\"https:\\\/\\\/www.virtasenmaalitehdas.fi\\\/sv\\\/#website\"},\"primaryImageOfPage\":{\"@id\":\"https:\\\/\\\/www.virtasenmaalitehdas.fi\\\/sv\\\/hyva-pyykki\\\/#primaryimage\"},\"image\":{\"@id\":\"https:\\\/\\\/www.virtasenmaalitehdas.fi\\\/sv\\\/hyva-pyykki\\\/#primaryimage\"},\"thumbnailUrl\":\"https:\\\/\\\/www.virtasenmaalitehdas.fi\\\/app\\\/uploads\\\/2024\\\/05\\\/hyvapyykki_hero.jpg\",\"datePublished\":\"2024-05-31T05:52:44+00:00\",\"dateModified\":\"2025-06-18T06:07:27+00:00\",\"description\":\"Hyv\u00e4 Pyykki det luktfria och zeolitfria tv\u00e4ttpulvret. Skonsamt men \u00e4nd\u00e5 effektivt tv\u00e4ttpulver f\u00f6r dig, din tv\u00e4tt samt din tv\u00e4ttmaskin.\",\"breadcrumb\":{\"@id\":\"https:\\\/\\\/www.virtasenmaalitehdas.fi\\\/sv\\\/hyva-pyykki\\\/#breadcrumb\"},\"inLanguage\":\"sv-SE\",\"potentialAction\":[{\"@type\":\"ReadAction\",\"target\":[\"https:\\\/\\\/www.virtasenmaalitehdas.fi\\\/sv\\\/hyva-pyykki\\\/\"]}]},{\"@type\":\"ImageObject\",\"inLanguage\":\"sv-SE\",\"@id\":\"https:\\\/\\\/www.virtasenmaalitehdas.fi\\\/sv\\\/hyva-pyykki\\\/#primaryimage\",\"url\":\"https:\\\/\\\/www.virtasenmaalitehdas.fi\\\/app\\\/uploads\\\/2024\\\/05\\\/hyvapyykki_hero.jpg\",\"contentUrl\":\"https:\\\/\\\/www.virtasenmaalitehdas.fi\\\/app\\\/uploads\\\/2024\\\/05\\\/hyvapyykki_hero.jpg\",\"width\":1920,\"height\":1080},{\"@type\":\"BreadcrumbList\",\"@id\":\"https:\\\/\\\/www.virtasenmaalitehdas.fi\\\/sv\\\/hyva-pyykki\\\/#breadcrumb\",\"itemListElement\":[{\"@type\":\"ListItem\",\"position\":1,\"name\":\"Home\",\"item\":\"https:\\\/\\\/www.virtasenmaalitehdas.fi\\\/sv\\\/\"},{\"@type\":\"ListItem\",\"position\":2,\"name\":\"Hyv\u00e4 pyykki\"}]},{\"@type\":\"WebSite\",\"@id\":\"https:\\\/\\\/www.virtasenmaalitehdas.fi\\\/sv\\\/#website\",\"url\":\"https:\\\/\\\/www.virtasenmaalitehdas.fi\\\/sv\\\/\",\"name\":\"Virtasen Maalitehdas\",\"description\":\"Luonnonmukaiset, hengitt\u00e4v\u00e4t maalimme suojelevat perhett\u00e4 ja puuta. Maali, joka kest\u00e4\u00e4 saariston karuissa ja kosteissa olosuhteissa, kest\u00e4\u00e4 miss\u00e4 vaan!\",\"potentialAction\":[{\"@type\":\"SearchAction\",\"target\":{\"@type\":\"EntryPoint\",\"urlTemplate\":\"https:\\\/\\\/www.virtasenmaalitehdas.fi\\\/sv\\\/?s={search_term_string}\"},\"query-input\":{\"@type\":\"PropertyValueSpecification\",\"valueRequired\":true,\"valueName\":\"search_term_string\"}}],\"inLanguage\":\"sv-SE\"}]}<\/script>\n<!-- \/ Yoast SEO Premium plugin. -->","yoast_head_json":{"title":"Hyv\u00e4 pyykki - Virtasen Maalitehdas","description":"Hyv\u00e4 Pyykki det luktfria och zeolitfria tv\u00e4ttpulvret. Skonsamt men \u00e4nd\u00e5 effektivt tv\u00e4ttpulver f\u00f6r dig, din tv\u00e4tt samt din tv\u00e4ttmaskin.","robots":{"index":"index","follow":"follow","max-snippet":"max-snippet:-1","max-image-preview":"max-image-preview:large","max-video-preview":"max-video-preview:-1"},"canonical":"https:\/\/www.virtasenmaalitehdas.fi\/sv\/hyva-pyykki\/","og_locale":"sv_SE","og_type":"article","og_title":"Hyv\u00e4 pyykki","og_description":"Hyv\u00e4 Pyykki det luktfria och zeolitfria tv\u00e4ttpulvret. Skonsamt men \u00e4nd\u00e5 effektivt tv\u00e4ttpulver f\u00f6r dig, din tv\u00e4tt samt din tv\u00e4ttmaskin.","og_url":"https:\/\/www.virtasenmaalitehdas.fi\/sv\/hyva-pyykki\/","og_site_name":"Virtasen Maalitehdas","article_modified_time":"2025-06-18T06:07:27+00:00","og_image":[{"width":1920,"height":1080,"url":"https:\/\/www.virtasenmaalitehdas.fi\/app\/uploads\/2024\/05\/hyvapyykki_hero.jpg","type":"image\/jpeg"}],"twitter_card":"summary_large_image","twitter_misc":{"Est. reading time":"1 minute"},"schema":{"@context":"https:\/\/schema.org","@graph":[{"@type":"WebPage","@id":"https:\/\/www.virtasenmaalitehdas.fi\/sv\/hyva-pyykki\/","url":"https:\/\/www.virtasenmaalitehdas.fi\/sv\/hyva-pyykki\/","name":"Hyv\u00e4 pyykki - Virtasen Maalitehdas","isPartOf":{"@id":"https:\/\/www.virtasenmaalitehdas.fi\/sv\/#website"},"primaryImageOfPage":{"@id":"https:\/\/www.virtasenmaalitehdas.fi\/sv\/hyva-pyykki\/#primaryimage"},"image":{"@id":"https:\/\/www.virtasenmaalitehdas.fi\/sv\/hyva-pyykki\/#primaryimage"},"thumbnailUrl":"https:\/\/www.virtasenmaalitehdas.fi\/app\/uploads\/2024\/05\/hyvapyykki_hero.jpg","datePublished":"2024-05-31T05:52:44+00:00","dateModified":"2025-06-18T06:07:27+00:00","description":"Hyv\u00e4 Pyykki det luktfria och zeolitfria tv\u00e4ttpulvret. Skonsamt men \u00e4nd\u00e5 effektivt tv\u00e4ttpulver f\u00f6r dig, din tv\u00e4tt samt din tv\u00e4ttmaskin.","breadcrumb":{"@id":"https:\/\/www.virtasenmaalitehdas.fi\/sv\/hyva-pyykki\/#breadcrumb"},"inLanguage":"sv-SE","potentialAction":[{"@type":"ReadAction","target":["https:\/\/www.virtasenmaalitehdas.fi\/sv\/hyva-pyykki\/"]}]},{"@type":"ImageObject","inLanguage":"sv-SE","@id":"https:\/\/www.virtasenmaalitehdas.fi\/sv\/hyva-pyykki\/#primaryimage","url":"https:\/\/www.virtasenmaalitehdas.fi\/app\/uploads\/2024\/05\/hyvapyykki_hero.jpg","contentUrl":"https:\/\/www.virtasenmaalitehdas.fi\/app\/uploads\/2024\/05\/hyvapyykki_hero.jpg","width":1920,"height":1080},{"@type":"BreadcrumbList","@id":"https:\/\/www.virtasenmaalitehdas.fi\/sv\/hyva-pyykki\/#breadcrumb","itemListElement":[{"@type":"ListItem","position":1,"name":"Home","item":"https:\/\/www.virtasenmaalitehdas.fi\/sv\/"},{"@type":"ListItem","position":2,"name":"Hyv\u00e4 pyykki"}]},{"@type":"WebSite","@id":"https:\/\/www.virtasenmaalitehdas.fi\/sv\/#website","url":"https:\/\/www.virtasenmaalitehdas.fi\/sv\/","name":"Virtasen Maalitehdas","description":"Luonnonmukaiset, hengitt\u00e4v\u00e4t maalimme suojelevat perhett\u00e4 ja puuta. Maali, joka kest\u00e4\u00e4 saariston karuissa ja kosteissa olosuhteissa, kest\u00e4\u00e4 miss\u00e4 vaan!","potentialAction":[{"@type":"SearchAction","target":{"@type":"EntryPoint","urlTemplate":"https:\/\/www.virtasenmaalitehdas.fi\/sv\/?s={search_term_string}"},"query-input":{"@type":"PropertyValueSpecification","valueRequired":true,"valueName":"search_term_string"}}],"inLanguage":"sv-SE"}]}},"_links":{"self":[{"href":"https:\/\/www.virtasenmaalitehdas.fi\/sv\/wp-json\/wp\/v2\/pages\/26830","targetHints":{"allow":["GET"]}}],"collection":[{"href":"https:\/\/www.virtasenmaalitehdas.fi\/sv\/wp-json\/wp\/v2\/pages"}],"about":[{"href":"https:\/\/www.virtasenmaalitehdas.fi\/sv\/wp-json\/wp\/v2\/types\/page"}],"author":[{"embeddable":true,"href":"https:\/\/www.virtasenmaalitehdas.fi\/sv\/wp-json\/wp\/v2\/users\/1"}],"replies":[{"embeddable":true,"href":"https:\/\/www.virtasenmaalitehdas.fi\/sv\/wp-json\/wp\/v2\/comments?post=26830"}],"version-history":[{"count":6,"href":"https:\/\/www.virtasenmaalitehdas.fi\/sv\/wp-json\/wp\/v2\/pages\/26830\/revisions"}],"predecessor-version":[{"id":27309,"href":"https:\/\/www.virtasenmaalitehdas.fi\/sv\/wp-json\/wp\/v2\/pages\/26830\/revisions\/27309"}],"wp:featuredmedia":[{"embeddable":true,"href":"https:\/\/www.virtasenmaalitehdas.fi\/sv\/wp-json\/wp\/v2\/media\/215"}],"wp:attachment":[{"href":"https:\/\/www.virtasenmaalitehdas.fi\/sv\/wp-json\/wp\/v2\/media?parent=26830"}],"curies":[{"name":"wp","href":"https:\/\/api.w.org\/{rel}","templated":true}]}}