{"id":382,"date":"2024-10-29T06:47:26","date_gmt":"2024-10-29T06:47:26","guid":{"rendered":"http:\/\/localhost:8080\/varit\/"},"modified":"2025-06-17T07:45:46","modified_gmt":"2025-06-17T07:45:46","slug":"fargkarta","status":"publish","type":"page","link":"https:\/\/www.virtasenmaalitehdas.fi\/sv\/fargkarta\/","title":{"rendered":"F\u00e4rger"},"content":{"rendered":"<section class=\"align wp-block-text\">\n    <div class=\"wrap wrap-small\">\n        <h1\n    class=\"title title-medium color-red \"\n>\n    Virtasen F\u00e4rgkarta Sk\u00e4rg\u00e5rdens F\u00e4rger \u2013 In Och Ut\n<\/h1>\n    <div class=\"text theme-red\">\n        <p>Virtasen Sk\u00e4rg\u00e5rdens F\u00e4rger f\u00e4rgkartan \u00e5terspeglar v\u00e5r unika sk\u00e4rg\u00e5rds djupt rotade traditioner, dess k\u00e4nda och ok\u00e4nda kobbar, sk\u00e4r och naturhamnar. Sk\u00e4rg\u00e5rdens karga men \u00e4nd\u00e5 m\u00e5ngsidiga och vackra f\u00f6rh\u00e5llanden \u00e4r starkt representerade i f\u00e4rgkartans kul\u00f6rer.<\/p>\n<p>Virtasen Sk\u00e4rg\u00e5rdens F\u00e4rger baserar sig p\u00e5 NCS-nyanser, vilket garanterar kompatibilitet med de flesta brytningsmaskinerna. Samtliga v\u00e5ra utom- och inomhusf\u00e4rger kan brytas i f\u00e4rgkartans kul\u00f6rer.<\/p>\n\n    <\/div>\n    <\/div>\n<\/section>\n","protected":false},"excerpt":{"rendered":"","protected":false},"author":1,"featured_media":522,"parent":0,"menu_order":0,"comment_status":"closed","ping_status":"closed","template":"template-colors.blade.php","meta":{"_acf_changed":false,"footnotes":""},"class_list":["post-382","page","type-page","status-publish","has-post-thumbnail","hentry"],"acf":[],"yoast_head":"<!-- This site is optimized with the Yoast SEO Premium plugin v25.8 (Yoast SEO v27.3) - https:\/\/yoast.com\/product\/yoast-seo-premium-wordpress\/ -->\n<title>F\u00e4rger - Virtasen Maalitehdas<\/title>\n<meta name=\"description\" content=\"Virtasen Sk\u00e4rg\u00e5rdens F\u00e4rger baserar sig p\u00e5 NCS-nyanser, vilket garanterar kompatibilitet med de flesta brytningsmaskinerna.\" \/>\n<meta name=\"robots\" content=\"index, follow, max-snippet:-1, max-image-preview:large, max-video-preview:-1\" \/>\n<link rel=\"canonical\" href=\"https:\/\/www.virtasenmaalitehdas.fi\/sv\/fargkarta\/\" \/>\n<meta property=\"og:locale\" content=\"sv_SE\" \/>\n<meta property=\"og:type\" content=\"article\" \/>\n<meta property=\"og:title\" content=\"F\u00e4rger\" \/>\n<meta property=\"og:description\" content=\"Virtasen Sk\u00e4rg\u00e5rdens F\u00e4rger baserar sig p\u00e5 NCS-nyanser, vilket garanterar kompatibilitet med de flesta brytningsmaskinerna.\" \/>\n<meta property=\"og:url\" content=\"https:\/\/www.virtasenmaalitehdas.fi\/sv\/fargkarta\/\" \/>\n<meta property=\"og:site_name\" content=\"Virtasen Maalitehdas\" \/>\n<meta property=\"article:modified_time\" content=\"2025-06-17T07:45:46+00:00\" \/>\n<meta property=\"og:image\" content=\"https:\/\/www.virtasenmaalitehdas.fi\/app\/uploads\/2025\/02\/1_Uto_Sx.jpg\" \/>\n\t<meta property=\"og:image:width\" content=\"1920\" \/>\n\t<meta property=\"og:image:height\" content=\"670\" \/>\n\t<meta property=\"og:image:type\" content=\"image\/jpeg\" \/>\n<meta name=\"twitter:card\" content=\"summary_large_image\" \/>\n<meta name=\"twitter:label1\" content=\"Est. reading time\" \/>\n\t<meta name=\"twitter:data1\" content=\"1 minute\" \/>\n<script type=\"application\/ld+json\" class=\"yoast-schema-graph\">{\"@context\":\"https:\\\/\\\/schema.org\",\"@graph\":[{\"@type\":\"WebPage\",\"@id\":\"https:\\\/\\\/www.virtasenmaalitehdas.fi\\\/sv\\\/fargkarta\\\/\",\"url\":\"https:\\\/\\\/www.virtasenmaalitehdas.fi\\\/sv\\\/fargkarta\\\/\",\"name\":\"F\u00e4rger - Virtasen Maalitehdas\",\"isPartOf\":{\"@id\":\"https:\\\/\\\/www.virtasenmaalitehdas.fi\\\/sv\\\/#website\"},\"primaryImageOfPage\":{\"@id\":\"https:\\\/\\\/www.virtasenmaalitehdas.fi\\\/sv\\\/fargkarta\\\/#primaryimage\"},\"image\":{\"@id\":\"https:\\\/\\\/www.virtasenmaalitehdas.fi\\\/sv\\\/fargkarta\\\/#primaryimage\"},\"thumbnailUrl\":\"https:\\\/\\\/www.virtasenmaalitehdas.fi\\\/app\\\/uploads\\\/2025\\\/02\\\/1_Uto_Sx.jpg\",\"datePublished\":\"2024-10-29T06:47:26+00:00\",\"dateModified\":\"2025-06-17T07:45:46+00:00\",\"description\":\"Virtasen Sk\u00e4rg\u00e5rdens F\u00e4rger baserar sig p\u00e5 NCS-nyanser, vilket garanterar kompatibilitet med de flesta brytningsmaskinerna.\",\"breadcrumb\":{\"@id\":\"https:\\\/\\\/www.virtasenmaalitehdas.fi\\\/sv\\\/fargkarta\\\/#breadcrumb\"},\"inLanguage\":\"sv-SE\",\"potentialAction\":[{\"@type\":\"ReadAction\",\"target\":[\"https:\\\/\\\/www.virtasenmaalitehdas.fi\\\/sv\\\/fargkarta\\\/\"]}]},{\"@type\":\"ImageObject\",\"inLanguage\":\"sv-SE\",\"@id\":\"https:\\\/\\\/www.virtasenmaalitehdas.fi\\\/sv\\\/fargkarta\\\/#primaryimage\",\"url\":\"https:\\\/\\\/www.virtasenmaalitehdas.fi\\\/app\\\/uploads\\\/2025\\\/02\\\/1_Uto_Sx.jpg\",\"contentUrl\":\"https:\\\/\\\/www.virtasenmaalitehdas.fi\\\/app\\\/uploads\\\/2025\\\/02\\\/1_Uto_Sx.jpg\",\"width\":1920,\"height\":670},{\"@type\":\"BreadcrumbList\",\"@id\":\"https:\\\/\\\/www.virtasenmaalitehdas.fi\\\/sv\\\/fargkarta\\\/#breadcrumb\",\"itemListElement\":[{\"@type\":\"ListItem\",\"position\":1,\"name\":\"Home\",\"item\":\"https:\\\/\\\/www.virtasenmaalitehdas.fi\\\/sv\\\/\"},{\"@type\":\"ListItem\",\"position\":2,\"name\":\"F\u00e4rger\"}]},{\"@type\":\"WebSite\",\"@id\":\"https:\\\/\\\/www.virtasenmaalitehdas.fi\\\/sv\\\/#website\",\"url\":\"https:\\\/\\\/www.virtasenmaalitehdas.fi\\\/sv\\\/\",\"name\":\"Virtasen Maalitehdas\",\"description\":\"Luonnonmukaiset, hengitt\u00e4v\u00e4t maalimme suojelevat perhett\u00e4 ja puuta. Maali, joka kest\u00e4\u00e4 saariston karuissa ja kosteissa olosuhteissa, kest\u00e4\u00e4 miss\u00e4 vaan!\",\"potentialAction\":[{\"@type\":\"SearchAction\",\"target\":{\"@type\":\"EntryPoint\",\"urlTemplate\":\"https:\\\/\\\/www.virtasenmaalitehdas.fi\\\/sv\\\/?s={search_term_string}\"},\"query-input\":{\"@type\":\"PropertyValueSpecification\",\"valueRequired\":true,\"valueName\":\"search_term_string\"}}],\"inLanguage\":\"sv-SE\"}]}<\/script>\n<!-- \/ Yoast SEO Premium plugin. -->","yoast_head_json":{"title":"F\u00e4rger - Virtasen Maalitehdas","description":"Virtasen Sk\u00e4rg\u00e5rdens F\u00e4rger baserar sig p\u00e5 NCS-nyanser, vilket garanterar kompatibilitet med de flesta brytningsmaskinerna.","robots":{"index":"index","follow":"follow","max-snippet":"max-snippet:-1","max-image-preview":"max-image-preview:large","max-video-preview":"max-video-preview:-1"},"canonical":"https:\/\/www.virtasenmaalitehdas.fi\/sv\/fargkarta\/","og_locale":"sv_SE","og_type":"article","og_title":"F\u00e4rger","og_description":"Virtasen Sk\u00e4rg\u00e5rdens F\u00e4rger baserar sig p\u00e5 NCS-nyanser, vilket garanterar kompatibilitet med de flesta brytningsmaskinerna.","og_url":"https:\/\/www.virtasenmaalitehdas.fi\/sv\/fargkarta\/","og_site_name":"Virtasen Maalitehdas","article_modified_time":"2025-06-17T07:45:46+00:00","og_image":[{"width":1920,"height":670,"url":"https:\/\/www.virtasenmaalitehdas.fi\/app\/uploads\/2025\/02\/1_Uto_Sx.jpg","type":"image\/jpeg"}],"twitter_card":"summary_large_image","twitter_misc":{"Est. reading time":"1 minute"},"schema":{"@context":"https:\/\/schema.org","@graph":[{"@type":"WebPage","@id":"https:\/\/www.virtasenmaalitehdas.fi\/sv\/fargkarta\/","url":"https:\/\/www.virtasenmaalitehdas.fi\/sv\/fargkarta\/","name":"F\u00e4rger - Virtasen Maalitehdas","isPartOf":{"@id":"https:\/\/www.virtasenmaalitehdas.fi\/sv\/#website"},"primaryImageOfPage":{"@id":"https:\/\/www.virtasenmaalitehdas.fi\/sv\/fargkarta\/#primaryimage"},"image":{"@id":"https:\/\/www.virtasenmaalitehdas.fi\/sv\/fargkarta\/#primaryimage"},"thumbnailUrl":"https:\/\/www.virtasenmaalitehdas.fi\/app\/uploads\/2025\/02\/1_Uto_Sx.jpg","datePublished":"2024-10-29T06:47:26+00:00","dateModified":"2025-06-17T07:45:46+00:00","description":"Virtasen Sk\u00e4rg\u00e5rdens F\u00e4rger baserar sig p\u00e5 NCS-nyanser, vilket garanterar kompatibilitet med de flesta brytningsmaskinerna.","breadcrumb":{"@id":"https:\/\/www.virtasenmaalitehdas.fi\/sv\/fargkarta\/#breadcrumb"},"inLanguage":"sv-SE","potentialAction":[{"@type":"ReadAction","target":["https:\/\/www.virtasenmaalitehdas.fi\/sv\/fargkarta\/"]}]},{"@type":"ImageObject","inLanguage":"sv-SE","@id":"https:\/\/www.virtasenmaalitehdas.fi\/sv\/fargkarta\/#primaryimage","url":"https:\/\/www.virtasenmaalitehdas.fi\/app\/uploads\/2025\/02\/1_Uto_Sx.jpg","contentUrl":"https:\/\/www.virtasenmaalitehdas.fi\/app\/uploads\/2025\/02\/1_Uto_Sx.jpg","width":1920,"height":670},{"@type":"BreadcrumbList","@id":"https:\/\/www.virtasenmaalitehdas.fi\/sv\/fargkarta\/#breadcrumb","itemListElement":[{"@type":"ListItem","position":1,"name":"Home","item":"https:\/\/www.virtasenmaalitehdas.fi\/sv\/"},{"@type":"ListItem","position":2,"name":"F\u00e4rger"}]},{"@type":"WebSite","@id":"https:\/\/www.virtasenmaalitehdas.fi\/sv\/#website","url":"https:\/\/www.virtasenmaalitehdas.fi\/sv\/","name":"Virtasen Maalitehdas","description":"Luonnonmukaiset, hengitt\u00e4v\u00e4t maalimme suojelevat perhett\u00e4 ja puuta. Maali, joka kest\u00e4\u00e4 saariston karuissa ja kosteissa olosuhteissa, kest\u00e4\u00e4 miss\u00e4 vaan!","potentialAction":[{"@type":"SearchAction","target":{"@type":"EntryPoint","urlTemplate":"https:\/\/www.virtasenmaalitehdas.fi\/sv\/?s={search_term_string}"},"query-input":{"@type":"PropertyValueSpecification","valueRequired":true,"valueName":"search_term_string"}}],"inLanguage":"sv-SE"}]}},"_links":{"self":[{"href":"https:\/\/www.virtasenmaalitehdas.fi\/sv\/wp-json\/wp\/v2\/pages\/382","targetHints":{"allow":["GET"]}}],"collection":[{"href":"https:\/\/www.virtasenmaalitehdas.fi\/sv\/wp-json\/wp\/v2\/pages"}],"about":[{"href":"https:\/\/www.virtasenmaalitehdas.fi\/sv\/wp-json\/wp\/v2\/types\/page"}],"author":[{"embeddable":true,"href":"https:\/\/www.virtasenmaalitehdas.fi\/sv\/wp-json\/wp\/v2\/users\/1"}],"replies":[{"embeddable":true,"href":"https:\/\/www.virtasenmaalitehdas.fi\/sv\/wp-json\/wp\/v2\/comments?post=382"}],"version-history":[{"count":6,"href":"https:\/\/www.virtasenmaalitehdas.fi\/sv\/wp-json\/wp\/v2\/pages\/382\/revisions"}],"predecessor-version":[{"id":27097,"href":"https:\/\/www.virtasenmaalitehdas.fi\/sv\/wp-json\/wp\/v2\/pages\/382\/revisions\/27097"}],"wp:featuredmedia":[{"embeddable":true,"href":"https:\/\/www.virtasenmaalitehdas.fi\/sv\/wp-json\/wp\/v2\/media\/522"}],"wp:attachment":[{"href":"https:\/\/www.virtasenmaalitehdas.fi\/sv\/wp-json\/wp\/v2\/media?parent=382"}],"curies":[{"name":"wp","href":"https:\/\/api.w.org\/{rel}","templated":true}]}}