{"id":26815,"date":"2021-03-01T11:42:14","date_gmt":"2021-03-01T11:42:14","guid":{"rendered":"https:\/\/www.virtasenmaalitehdas.fi\/?post_type=product&#038;p=26815"},"modified":"2026-03-27T07:34:06","modified_gmt":"2026-03-27T07:34:06","slug":"virtasen-aimo-5-oljors-tacklasyr","status":"publish","type":"product","link":"https:\/\/www.virtasenmaalitehdas.fi\/sv\/produkt\/virtasen-aimo-5-oljors-tacklasyr\/","title":{"rendered":"Virtasen Aimo"},"content":{"rendered":"<section class=\"align wp-block-text\">\n    <div class=\"wrap wrap-small\">\n        <h2\n    class=\"title title-medium color-red \"\n>\n    D\u00e5 du vill ha det b\u00e4sta \u00e4r Virtasen Aimo det r\u00e4tta valet. Det perfekta, t\u00e4ckande skyddet f\u00f6r ditt tr\u00e4hus.\n<\/h2>\n    <div class=\"text theme-red\">\n        <div class=\"elementor-element elementor-element-34cfe7ba elementor-widget elementor-widget-heading\" data-id=\"34cfe7ba\" data-element_type=\"widget\" data-widget_type=\"heading.default\">\n<div class=\"elementor-widget-container\">\n<div class=\"elementor-element elementor-element-73e7178a elementor-widget elementor-widget-text-editor\" data-id=\"73e7178a\" data-element_type=\"widget\" data-widget_type=\"text-editor.default\">\n<div class=\"elementor-widget-container\">\n<p>Virtasen Aimo \u00e4r marknadens f\u00f6rsta vattenl\u00f6sliga och fullst\u00e4ndigt plastfria skydd f\u00f6r virket. Aimo \u00e4r en linoljeburen utomhusf\u00e4rg som andas och vars skyddsf\u00f6rm\u00e5ga tr\u00e4nger l\u00e5ngt under ytan. Dessutom \u00e4r den v\u00e4ldigt l\u00e4tt att stryka och har en utm\u00e4rkt t\u00e4ckf\u00f6rm\u00e5ga.<\/p>\n<\/div>\n<\/div>\n<div class=\"elementor-element elementor-element-efe1067 elementor-widget elementor-widget-text-editor\" data-id=\"efe1067\" data-element_type=\"widget\" data-widget_type=\"text-editor.default\">\n<div class=\"elementor-widget-container\">\n<p>Virtasen Aimo kombinerar oljef\u00e4rgernas och de vattenl\u00f6sliga t\u00e4cklasyrernas b\u00e4sta egenskaper. Som vattenl\u00f6slig torkar den snabbt och dess naturoljor tr\u00e4nger djupt in i virket och ger ett l\u00e5ngvarigt skydd. Virtasen Aimo ger tr\u00e4et en v\u00e4derbest\u00e4ndig yta och kul\u00f6rh\u00e5llbarhet f\u00f6r l\u00e5nga tider.<\/p>\n<\/div>\n<\/div>\n<\/div>\n<\/div>\n\n    <\/div>\n    <\/div>\n<\/section>\n\n\n<section class=\"align wp-block-quote\">\n    <div class=\"wrap wrap-small\">\n        <div class=\"quote\">\n            <div class=\"has-quote\">\n                <i class=\"fa-solid fa-quote-left\"><\/i>\n                <div>\n                    <p>Det tog en l\u00e5ng tid och det kr\u00e4vdes \u00e4ven andra kloka huvuden. Men nu \u00e4r den f\u00e4rdig. H\u00e4r st\u00e5r vi nu \u2013 tv\u00e5 Aimo Virtanen.<\/p>\n\n                <\/div>\n            <\/div>\n                    <div class=\"has-author\">\n                            <strong>\n                    Aimo Virtanen &#8211; Grundare av Virtasen f\u00e4rgfabrik\n                <\/strong>\n            <\/div>\n                <\/div>\n    <\/div>\n<\/section>\n\n\n<section class=\"align wp-block-media\">\n    <div class=\"wrap wrap-small\">\n            <h2\n    class=\"title title-medium color-black \"\n>\n    \n<\/h2>\n                <div class=\"flex\">\n                                <div class=\"image video\">\n                <iframe loading=\"lazy\" title=\"H\u00e4r st\u00e5r vi nu \u2013 tv\u00e5 Aimo Virtanen\" width=\"640\" height=\"360\" src=\"https:\/\/www.youtube.com\/embed\/iZFyP8xSevg?feature=oembed\" frameborder=\"0\" allow=\"accelerometer; autoplay; clipboard-write; encrypted-media; gyroscope; picture-in-picture; web-share\" referrerpolicy=\"strict-origin-when-cross-origin\" allowfullscreen><\/iframe>\n            <\/div>\n                            <\/div>\n        <\/div>\n<\/section>\n","protected":false},"featured_media":26350,"parent":0,"template":"","product_group":[84],"product_usage":[58,59,60,61,62,63,65,66],"product_shine":[80],"product_surface":[40,44],"class_list":["post-26815","product","type-product","status-publish","has-post-thumbnail","hentry","product_group-utomhusfarger","product_usage-aidan-maalaus","product_usage-hirsi","product_usage-ikkunoiden-maalaus","product_usage-rintamamiestalo-maalaus","product_usage-talon-maalaus-peittavalla-maalilla","product_usage-ulko-ovien-maalaus","product_usage-ulkomaalaus","product_usage-ulkoseinien-maalaus","product_shine-himmea","product_surface-puu","product_surface-hirsi"],"acf":[],"yoast_head":"<!-- This site is optimized with the Yoast SEO Premium plugin v25.8 (Yoast SEO v27.5) - https:\/\/yoast.com\/product\/yoast-seo-premium-wordpress\/ -->\n<title>Virtasen Aimo - Virtasen Maalitehdas<\/title>\n<meta name=\"description\" content=\"Virtasen Aimo \u00e4r marknadens f\u00f6rsta vattenl\u00f6sliga och fullst\u00e4ndigt plastfria skydd f\u00f6r virket. Dessutom \u00e4r den v\u00e4ldigt l\u00e4tt att stryka.\" \/>\n<meta name=\"robots\" content=\"index, follow, max-snippet:-1, max-image-preview:large, max-video-preview:-1\" \/>\n<link rel=\"canonical\" href=\"https:\/\/www.virtasenmaalitehdas.fi\/sv\/produkt\/virtasen-aimo-5-oljors-tacklasyr\/\" \/>\n<meta property=\"og:locale\" content=\"sv_SE\" \/>\n<meta property=\"og:type\" content=\"article\" \/>\n<meta property=\"og:title\" content=\"Virtasen Aimo\" \/>\n<meta property=\"og:description\" content=\"Virtasen Aimo \u00e4r marknadens f\u00f6rsta vattenl\u00f6sliga och fullst\u00e4ndigt plastfria skydd f\u00f6r virket. Dessutom \u00e4r den v\u00e4ldigt l\u00e4tt att stryka.\" \/>\n<meta property=\"og:url\" content=\"https:\/\/www.virtasenmaalitehdas.fi\/sv\/produkt\/virtasen-aimo-5-oljors-tacklasyr\/\" \/>\n<meta property=\"og:site_name\" content=\"Virtasen Maalitehdas\" \/>\n<meta property=\"article:modified_time\" content=\"2026-03-27T07:34:06+00:00\" \/>\n<meta property=\"og:image\" content=\"https:\/\/www.virtasenmaalitehdas.fi\/wp-content\/uploads\/Kuva-1_Tassa-me-nyt-ollaan-V2.jpg\" \/>\n<meta name=\"twitter:card\" content=\"summary_large_image\" \/>\n<meta name=\"twitter:label1\" content=\"Est. reading time\" \/>\n\t<meta name=\"twitter:data1\" content=\"1 minute\" \/>\n<script type=\"application\/ld+json\" class=\"yoast-schema-graph\">{\"@context\":\"https:\\\/\\\/schema.org\",\"@graph\":[{\"@type\":\"WebPage\",\"@id\":\"https:\\\/\\\/www.virtasenmaalitehdas.fi\\\/sv\\\/produkt\\\/virtasen-aimo-5-oljors-tacklasyr\\\/\",\"url\":\"https:\\\/\\\/www.virtasenmaalitehdas.fi\\\/sv\\\/produkt\\\/virtasen-aimo-5-oljors-tacklasyr\\\/\",\"name\":\"Virtasen Aimo - Virtasen Maalitehdas\",\"isPartOf\":{\"@id\":\"https:\\\/\\\/www.virtasenmaalitehdas.fi\\\/sv\\\/#website\"},\"primaryImageOfPage\":{\"@id\":\"https:\\\/\\\/www.virtasenmaalitehdas.fi\\\/sv\\\/produkt\\\/virtasen-aimo-5-oljors-tacklasyr\\\/#primaryimage\"},\"image\":{\"@id\":\"https:\\\/\\\/www.virtasenmaalitehdas.fi\\\/sv\\\/produkt\\\/virtasen-aimo-5-oljors-tacklasyr\\\/#primaryimage\"},\"thumbnailUrl\":\"https:\\\/\\\/www.virtasenmaalitehdas.fi\\\/app\\\/uploads\\\/2025\\\/01\\\/Virtasen-Aimo_10.0-L_700px_sx.png\",\"datePublished\":\"2021-03-01T11:42:14+00:00\",\"dateModified\":\"2026-03-27T07:34:06+00:00\",\"description\":\"Virtasen Aimo \u00e4r marknadens f\u00f6rsta vattenl\u00f6sliga och fullst\u00e4ndigt plastfria skydd f\u00f6r virket. Dessutom \u00e4r den v\u00e4ldigt l\u00e4tt att stryka.\",\"breadcrumb\":{\"@id\":\"https:\\\/\\\/www.virtasenmaalitehdas.fi\\\/sv\\\/produkt\\\/virtasen-aimo-5-oljors-tacklasyr\\\/#breadcrumb\"},\"inLanguage\":\"sv-SE\",\"potentialAction\":[{\"@type\":\"ReadAction\",\"target\":[\"https:\\\/\\\/www.virtasenmaalitehdas.fi\\\/sv\\\/produkt\\\/virtasen-aimo-5-oljors-tacklasyr\\\/\"]}]},{\"@type\":\"ImageObject\",\"inLanguage\":\"sv-SE\",\"@id\":\"https:\\\/\\\/www.virtasenmaalitehdas.fi\\\/sv\\\/produkt\\\/virtasen-aimo-5-oljors-tacklasyr\\\/#primaryimage\",\"url\":\"https:\\\/\\\/www.virtasenmaalitehdas.fi\\\/app\\\/uploads\\\/2025\\\/01\\\/Virtasen-Aimo_10.0-L_700px_sx.png\",\"contentUrl\":\"https:\\\/\\\/www.virtasenmaalitehdas.fi\\\/app\\\/uploads\\\/2025\\\/01\\\/Virtasen-Aimo_10.0-L_700px_sx.png\",\"width\":700,\"height\":700},{\"@type\":\"BreadcrumbList\",\"@id\":\"https:\\\/\\\/www.virtasenmaalitehdas.fi\\\/sv\\\/produkt\\\/virtasen-aimo-5-oljors-tacklasyr\\\/#breadcrumb\",\"itemListElement\":[{\"@type\":\"ListItem\",\"position\":1,\"name\":\"Home\",\"item\":\"https:\\\/\\\/www.virtasenmaalitehdas.fi\\\/sv\\\/\"},{\"@type\":\"ListItem\",\"position\":2,\"name\":\"Virtasen Aimo\"}]},{\"@type\":\"WebSite\",\"@id\":\"https:\\\/\\\/www.virtasenmaalitehdas.fi\\\/sv\\\/#website\",\"url\":\"https:\\\/\\\/www.virtasenmaalitehdas.fi\\\/sv\\\/\",\"name\":\"Virtasen Maalitehdas\",\"description\":\"Luonnonmukaiset, hengitt\u00e4v\u00e4t maalimme suojelevat perhett\u00e4 ja puuta. Maali, joka kest\u00e4\u00e4 saariston karuissa ja kosteissa olosuhteissa, kest\u00e4\u00e4 miss\u00e4 vaan!\",\"potentialAction\":[{\"@type\":\"SearchAction\",\"target\":{\"@type\":\"EntryPoint\",\"urlTemplate\":\"https:\\\/\\\/www.virtasenmaalitehdas.fi\\\/sv\\\/?s={search_term_string}\"},\"query-input\":{\"@type\":\"PropertyValueSpecification\",\"valueRequired\":true,\"valueName\":\"search_term_string\"}}],\"inLanguage\":\"sv-SE\"}]}<\/script>\n<!-- \/ Yoast SEO Premium plugin. -->","yoast_head_json":{"title":"Virtasen Aimo - Virtasen Maalitehdas","description":"Virtasen Aimo \u00e4r marknadens f\u00f6rsta vattenl\u00f6sliga och fullst\u00e4ndigt plastfria skydd f\u00f6r virket. Dessutom \u00e4r den v\u00e4ldigt l\u00e4tt att stryka.","robots":{"index":"index","follow":"follow","max-snippet":"max-snippet:-1","max-image-preview":"max-image-preview:large","max-video-preview":"max-video-preview:-1"},"canonical":"https:\/\/www.virtasenmaalitehdas.fi\/sv\/produkt\/virtasen-aimo-5-oljors-tacklasyr\/","og_locale":"sv_SE","og_type":"article","og_title":"Virtasen Aimo","og_description":"Virtasen Aimo \u00e4r marknadens f\u00f6rsta vattenl\u00f6sliga och fullst\u00e4ndigt plastfria skydd f\u00f6r virket. Dessutom \u00e4r den v\u00e4ldigt l\u00e4tt att stryka.","og_url":"https:\/\/www.virtasenmaalitehdas.fi\/sv\/produkt\/virtasen-aimo-5-oljors-tacklasyr\/","og_site_name":"Virtasen Maalitehdas","article_modified_time":"2026-03-27T07:34:06+00:00","og_image":[{"url":"https:\/\/www.virtasenmaalitehdas.fi\/wp-content\/uploads\/Kuva-1_Tassa-me-nyt-ollaan-V2.jpg","type":"","width":"","height":""}],"twitter_card":"summary_large_image","twitter_misc":{"Est. reading time":"1 minute"},"schema":{"@context":"https:\/\/schema.org","@graph":[{"@type":"WebPage","@id":"https:\/\/www.virtasenmaalitehdas.fi\/sv\/produkt\/virtasen-aimo-5-oljors-tacklasyr\/","url":"https:\/\/www.virtasenmaalitehdas.fi\/sv\/produkt\/virtasen-aimo-5-oljors-tacklasyr\/","name":"Virtasen Aimo - Virtasen Maalitehdas","isPartOf":{"@id":"https:\/\/www.virtasenmaalitehdas.fi\/sv\/#website"},"primaryImageOfPage":{"@id":"https:\/\/www.virtasenmaalitehdas.fi\/sv\/produkt\/virtasen-aimo-5-oljors-tacklasyr\/#primaryimage"},"image":{"@id":"https:\/\/www.virtasenmaalitehdas.fi\/sv\/produkt\/virtasen-aimo-5-oljors-tacklasyr\/#primaryimage"},"thumbnailUrl":"https:\/\/www.virtasenmaalitehdas.fi\/app\/uploads\/2025\/01\/Virtasen-Aimo_10.0-L_700px_sx.png","datePublished":"2021-03-01T11:42:14+00:00","dateModified":"2026-03-27T07:34:06+00:00","description":"Virtasen Aimo \u00e4r marknadens f\u00f6rsta vattenl\u00f6sliga och fullst\u00e4ndigt plastfria skydd f\u00f6r virket. Dessutom \u00e4r den v\u00e4ldigt l\u00e4tt att stryka.","breadcrumb":{"@id":"https:\/\/www.virtasenmaalitehdas.fi\/sv\/produkt\/virtasen-aimo-5-oljors-tacklasyr\/#breadcrumb"},"inLanguage":"sv-SE","potentialAction":[{"@type":"ReadAction","target":["https:\/\/www.virtasenmaalitehdas.fi\/sv\/produkt\/virtasen-aimo-5-oljors-tacklasyr\/"]}]},{"@type":"ImageObject","inLanguage":"sv-SE","@id":"https:\/\/www.virtasenmaalitehdas.fi\/sv\/produkt\/virtasen-aimo-5-oljors-tacklasyr\/#primaryimage","url":"https:\/\/www.virtasenmaalitehdas.fi\/app\/uploads\/2025\/01\/Virtasen-Aimo_10.0-L_700px_sx.png","contentUrl":"https:\/\/www.virtasenmaalitehdas.fi\/app\/uploads\/2025\/01\/Virtasen-Aimo_10.0-L_700px_sx.png","width":700,"height":700},{"@type":"BreadcrumbList","@id":"https:\/\/www.virtasenmaalitehdas.fi\/sv\/produkt\/virtasen-aimo-5-oljors-tacklasyr\/#breadcrumb","itemListElement":[{"@type":"ListItem","position":1,"name":"Home","item":"https:\/\/www.virtasenmaalitehdas.fi\/sv\/"},{"@type":"ListItem","position":2,"name":"Virtasen Aimo"}]},{"@type":"WebSite","@id":"https:\/\/www.virtasenmaalitehdas.fi\/sv\/#website","url":"https:\/\/www.virtasenmaalitehdas.fi\/sv\/","name":"Virtasen Maalitehdas","description":"Luonnonmukaiset, hengitt\u00e4v\u00e4t maalimme suojelevat perhett\u00e4 ja puuta. Maali, joka kest\u00e4\u00e4 saariston karuissa ja kosteissa olosuhteissa, kest\u00e4\u00e4 miss\u00e4 vaan!","potentialAction":[{"@type":"SearchAction","target":{"@type":"EntryPoint","urlTemplate":"https:\/\/www.virtasenmaalitehdas.fi\/sv\/?s={search_term_string}"},"query-input":{"@type":"PropertyValueSpecification","valueRequired":true,"valueName":"search_term_string"}}],"inLanguage":"sv-SE"}]}},"_links":{"self":[{"href":"https:\/\/www.virtasenmaalitehdas.fi\/sv\/wp-json\/wp\/v2\/product\/26815","targetHints":{"allow":["GET"]}}],"collection":[{"href":"https:\/\/www.virtasenmaalitehdas.fi\/sv\/wp-json\/wp\/v2\/product"}],"about":[{"href":"https:\/\/www.virtasenmaalitehdas.fi\/sv\/wp-json\/wp\/v2\/types\/product"}],"wp:featuredmedia":[{"embeddable":true,"href":"https:\/\/www.virtasenmaalitehdas.fi\/sv\/wp-json\/wp\/v2\/media\/26350"}],"wp:attachment":[{"href":"https:\/\/www.virtasenmaalitehdas.fi\/sv\/wp-json\/wp\/v2\/media?parent=26815"}],"wp:term":[{"taxonomy":"product_group","embeddable":true,"href":"https:\/\/www.virtasenmaalitehdas.fi\/sv\/wp-json\/wp\/v2\/product_group?post=26815"},{"taxonomy":"product_usage","embeddable":true,"href":"https:\/\/www.virtasenmaalitehdas.fi\/sv\/wp-json\/wp\/v2\/product_usage?post=26815"},{"taxonomy":"product_shine","embeddable":true,"href":"https:\/\/www.virtasenmaalitehdas.fi\/sv\/wp-json\/wp\/v2\/product_shine?post=26815"},{"taxonomy":"product_surface","embeddable":true,"href":"https:\/\/www.virtasenmaalitehdas.fi\/sv\/wp-json\/wp\/v2\/product_surface?post=26815"}],"curies":[{"name":"wp","href":"https:\/\/api.w.org\/{rel}","templated":true}]}}