{"id":26844,"date":"2013-09-17T08:15:25","date_gmt":"2013-09-17T08:15:25","guid":{"rendered":"https:\/\/www.virtasenmaalitehdas.fi\/?post_type=product&#038;p=26844"},"modified":"2026-03-27T07:29:49","modified_gmt":"2026-03-27T07:29:49","slug":"4-oljors-farg","status":"publish","type":"product","link":"https:\/\/www.virtasenmaalitehdas.fi\/sv\/produkt\/4-oljors-farg\/","title":{"rendered":"Virtasen 4 Oljors F\u00e4rg"},"content":{"rendered":"<section class=\"align wp-block-text\">\n    <div class=\"wrap wrap-small\">\n        <h2\n    class=\"title title-medium color-black \"\n>\n    Legedarisk oljef\u00e4rg som andas\n<\/h2>\n    <div class=\"text theme-black\">\n        <div class=\"elementor-element elementor-element-7f73dcb1 elementor-widget elementor-widget-text-editor\" data-id=\"7f73dcb1\" data-element_type=\"widget\" data-widget_type=\"text-editor.default\">\n<div class=\"elementor-widget-container\">\n<p>4 Oljors F\u00e4rgen som Aimo Virtanen utvecklade i tiderna \u00e4r \u00e4n i dag det r\u00e4tta valet f\u00f6r s\u00e5v\u00e4l moderna stockhus som traditionella tr\u00e4hus. Den linoljefernissabaserade f\u00e4rgen andas samt skyddar tr\u00e4dets hj\u00e4rta. F\u00e4rgen rinner inte och m\u00e5landet \u00e4r hur l\u00e4tt som helst.<\/p>\n<\/div>\n<\/div>\n<div class=\"elementor-element elementor-element-789caf96 elementor-widget elementor-widget-text-editor\" data-id=\"789caf96\" data-element_type=\"widget\" data-widget_type=\"text-editor.default\">\n<div class=\"elementor-widget-container\">\n<p>Aimos hemliga recept h\u00e4rstammar fr\u00e5n \u00e5r 1963 och f\u00e4rgens h\u00e5llbarhet har testats i sk\u00e4rg\u00e5rdens str\u00e4nga f\u00f6rh\u00e5llanden \u00e4nda sedan dess. D\u00e4rf\u00f6r v\u00e5gar vi med \u00e5rtiondens erfarenhet lova att 4 Oljors F\u00e4rgen h\u00e5ller var som helst.<\/p>\n<\/div>\n<\/div>\n\n    <\/div>\n    <\/div>\n<\/section>\n\n\n<section class=\"align wp-block-text\">\n    <div class=\"wrap wrap-small\">\n        <h2\n    class=\"title title-medium color-black \"\n>\n    Virtasen 4 Oljors F\u00e4rg inneh\u00e5ller inte akrylat- eller andra bindemedel av plast\n<\/h2>\n    <div class=\"text theme-black\">\n        <p>Den inneh\u00e5ller inte heller alkydbindemedel. Dess billiga ink\u00f6pspris, l\u00e4tta strykbarhet, bra f\u00e4ste p\u00e5 olika underlag, \u00e4ven latex och l\u00e5nga \u00e5term\u00e5lningsintervaller har gjort f\u00e4rgen <strong>popul\u00e4r och efterfr\u00e5gad i Finland.<\/strong>\u00a0Tack vare det\u00a0<strong>unika UV-skyddet<\/strong>\u00a0har f\u00e4rgen en exceptionellt bra h\u00e5llbarhet mot solens inverkan. Detta g\u00e4ller \u00e4ven starka maskinbrutna kul\u00f6rer.<\/p>\n\n    <\/div>\n    <\/div>\n<\/section>\n\n\n<section class=\"align wp-block-text\">\n    <div class=\"wrap wrap-small\">\n        <h2\n    class=\"title title-medium color-black \"\n>\n    4 Oljors F\u00e4rgen skyddar ditt hem och bibeh\u00e5ller den vackra kul\u00f6ren\n<\/h2>\n    <div class=\"text theme-black\">\n        <p>Fasadf\u00e4rgerna uts\u00e4tts f\u00f6r h\u00e5rd belastning under nordens fyra \u00e5rstider, men Virtasen traditionella f\u00e4rg, som baserar sig p\u00e5 4 naturoljor har klarat av belastningen med heder i beh\u00e5ll. Denna f\u00e4rg utvecklades under tiden d\u00e5 alla m\u00e5lare hade sina egna recept. Av dessa f\u00e4rger som utvecklades f\u00f6r sk\u00e4rg\u00e5rdens tuffa f\u00f6rh\u00e5llanden, tog\u00a0<strong>Aimo Virtanen<\/strong>\u00a0de b\u00e4sta egenskaperna och skapade f\u00e4rgen som idag g\u00e5r under namnet Virtasen 4 Oljors F\u00e4rg. F\u00e4rgen har under \u00e5rtiondena blivit synonym med\u00a0<strong>exceptionellt h\u00e5llbar utomhusf\u00e4rg<\/strong>\u00a0och f\u00e5tt anv\u00e4ndarnas f\u00f6rtroende. Denna oljef\u00e4rgs recept har inte beh\u00f6vt \u00e4ndras p\u00e5 under \u00e5rtiondena.<\/p>\n\n    <\/div>\n    <\/div>\n<\/section>\n","protected":false},"featured_media":26348,"parent":0,"template":"","product_group":[84],"product_usage":[64,65,66,58,59,60,61,62,63],"product_shine":[38],"product_surface":[40,44],"class_list":["post-26844","product","type-product","status-publish","has-post-thumbnail","hentry","product_group-utomhusfarger","product_usage-ulkokalusteet","product_usage-ulkomaalaus","product_usage-ulkoseinien-maalaus","product_usage-aidan-maalaus","product_usage-hirsi","product_usage-ikkunoiden-maalaus","product_usage-rintamamiestalo-maalaus","product_usage-talon-maalaus-peittavalla-maalilla","product_usage-ulko-ovien-maalaus","product_shine-puolihimmea","product_surface-puu","product_surface-hirsi"],"acf":[],"yoast_head":"<!-- This site is optimized with the Yoast SEO Premium plugin v25.8 (Yoast SEO v27.4) - https:\/\/yoast.com\/product\/yoast-seo-premium-wordpress\/ -->\n<title>Virtasen 4 Oljors F\u00e4rg - Virtasen Maalitehdas<\/title>\n<meta name=\"description\" content=\"V\u00e5r legendariska utomhushusf\u00e4rg f\u00f6r alla stock- och tr\u00e4ytor. Testvinnare med enast\u00e5ende v\u00e4derh\u00e5llbarhet. En f\u00e4rg som andas.\" \/>\n<meta name=\"robots\" content=\"index, follow, max-snippet:-1, max-image-preview:large, max-video-preview:-1\" \/>\n<link rel=\"canonical\" href=\"https:\/\/www.virtasenmaalitehdas.fi\/sv\/produkt\/4-oljors-farg\/\" \/>\n<meta property=\"og:locale\" content=\"sv_SE\" \/>\n<meta property=\"og:type\" content=\"article\" \/>\n<meta property=\"og:title\" content=\"Virtasen 4 Oljors F\u00e4rg\" \/>\n<meta property=\"og:description\" content=\"V\u00e5r legendariska utomhushusf\u00e4rg f\u00f6r alla stock- och tr\u00e4ytor. Testvinnare med enast\u00e5ende v\u00e4derh\u00e5llbarhet. En f\u00e4rg som andas.\" \/>\n<meta property=\"og:url\" content=\"https:\/\/www.virtasenmaalitehdas.fi\/sv\/produkt\/4-oljors-farg\/\" \/>\n<meta property=\"og:site_name\" content=\"Virtasen Maalitehdas\" \/>\n<meta property=\"article:modified_time\" content=\"2026-03-27T07:29:49+00:00\" \/>\n<meta property=\"og:image\" content=\"https:\/\/www.virtasenmaalitehdas.fi\/app\/uploads\/2025\/01\/Virtasen-4-Oljyn-Maali_10.0-L_700px_sx.png\" \/>\n\t<meta property=\"og:image:width\" content=\"700\" \/>\n\t<meta property=\"og:image:height\" content=\"700\" \/>\n\t<meta property=\"og:image:type\" content=\"image\/png\" \/>\n<meta name=\"twitter:card\" content=\"summary_large_image\" \/>\n<meta name=\"twitter:label1\" content=\"Est. reading time\" \/>\n\t<meta name=\"twitter:data1\" content=\"1 minute\" \/>\n<script type=\"application\/ld+json\" class=\"yoast-schema-graph\">{\"@context\":\"https:\\\/\\\/schema.org\",\"@graph\":[{\"@type\":\"WebPage\",\"@id\":\"https:\\\/\\\/www.virtasenmaalitehdas.fi\\\/sv\\\/produkt\\\/4-oljors-farg\\\/\",\"url\":\"https:\\\/\\\/www.virtasenmaalitehdas.fi\\\/sv\\\/produkt\\\/4-oljors-farg\\\/\",\"name\":\"Virtasen 4 Oljors F\u00e4rg - Virtasen Maalitehdas\",\"isPartOf\":{\"@id\":\"https:\\\/\\\/www.virtasenmaalitehdas.fi\\\/sv\\\/#website\"},\"primaryImageOfPage\":{\"@id\":\"https:\\\/\\\/www.virtasenmaalitehdas.fi\\\/sv\\\/produkt\\\/4-oljors-farg\\\/#primaryimage\"},\"image\":{\"@id\":\"https:\\\/\\\/www.virtasenmaalitehdas.fi\\\/sv\\\/produkt\\\/4-oljors-farg\\\/#primaryimage\"},\"thumbnailUrl\":\"https:\\\/\\\/www.virtasenmaalitehdas.fi\\\/app\\\/uploads\\\/2025\\\/01\\\/Virtasen-4-Oljyn-Maali_10.0-L_700px_sx.png\",\"datePublished\":\"2013-09-17T08:15:25+00:00\",\"dateModified\":\"2026-03-27T07:29:49+00:00\",\"description\":\"V\u00e5r legendariska utomhushusf\u00e4rg f\u00f6r alla stock- och tr\u00e4ytor. Testvinnare med enast\u00e5ende v\u00e4derh\u00e5llbarhet. En f\u00e4rg som andas.\",\"breadcrumb\":{\"@id\":\"https:\\\/\\\/www.virtasenmaalitehdas.fi\\\/sv\\\/produkt\\\/4-oljors-farg\\\/#breadcrumb\"},\"inLanguage\":\"sv-SE\",\"potentialAction\":[{\"@type\":\"ReadAction\",\"target\":[\"https:\\\/\\\/www.virtasenmaalitehdas.fi\\\/sv\\\/produkt\\\/4-oljors-farg\\\/\"]}]},{\"@type\":\"ImageObject\",\"inLanguage\":\"sv-SE\",\"@id\":\"https:\\\/\\\/www.virtasenmaalitehdas.fi\\\/sv\\\/produkt\\\/4-oljors-farg\\\/#primaryimage\",\"url\":\"https:\\\/\\\/www.virtasenmaalitehdas.fi\\\/app\\\/uploads\\\/2025\\\/01\\\/Virtasen-4-Oljyn-Maali_10.0-L_700px_sx.png\",\"contentUrl\":\"https:\\\/\\\/www.virtasenmaalitehdas.fi\\\/app\\\/uploads\\\/2025\\\/01\\\/Virtasen-4-Oljyn-Maali_10.0-L_700px_sx.png\",\"width\":700,\"height\":700},{\"@type\":\"BreadcrumbList\",\"@id\":\"https:\\\/\\\/www.virtasenmaalitehdas.fi\\\/sv\\\/produkt\\\/4-oljors-farg\\\/#breadcrumb\",\"itemListElement\":[{\"@type\":\"ListItem\",\"position\":1,\"name\":\"Home\",\"item\":\"https:\\\/\\\/www.virtasenmaalitehdas.fi\\\/sv\\\/\"},{\"@type\":\"ListItem\",\"position\":2,\"name\":\"Virtasen 4 Oljors F\u00e4rg\"}]},{\"@type\":\"WebSite\",\"@id\":\"https:\\\/\\\/www.virtasenmaalitehdas.fi\\\/sv\\\/#website\",\"url\":\"https:\\\/\\\/www.virtasenmaalitehdas.fi\\\/sv\\\/\",\"name\":\"Virtasen Maalitehdas\",\"description\":\"Luonnonmukaiset, hengitt\u00e4v\u00e4t maalimme suojelevat perhett\u00e4 ja puuta. Maali, joka kest\u00e4\u00e4 saariston karuissa ja kosteissa olosuhteissa, kest\u00e4\u00e4 miss\u00e4 vaan!\",\"potentialAction\":[{\"@type\":\"SearchAction\",\"target\":{\"@type\":\"EntryPoint\",\"urlTemplate\":\"https:\\\/\\\/www.virtasenmaalitehdas.fi\\\/sv\\\/?s={search_term_string}\"},\"query-input\":{\"@type\":\"PropertyValueSpecification\",\"valueRequired\":true,\"valueName\":\"search_term_string\"}}],\"inLanguage\":\"sv-SE\"}]}<\/script>\n<!-- \/ Yoast SEO Premium plugin. -->","yoast_head_json":{"title":"Virtasen 4 Oljors F\u00e4rg - Virtasen Maalitehdas","description":"V\u00e5r legendariska utomhushusf\u00e4rg f\u00f6r alla stock- och tr\u00e4ytor. Testvinnare med enast\u00e5ende v\u00e4derh\u00e5llbarhet. En f\u00e4rg som andas.","robots":{"index":"index","follow":"follow","max-snippet":"max-snippet:-1","max-image-preview":"max-image-preview:large","max-video-preview":"max-video-preview:-1"},"canonical":"https:\/\/www.virtasenmaalitehdas.fi\/sv\/produkt\/4-oljors-farg\/","og_locale":"sv_SE","og_type":"article","og_title":"Virtasen 4 Oljors F\u00e4rg","og_description":"V\u00e5r legendariska utomhushusf\u00e4rg f\u00f6r alla stock- och tr\u00e4ytor. Testvinnare med enast\u00e5ende v\u00e4derh\u00e5llbarhet. En f\u00e4rg som andas.","og_url":"https:\/\/www.virtasenmaalitehdas.fi\/sv\/produkt\/4-oljors-farg\/","og_site_name":"Virtasen Maalitehdas","article_modified_time":"2026-03-27T07:29:49+00:00","og_image":[{"width":700,"height":700,"url":"https:\/\/www.virtasenmaalitehdas.fi\/app\/uploads\/2025\/01\/Virtasen-4-Oljyn-Maali_10.0-L_700px_sx.png","type":"image\/png"}],"twitter_card":"summary_large_image","twitter_misc":{"Est. reading time":"1 minute"},"schema":{"@context":"https:\/\/schema.org","@graph":[{"@type":"WebPage","@id":"https:\/\/www.virtasenmaalitehdas.fi\/sv\/produkt\/4-oljors-farg\/","url":"https:\/\/www.virtasenmaalitehdas.fi\/sv\/produkt\/4-oljors-farg\/","name":"Virtasen 4 Oljors F\u00e4rg - Virtasen Maalitehdas","isPartOf":{"@id":"https:\/\/www.virtasenmaalitehdas.fi\/sv\/#website"},"primaryImageOfPage":{"@id":"https:\/\/www.virtasenmaalitehdas.fi\/sv\/produkt\/4-oljors-farg\/#primaryimage"},"image":{"@id":"https:\/\/www.virtasenmaalitehdas.fi\/sv\/produkt\/4-oljors-farg\/#primaryimage"},"thumbnailUrl":"https:\/\/www.virtasenmaalitehdas.fi\/app\/uploads\/2025\/01\/Virtasen-4-Oljyn-Maali_10.0-L_700px_sx.png","datePublished":"2013-09-17T08:15:25+00:00","dateModified":"2026-03-27T07:29:49+00:00","description":"V\u00e5r legendariska utomhushusf\u00e4rg f\u00f6r alla stock- och tr\u00e4ytor. Testvinnare med enast\u00e5ende v\u00e4derh\u00e5llbarhet. En f\u00e4rg som andas.","breadcrumb":{"@id":"https:\/\/www.virtasenmaalitehdas.fi\/sv\/produkt\/4-oljors-farg\/#breadcrumb"},"inLanguage":"sv-SE","potentialAction":[{"@type":"ReadAction","target":["https:\/\/www.virtasenmaalitehdas.fi\/sv\/produkt\/4-oljors-farg\/"]}]},{"@type":"ImageObject","inLanguage":"sv-SE","@id":"https:\/\/www.virtasenmaalitehdas.fi\/sv\/produkt\/4-oljors-farg\/#primaryimage","url":"https:\/\/www.virtasenmaalitehdas.fi\/app\/uploads\/2025\/01\/Virtasen-4-Oljyn-Maali_10.0-L_700px_sx.png","contentUrl":"https:\/\/www.virtasenmaalitehdas.fi\/app\/uploads\/2025\/01\/Virtasen-4-Oljyn-Maali_10.0-L_700px_sx.png","width":700,"height":700},{"@type":"BreadcrumbList","@id":"https:\/\/www.virtasenmaalitehdas.fi\/sv\/produkt\/4-oljors-farg\/#breadcrumb","itemListElement":[{"@type":"ListItem","position":1,"name":"Home","item":"https:\/\/www.virtasenmaalitehdas.fi\/sv\/"},{"@type":"ListItem","position":2,"name":"Virtasen 4 Oljors F\u00e4rg"}]},{"@type":"WebSite","@id":"https:\/\/www.virtasenmaalitehdas.fi\/sv\/#website","url":"https:\/\/www.virtasenmaalitehdas.fi\/sv\/","name":"Virtasen Maalitehdas","description":"Luonnonmukaiset, hengitt\u00e4v\u00e4t maalimme suojelevat perhett\u00e4 ja puuta. Maali, joka kest\u00e4\u00e4 saariston karuissa ja kosteissa olosuhteissa, kest\u00e4\u00e4 miss\u00e4 vaan!","potentialAction":[{"@type":"SearchAction","target":{"@type":"EntryPoint","urlTemplate":"https:\/\/www.virtasenmaalitehdas.fi\/sv\/?s={search_term_string}"},"query-input":{"@type":"PropertyValueSpecification","valueRequired":true,"valueName":"search_term_string"}}],"inLanguage":"sv-SE"}]}},"_links":{"self":[{"href":"https:\/\/www.virtasenmaalitehdas.fi\/sv\/wp-json\/wp\/v2\/product\/26844","targetHints":{"allow":["GET"]}}],"collection":[{"href":"https:\/\/www.virtasenmaalitehdas.fi\/sv\/wp-json\/wp\/v2\/product"}],"about":[{"href":"https:\/\/www.virtasenmaalitehdas.fi\/sv\/wp-json\/wp\/v2\/types\/product"}],"wp:featuredmedia":[{"embeddable":true,"href":"https:\/\/www.virtasenmaalitehdas.fi\/sv\/wp-json\/wp\/v2\/media\/26348"}],"wp:attachment":[{"href":"https:\/\/www.virtasenmaalitehdas.fi\/sv\/wp-json\/wp\/v2\/media?parent=26844"}],"wp:term":[{"taxonomy":"product_group","embeddable":true,"href":"https:\/\/www.virtasenmaalitehdas.fi\/sv\/wp-json\/wp\/v2\/product_group?post=26844"},{"taxonomy":"product_usage","embeddable":true,"href":"https:\/\/www.virtasenmaalitehdas.fi\/sv\/wp-json\/wp\/v2\/product_usage?post=26844"},{"taxonomy":"product_shine","embeddable":true,"href":"https:\/\/www.virtasenmaalitehdas.fi\/sv\/wp-json\/wp\/v2\/product_shine?post=26844"},{"taxonomy":"product_surface","embeddable":true,"href":"https:\/\/www.virtasenmaalitehdas.fi\/sv\/wp-json\/wp\/v2\/product_surface?post=26844"}],"curies":[{"name":"wp","href":"https:\/\/api.w.org\/{rel}","templated":true}]}}