{"id":26869,"date":"2013-02-21T10:33:08","date_gmt":"2013-02-21T10:33:08","guid":{"rendered":"https:\/\/www.virtasenmaalitehdas.fi\/?post_type=product&#038;p=26869"},"modified":"2025-06-17T07:52:58","modified_gmt":"2025-06-17T07:52:58","slug":"plattaksfarg","status":"publish","type":"product","link":"https:\/\/www.virtasenmaalitehdas.fi\/sv\/produkt\/plattaksfarg\/","title":{"rendered":"Virtasen KATTO-10 pl\u00e5ttaksf\u00e4rg"},"content":{"rendered":"<section class=\"align wp-block-text\">\n    <div class=\"wrap wrap-small\">\n        <h2\n    class=\"title title-medium color-black \"\n>\n    M\u00e5la ditt pl\u00e5ttak med en enda strykning. Rostskydd och f\u00e4rdig yta p\u00e5 samma g\u00e5ng.\n<\/h2>\n    <div class=\"text theme-black\">\n        <div class=\"elementor-element elementor-element-571ec52c elementor-widget elementor-widget-text-editor\" data-id=\"571ec52c\" data-element_type=\"widget\" data-widget_type=\"text-editor.default\">\n<div class=\"elementor-widget-container\">\n<p>Virtasen Katto-10 Pl\u00e5ttaksf\u00e4rg \u00e4r en h\u00e5llbar traditionell l\u00f6sningsmedelburen f\u00e4rg f\u00f6r nya och gamla pl\u00e5ttak. F\u00e4rgen inneh\u00e5ller ett effektivt rostskyddspigment, s\u00e5 du slipper stryka p\u00e5 ett extra lager rostskyddsmedel. F\u00e4rgen \u00e4r l\u00e4tt att stryka p\u00e5 och den har en bra t\u00e4ckf\u00f6rm\u00e5ga, det r\u00e4cker med en enda strykning. Att m\u00e5la pl\u00e5ttak med Virtasen Katto-10 g\u00e5r snabbt och enkelt.<\/p>\n<\/div>\n<\/div>\n<div class=\"elementor-element elementor-element-3be79115 elementor-widget elementor-widget-text-editor\" data-id=\"3be79115\" data-element_type=\"widget\" data-widget_type=\"text-editor.default\">\n<div class=\"elementor-widget-container\">\n<p>Eftersom Virtasen Katto-10 ger en f\u00e4rdig yta med en strykning, sparar du b\u00e5de tid och pengar. V\u00e5r unika Virtasen UV-skydd kombinerat med effektiv rostskyddspigment garanterar en l\u00e5ng h\u00e5llbarhet. Det har aldrig varit s\u00e5 l\u00e4tt att m\u00e5la ett pl\u00e5ttak.<\/p>\n<\/div>\n<\/div>\n\n    <\/div>\n    <\/div>\n<\/section>\n","protected":false},"featured_media":26356,"parent":0,"template":"","product_group":[84],"product_usage":[67,68],"product_shine":[37],"product_surface":[45],"class_list":["post-26869","product","type-product","status-publish","has-post-thumbnail","hentry","product_group-utomhusfarger","product_usage-metallipintojen-maalaus-ulkona","product_usage-peltikaton-maalaus","product_shine-puolikiiltava","product_surface-metalli"],"acf":[],"yoast_head":"<!-- This site is optimized with the Yoast SEO Premium plugin v25.8 (Yoast SEO v27.4) - https:\/\/yoast.com\/product\/yoast-seo-premium-wordpress\/ -->\n<title>Virtasen KATTO-10 pl\u00e5ttaksf\u00e4rg - Virtasen Maalitehdas<\/title>\n<meta name=\"description\" content=\"M\u00e5la ditt pl\u00e5ttak med en enda strykning. Rostskydd och f\u00e4rdig yta p\u00e5 samma g\u00e5ng. Pl\u00e5ttaksf\u00e4rg f\u00f6r alla pl\u00e5tytor.\" \/>\n<meta name=\"robots\" content=\"index, follow, max-snippet:-1, max-image-preview:large, max-video-preview:-1\" \/>\n<link rel=\"canonical\" href=\"https:\/\/www.virtasenmaalitehdas.fi\/sv\/produkt\/plattaksfarg\/\" \/>\n<meta property=\"og:locale\" content=\"sv_SE\" \/>\n<meta property=\"og:type\" content=\"article\" \/>\n<meta property=\"og:title\" content=\"Virtasen KATTO-10 pl\u00e5ttaksf\u00e4rg\" \/>\n<meta property=\"og:description\" content=\"M\u00e5la ditt pl\u00e5ttak med en enda strykning. Rostskydd och f\u00e4rdig yta p\u00e5 samma g\u00e5ng. Pl\u00e5ttaksf\u00e4rg f\u00f6r alla pl\u00e5tytor.\" \/>\n<meta property=\"og:url\" content=\"https:\/\/www.virtasenmaalitehdas.fi\/sv\/produkt\/plattaksfarg\/\" \/>\n<meta property=\"og:site_name\" content=\"Virtasen Maalitehdas\" \/>\n<meta property=\"article:modified_time\" content=\"2025-06-17T07:52:58+00:00\" \/>\n<meta property=\"og:image\" content=\"https:\/\/www.virtasenmaalitehdas.fi\/app\/uploads\/2025\/01\/Virtasen-KATTO-10-Peltikattomaali_10.0-L_700px_sx.png\" \/>\n\t<meta property=\"og:image:width\" content=\"700\" \/>\n\t<meta property=\"og:image:height\" content=\"700\" \/>\n\t<meta property=\"og:image:type\" content=\"image\/png\" \/>\n<meta name=\"twitter:card\" content=\"summary_large_image\" \/>\n<meta name=\"twitter:label1\" content=\"Est. reading time\" \/>\n\t<meta name=\"twitter:data1\" content=\"1 minute\" \/>\n<script type=\"application\/ld+json\" class=\"yoast-schema-graph\">{\"@context\":\"https:\\\/\\\/schema.org\",\"@graph\":[{\"@type\":\"WebPage\",\"@id\":\"https:\\\/\\\/www.virtasenmaalitehdas.fi\\\/sv\\\/produkt\\\/plattaksfarg\\\/\",\"url\":\"https:\\\/\\\/www.virtasenmaalitehdas.fi\\\/sv\\\/produkt\\\/plattaksfarg\\\/\",\"name\":\"Virtasen KATTO-10 pl\u00e5ttaksf\u00e4rg - Virtasen Maalitehdas\",\"isPartOf\":{\"@id\":\"https:\\\/\\\/www.virtasenmaalitehdas.fi\\\/sv\\\/#website\"},\"primaryImageOfPage\":{\"@id\":\"https:\\\/\\\/www.virtasenmaalitehdas.fi\\\/sv\\\/produkt\\\/plattaksfarg\\\/#primaryimage\"},\"image\":{\"@id\":\"https:\\\/\\\/www.virtasenmaalitehdas.fi\\\/sv\\\/produkt\\\/plattaksfarg\\\/#primaryimage\"},\"thumbnailUrl\":\"https:\\\/\\\/www.virtasenmaalitehdas.fi\\\/app\\\/uploads\\\/2025\\\/01\\\/Virtasen-KATTO-10-Peltikattomaali_10.0-L_700px_sx.png\",\"datePublished\":\"2013-02-21T10:33:08+00:00\",\"dateModified\":\"2025-06-17T07:52:58+00:00\",\"description\":\"M\u00e5la ditt pl\u00e5ttak med en enda strykning. Rostskydd och f\u00e4rdig yta p\u00e5 samma g\u00e5ng. Pl\u00e5ttaksf\u00e4rg f\u00f6r alla pl\u00e5tytor.\",\"breadcrumb\":{\"@id\":\"https:\\\/\\\/www.virtasenmaalitehdas.fi\\\/sv\\\/produkt\\\/plattaksfarg\\\/#breadcrumb\"},\"inLanguage\":\"sv-SE\",\"potentialAction\":[{\"@type\":\"ReadAction\",\"target\":[\"https:\\\/\\\/www.virtasenmaalitehdas.fi\\\/sv\\\/produkt\\\/plattaksfarg\\\/\"]}]},{\"@type\":\"ImageObject\",\"inLanguage\":\"sv-SE\",\"@id\":\"https:\\\/\\\/www.virtasenmaalitehdas.fi\\\/sv\\\/produkt\\\/plattaksfarg\\\/#primaryimage\",\"url\":\"https:\\\/\\\/www.virtasenmaalitehdas.fi\\\/app\\\/uploads\\\/2025\\\/01\\\/Virtasen-KATTO-10-Peltikattomaali_10.0-L_700px_sx.png\",\"contentUrl\":\"https:\\\/\\\/www.virtasenmaalitehdas.fi\\\/app\\\/uploads\\\/2025\\\/01\\\/Virtasen-KATTO-10-Peltikattomaali_10.0-L_700px_sx.png\",\"width\":700,\"height\":700},{\"@type\":\"BreadcrumbList\",\"@id\":\"https:\\\/\\\/www.virtasenmaalitehdas.fi\\\/sv\\\/produkt\\\/plattaksfarg\\\/#breadcrumb\",\"itemListElement\":[{\"@type\":\"ListItem\",\"position\":1,\"name\":\"Home\",\"item\":\"https:\\\/\\\/www.virtasenmaalitehdas.fi\\\/sv\\\/\"},{\"@type\":\"ListItem\",\"position\":2,\"name\":\"Virtasen KATTO-10 pl\u00e5ttaksf\u00e4rg\"}]},{\"@type\":\"WebSite\",\"@id\":\"https:\\\/\\\/www.virtasenmaalitehdas.fi\\\/sv\\\/#website\",\"url\":\"https:\\\/\\\/www.virtasenmaalitehdas.fi\\\/sv\\\/\",\"name\":\"Virtasen Maalitehdas\",\"description\":\"Luonnonmukaiset, hengitt\u00e4v\u00e4t maalimme suojelevat perhett\u00e4 ja puuta. Maali, joka kest\u00e4\u00e4 saariston karuissa ja kosteissa olosuhteissa, kest\u00e4\u00e4 miss\u00e4 vaan!\",\"potentialAction\":[{\"@type\":\"SearchAction\",\"target\":{\"@type\":\"EntryPoint\",\"urlTemplate\":\"https:\\\/\\\/www.virtasenmaalitehdas.fi\\\/sv\\\/?s={search_term_string}\"},\"query-input\":{\"@type\":\"PropertyValueSpecification\",\"valueRequired\":true,\"valueName\":\"search_term_string\"}}],\"inLanguage\":\"sv-SE\"}]}<\/script>\n<!-- \/ Yoast SEO Premium plugin. -->","yoast_head_json":{"title":"Virtasen KATTO-10 pl\u00e5ttaksf\u00e4rg - Virtasen Maalitehdas","description":"M\u00e5la ditt pl\u00e5ttak med en enda strykning. Rostskydd och f\u00e4rdig yta p\u00e5 samma g\u00e5ng. Pl\u00e5ttaksf\u00e4rg f\u00f6r alla pl\u00e5tytor.","robots":{"index":"index","follow":"follow","max-snippet":"max-snippet:-1","max-image-preview":"max-image-preview:large","max-video-preview":"max-video-preview:-1"},"canonical":"https:\/\/www.virtasenmaalitehdas.fi\/sv\/produkt\/plattaksfarg\/","og_locale":"sv_SE","og_type":"article","og_title":"Virtasen KATTO-10 pl\u00e5ttaksf\u00e4rg","og_description":"M\u00e5la ditt pl\u00e5ttak med en enda strykning. Rostskydd och f\u00e4rdig yta p\u00e5 samma g\u00e5ng. Pl\u00e5ttaksf\u00e4rg f\u00f6r alla pl\u00e5tytor.","og_url":"https:\/\/www.virtasenmaalitehdas.fi\/sv\/produkt\/plattaksfarg\/","og_site_name":"Virtasen Maalitehdas","article_modified_time":"2025-06-17T07:52:58+00:00","og_image":[{"width":700,"height":700,"url":"https:\/\/www.virtasenmaalitehdas.fi\/app\/uploads\/2025\/01\/Virtasen-KATTO-10-Peltikattomaali_10.0-L_700px_sx.png","type":"image\/png"}],"twitter_card":"summary_large_image","twitter_misc":{"Est. reading time":"1 minute"},"schema":{"@context":"https:\/\/schema.org","@graph":[{"@type":"WebPage","@id":"https:\/\/www.virtasenmaalitehdas.fi\/sv\/produkt\/plattaksfarg\/","url":"https:\/\/www.virtasenmaalitehdas.fi\/sv\/produkt\/plattaksfarg\/","name":"Virtasen KATTO-10 pl\u00e5ttaksf\u00e4rg - Virtasen Maalitehdas","isPartOf":{"@id":"https:\/\/www.virtasenmaalitehdas.fi\/sv\/#website"},"primaryImageOfPage":{"@id":"https:\/\/www.virtasenmaalitehdas.fi\/sv\/produkt\/plattaksfarg\/#primaryimage"},"image":{"@id":"https:\/\/www.virtasenmaalitehdas.fi\/sv\/produkt\/plattaksfarg\/#primaryimage"},"thumbnailUrl":"https:\/\/www.virtasenmaalitehdas.fi\/app\/uploads\/2025\/01\/Virtasen-KATTO-10-Peltikattomaali_10.0-L_700px_sx.png","datePublished":"2013-02-21T10:33:08+00:00","dateModified":"2025-06-17T07:52:58+00:00","description":"M\u00e5la ditt pl\u00e5ttak med en enda strykning. Rostskydd och f\u00e4rdig yta p\u00e5 samma g\u00e5ng. Pl\u00e5ttaksf\u00e4rg f\u00f6r alla pl\u00e5tytor.","breadcrumb":{"@id":"https:\/\/www.virtasenmaalitehdas.fi\/sv\/produkt\/plattaksfarg\/#breadcrumb"},"inLanguage":"sv-SE","potentialAction":[{"@type":"ReadAction","target":["https:\/\/www.virtasenmaalitehdas.fi\/sv\/produkt\/plattaksfarg\/"]}]},{"@type":"ImageObject","inLanguage":"sv-SE","@id":"https:\/\/www.virtasenmaalitehdas.fi\/sv\/produkt\/plattaksfarg\/#primaryimage","url":"https:\/\/www.virtasenmaalitehdas.fi\/app\/uploads\/2025\/01\/Virtasen-KATTO-10-Peltikattomaali_10.0-L_700px_sx.png","contentUrl":"https:\/\/www.virtasenmaalitehdas.fi\/app\/uploads\/2025\/01\/Virtasen-KATTO-10-Peltikattomaali_10.0-L_700px_sx.png","width":700,"height":700},{"@type":"BreadcrumbList","@id":"https:\/\/www.virtasenmaalitehdas.fi\/sv\/produkt\/plattaksfarg\/#breadcrumb","itemListElement":[{"@type":"ListItem","position":1,"name":"Home","item":"https:\/\/www.virtasenmaalitehdas.fi\/sv\/"},{"@type":"ListItem","position":2,"name":"Virtasen KATTO-10 pl\u00e5ttaksf\u00e4rg"}]},{"@type":"WebSite","@id":"https:\/\/www.virtasenmaalitehdas.fi\/sv\/#website","url":"https:\/\/www.virtasenmaalitehdas.fi\/sv\/","name":"Virtasen Maalitehdas","description":"Luonnonmukaiset, hengitt\u00e4v\u00e4t maalimme suojelevat perhett\u00e4 ja puuta. Maali, joka kest\u00e4\u00e4 saariston karuissa ja kosteissa olosuhteissa, kest\u00e4\u00e4 miss\u00e4 vaan!","potentialAction":[{"@type":"SearchAction","target":{"@type":"EntryPoint","urlTemplate":"https:\/\/www.virtasenmaalitehdas.fi\/sv\/?s={search_term_string}"},"query-input":{"@type":"PropertyValueSpecification","valueRequired":true,"valueName":"search_term_string"}}],"inLanguage":"sv-SE"}]}},"_links":{"self":[{"href":"https:\/\/www.virtasenmaalitehdas.fi\/sv\/wp-json\/wp\/v2\/product\/26869","targetHints":{"allow":["GET"]}}],"collection":[{"href":"https:\/\/www.virtasenmaalitehdas.fi\/sv\/wp-json\/wp\/v2\/product"}],"about":[{"href":"https:\/\/www.virtasenmaalitehdas.fi\/sv\/wp-json\/wp\/v2\/types\/product"}],"wp:featuredmedia":[{"embeddable":true,"href":"https:\/\/www.virtasenmaalitehdas.fi\/sv\/wp-json\/wp\/v2\/media\/26356"}],"wp:attachment":[{"href":"https:\/\/www.virtasenmaalitehdas.fi\/sv\/wp-json\/wp\/v2\/media?parent=26869"}],"wp:term":[{"taxonomy":"product_group","embeddable":true,"href":"https:\/\/www.virtasenmaalitehdas.fi\/sv\/wp-json\/wp\/v2\/product_group?post=26869"},{"taxonomy":"product_usage","embeddable":true,"href":"https:\/\/www.virtasenmaalitehdas.fi\/sv\/wp-json\/wp\/v2\/product_usage?post=26869"},{"taxonomy":"product_shine","embeddable":true,"href":"https:\/\/www.virtasenmaalitehdas.fi\/sv\/wp-json\/wp\/v2\/product_shine?post=26869"},{"taxonomy":"product_surface","embeddable":true,"href":"https:\/\/www.virtasenmaalitehdas.fi\/sv\/wp-json\/wp\/v2\/product_surface?post=26869"}],"curies":[{"name":"wp","href":"https:\/\/api.w.org\/{rel}","templated":true}]}}