{"id":26873,"date":"2024-03-20T14:27:01","date_gmt":"2024-03-20T14:27:01","guid":{"rendered":"https:\/\/www.virtasenmaalitehdas.fi\/?post_type=product&#038;p=26873"},"modified":"2025-11-11T14:08:45","modified_gmt":"2025-11-11T14:08:45","slug":"virtasen-oljevax","status":"publish","type":"product","link":"https:\/\/www.virtasenmaalitehdas.fi\/sv\/produkt\/virtasen-oljevax\/","title":{"rendered":"Virtasen Oljevax"},"content":{"rendered":"<section class=\"align wp-block-text\">\n    <div class=\"wrap wrap-small\">\n        <h2\n    class=\"title title-medium color-black \"\n>\n    Virtasens Oljevax \u2013 naturligt skydd f\u00f6r tr\u00e4ytor inomhus\n<\/h2>\n    <div class=\"text theme-black\">\n        <p><b>F\u00f6r obehandlade tr\u00e4ytor i torra och fuktiga inomhusutrymmen.<\/b><\/p>\n<p>Virtasens Oljevax \u00e4r en modern och milj\u00f6v\u00e4nlig tr\u00e4olja utvecklad f\u00f6r dig som vill skydda och framh\u00e4va tr\u00e4ets naturliga sk\u00f6nhet \u2013 utan plast, utan stark lukt. Vaxet tr\u00e4nger djupt in i tr\u00e4et och skapar en slitstark, smuts- och vattenavvisande yta som samtidigt l\u00e5ter tr\u00e4et andas naturligt.<\/p>\n<p>Dess unika sammans\u00e4ttning baseras p\u00e5 f\u00f6rnybara r\u00e5varor och naturliga oljor, vilket g\u00f6r den till ett h\u00e5llbart val f\u00f6r hem, stugor och bastur. Resultatet \u00e4r ett naturligt vackert, diffusions\u00f6ppet ytskikt som skyddar tr\u00e4et utan att t\u00e4ppa till dess porer.<\/p>\n<p>Detta m\u00e5ngsidiga oljevax f\u00f6r tr\u00e4ytor kan anv\u00e4ndas p\u00e5 n\u00e4stan alla obehandlade ytor inomhus: paneler, stockv\u00e4ggar, tr\u00e4golv, m\u00f6bler, d\u00f6rrar och f\u00f6nsterkarmar \u2013 \u00f6verallt d\u00e4r du vill kombinera h\u00e5llbarhet, estetik och enkelhet.<\/p>\n\n    <\/div>\n    <\/div>\n<\/section>\n\n\n<section class=\"align wp-block-text\">\n    <div class=\"wrap wrap-small\">\n        <h2\n    class=\"title title-medium color-black \"\n>\n    Perfekt \u00e4ven f\u00f6r bastun\n<\/h2>\n    <div class=\"text theme-black\">\n        <p>Och hur \u00e4r det med din bastu?<\/p>\n<p>Virtasens Oljevax \u00e4r det perfekta valet \u00e4ven f\u00f6r bastuns v\u00e4ggar, tak och lavar. Tack vare sin fuktt\u00e5lighet och naturliga sammans\u00e4ttning skyddar den tr\u00e4et mot slitage och missf\u00e4rgning, samtidigt som den bevarar bastuns naturliga, varma och inbjudande k\u00e4nsla.<\/p>\n\n    <\/div>\n    <\/div>\n<\/section>\n\n\n<section class=\"align wp-block-text\">\n    <div class=\"wrap wrap-small\">\n        <h2\n    class=\"title title-medium color-black \"\n>\n    Naturlig sk\u00f6nhet som varar\n<\/h2>\n    <div class=\"text theme-black\">\n        <p>Virtasens Oljevax ger en matt glans som framh\u00e4ver tr\u00e4ets struktur och skapar en harmonisk atmosf\u00e4r. Produkten \u00e4r vattenl\u00f6slig, l\u00e4tt att applicera och helt plastfri, vilket g\u00f6r m\u00e5lningen b\u00e5de enkel och behaglig \u2013 \u00e4ven i bebodda hem.<\/p>\n<p>Ge ditt tr\u00e4 den b\u00e4sta v\u00e5rden och skyddet med Virtasens Oljevax \u2013 en kombination av naturlig sk\u00f6nhet, andningsf\u00f6rm\u00e5ga och h\u00e5llbarhet som st\u00e5r emot tidens tand och ger ditt hem en unik k\u00e4nsla av Virtasen kvalitet.<\/p>\n\n    <\/div>\n    <\/div>\n<\/section>\n\n\n<section class=\"align wp-block-image-and-text \">\n    <div class=\"wrap wrap-default\">\n            <div class=\"flex row-reverse\">\n            <div class=\"flex-item six\">\n                                    <div class=\"image video\">\n                    <img decoding=\"async\"\n        src=\"https:\/\/www.virtasenmaalitehdas.fi\/app\/uploads\/2019\/01\/M1-sisustus-1200x675.jpg\"\n        srcset=\"https:\/\/www.virtasenmaalitehdas.fi\/app\/uploads\/2019\/01\/M1-sisustus-1200x675.jpg 1200w, https:\/\/www.virtasenmaalitehdas.fi\/app\/uploads\/2019\/01\/M1-sisustus-800x450.jpg 800w, https:\/\/www.virtasenmaalitehdas.fi\/app\/uploads\/2019\/01\/M1-sisustus-768x432.jpg 768w, https:\/\/www.virtasenmaalitehdas.fi\/app\/uploads\/2019\/01\/M1-sisustus-1536x864.jpg 1536w, https:\/\/www.virtasenmaalitehdas.fi\/app\/uploads\/2019\/01\/M1-sisustus.jpg 1650w\"\n        sizes=\"(max-width: 1200px) 100vw, 1200px\"\n        alt=\"\"\n            >\n        \n                <\/div>\n                                <\/div>\n            <div class=\"flex-item six\">\n                <div class=\"contentcontainer\">\n                            <h2\n    class=\"title title-medium color-black \"\n>\n    Bevisligen renare inomhusluft\n<\/h2>\n                            <div class=\"text theme-black\">\n                        <p>Ett opartiskt laboratorium har testat Virtasen Inredningsf\u00e4rg. Den uppfyller M1-klassens strikta v\u00e4rden f\u00f6r utsl\u00e4pp. Det betyder att endast sm\u00e5 m\u00e4ngder f\u00f6reningar och lukter sprids till det m\u00e5lade utrymmet.<\/p>\n\n                    <\/div>\n                       <\/div>\n            <\/div>\n        <\/div>\n        <\/div>\n<\/section>\n","protected":false},"featured_media":26060,"parent":0,"template":"","product_group":[85,87],"product_usage":[50,71,74,75],"product_shine":[80],"product_surface":[40,44],"class_list":["post-26873","product","type-product","status-publish","has-post-thumbnail","hentry","product_group-inomhusfarger","product_group-oljor-thinner-och-tjaror","product_usage-sauna","product_usage-huonekalujen-maalaus","product_usage-sisamaalaus","product_usage-sisaovien-maalaus","product_shine-himmea","product_surface-puu","product_surface-hirsi"],"acf":[],"yoast_head":"<!-- This site is optimized with the Yoast SEO Premium plugin v25.8 (Yoast SEO v27.3) - https:\/\/yoast.com\/product\/yoast-seo-premium-wordpress\/ -->\n<title>Oljevax som andas - Virtasen Maalitehdas<\/title>\n<meta name=\"description\" content=\"Oljevax som tr\u00e4nger djupt in i tr\u00e4et och bildar en slitstark och vacker yta som st\u00f6ter bort smuts och vatten. Virtasen Oljevax l\u00e5ter tr\u00e4et andas naturligt.\" \/>\n<meta name=\"robots\" content=\"index, follow, max-snippet:-1, max-image-preview:large, max-video-preview:-1\" \/>\n<link rel=\"canonical\" href=\"https:\/\/www.virtasenmaalitehdas.fi\/sv\/produkt\/virtasen-oljevax\/\" \/>\n<meta property=\"og:locale\" content=\"sv_SE\" \/>\n<meta property=\"og:type\" content=\"article\" \/>\n<meta property=\"og:title\" content=\"Virtasen Oljevax\" \/>\n<meta property=\"og:description\" content=\"Oljevax som tr\u00e4nger djupt in i tr\u00e4et och bildar en slitstark och vacker yta som st\u00f6ter bort smuts och vatten. Virtasen Oljevax l\u00e5ter tr\u00e4et andas naturligt.\" \/>\n<meta property=\"og:url\" content=\"https:\/\/www.virtasenmaalitehdas.fi\/sv\/produkt\/virtasen-oljevax\/\" \/>\n<meta property=\"og:site_name\" content=\"Virtasen Maalitehdas\" \/>\n<meta property=\"article:modified_time\" content=\"2025-11-11T14:08:45+00:00\" \/>\n<meta property=\"og:image\" content=\"https:\/\/www.virtasenmaalitehdas.fi\/app\/uploads\/2024\/03\/Virtasen-Oljyvaha_2.7L_WEB_700px_sx.png\" \/>\n\t<meta property=\"og:image:width\" content=\"700\" \/>\n\t<meta property=\"og:image:height\" content=\"577\" \/>\n\t<meta property=\"og:image:type\" content=\"image\/png\" \/>\n<meta name=\"twitter:card\" content=\"summary_large_image\" \/>\n<meta name=\"twitter:label1\" content=\"Est. reading time\" \/>\n\t<meta name=\"twitter:data1\" content=\"1 minute\" \/>\n<script type=\"application\/ld+json\" class=\"yoast-schema-graph\">{\"@context\":\"https:\\\/\\\/schema.org\",\"@graph\":[{\"@type\":\"WebPage\",\"@id\":\"https:\\\/\\\/www.virtasenmaalitehdas.fi\\\/sv\\\/produkt\\\/virtasen-oljevax\\\/\",\"url\":\"https:\\\/\\\/www.virtasenmaalitehdas.fi\\\/sv\\\/produkt\\\/virtasen-oljevax\\\/\",\"name\":\"Oljevax som andas - Virtasen Maalitehdas\",\"isPartOf\":{\"@id\":\"https:\\\/\\\/www.virtasenmaalitehdas.fi\\\/sv\\\/#website\"},\"primaryImageOfPage\":{\"@id\":\"https:\\\/\\\/www.virtasenmaalitehdas.fi\\\/sv\\\/produkt\\\/virtasen-oljevax\\\/#primaryimage\"},\"image\":{\"@id\":\"https:\\\/\\\/www.virtasenmaalitehdas.fi\\\/sv\\\/produkt\\\/virtasen-oljevax\\\/#primaryimage\"},\"thumbnailUrl\":\"https:\\\/\\\/www.virtasenmaalitehdas.fi\\\/app\\\/uploads\\\/2024\\\/03\\\/Virtasen-Oljyvaha_2.7L_WEB_700px_sx.png\",\"datePublished\":\"2024-03-20T14:27:01+00:00\",\"dateModified\":\"2025-11-11T14:08:45+00:00\",\"description\":\"Oljevax som tr\u00e4nger djupt in i tr\u00e4et och bildar en slitstark och vacker yta som st\u00f6ter bort smuts och vatten. Virtasen Oljevax l\u00e5ter tr\u00e4et andas naturligt.\",\"breadcrumb\":{\"@id\":\"https:\\\/\\\/www.virtasenmaalitehdas.fi\\\/sv\\\/produkt\\\/virtasen-oljevax\\\/#breadcrumb\"},\"inLanguage\":\"sv-SE\",\"potentialAction\":[{\"@type\":\"ReadAction\",\"target\":[\"https:\\\/\\\/www.virtasenmaalitehdas.fi\\\/sv\\\/produkt\\\/virtasen-oljevax\\\/\"]}]},{\"@type\":\"ImageObject\",\"inLanguage\":\"sv-SE\",\"@id\":\"https:\\\/\\\/www.virtasenmaalitehdas.fi\\\/sv\\\/produkt\\\/virtasen-oljevax\\\/#primaryimage\",\"url\":\"https:\\\/\\\/www.virtasenmaalitehdas.fi\\\/app\\\/uploads\\\/2024\\\/03\\\/Virtasen-Oljyvaha_2.7L_WEB_700px_sx.png\",\"contentUrl\":\"https:\\\/\\\/www.virtasenmaalitehdas.fi\\\/app\\\/uploads\\\/2024\\\/03\\\/Virtasen-Oljyvaha_2.7L_WEB_700px_sx.png\",\"width\":700,\"height\":577},{\"@type\":\"BreadcrumbList\",\"@id\":\"https:\\\/\\\/www.virtasenmaalitehdas.fi\\\/sv\\\/produkt\\\/virtasen-oljevax\\\/#breadcrumb\",\"itemListElement\":[{\"@type\":\"ListItem\",\"position\":1,\"name\":\"Home\",\"item\":\"https:\\\/\\\/www.virtasenmaalitehdas.fi\\\/sv\\\/\"},{\"@type\":\"ListItem\",\"position\":2,\"name\":\"Virtasen Oljevax\"}]},{\"@type\":\"WebSite\",\"@id\":\"https:\\\/\\\/www.virtasenmaalitehdas.fi\\\/sv\\\/#website\",\"url\":\"https:\\\/\\\/www.virtasenmaalitehdas.fi\\\/sv\\\/\",\"name\":\"Virtasen Maalitehdas\",\"description\":\"Luonnonmukaiset, hengitt\u00e4v\u00e4t maalimme suojelevat perhett\u00e4 ja puuta. Maali, joka kest\u00e4\u00e4 saariston karuissa ja kosteissa olosuhteissa, kest\u00e4\u00e4 miss\u00e4 vaan!\",\"potentialAction\":[{\"@type\":\"SearchAction\",\"target\":{\"@type\":\"EntryPoint\",\"urlTemplate\":\"https:\\\/\\\/www.virtasenmaalitehdas.fi\\\/sv\\\/?s={search_term_string}\"},\"query-input\":{\"@type\":\"PropertyValueSpecification\",\"valueRequired\":true,\"valueName\":\"search_term_string\"}}],\"inLanguage\":\"sv-SE\"}]}<\/script>\n<!-- \/ Yoast SEO Premium plugin. -->","yoast_head_json":{"title":"Oljevax som andas - Virtasen Maalitehdas","description":"Oljevax som tr\u00e4nger djupt in i tr\u00e4et och bildar en slitstark och vacker yta som st\u00f6ter bort smuts och vatten. Virtasen Oljevax l\u00e5ter tr\u00e4et andas naturligt.","robots":{"index":"index","follow":"follow","max-snippet":"max-snippet:-1","max-image-preview":"max-image-preview:large","max-video-preview":"max-video-preview:-1"},"canonical":"https:\/\/www.virtasenmaalitehdas.fi\/sv\/produkt\/virtasen-oljevax\/","og_locale":"sv_SE","og_type":"article","og_title":"Virtasen Oljevax","og_description":"Oljevax som tr\u00e4nger djupt in i tr\u00e4et och bildar en slitstark och vacker yta som st\u00f6ter bort smuts och vatten. Virtasen Oljevax l\u00e5ter tr\u00e4et andas naturligt.","og_url":"https:\/\/www.virtasenmaalitehdas.fi\/sv\/produkt\/virtasen-oljevax\/","og_site_name":"Virtasen Maalitehdas","article_modified_time":"2025-11-11T14:08:45+00:00","og_image":[{"width":700,"height":577,"url":"https:\/\/www.virtasenmaalitehdas.fi\/app\/uploads\/2024\/03\/Virtasen-Oljyvaha_2.7L_WEB_700px_sx.png","type":"image\/png"}],"twitter_card":"summary_large_image","twitter_misc":{"Est. reading time":"1 minute"},"schema":{"@context":"https:\/\/schema.org","@graph":[{"@type":"WebPage","@id":"https:\/\/www.virtasenmaalitehdas.fi\/sv\/produkt\/virtasen-oljevax\/","url":"https:\/\/www.virtasenmaalitehdas.fi\/sv\/produkt\/virtasen-oljevax\/","name":"Oljevax som andas - Virtasen Maalitehdas","isPartOf":{"@id":"https:\/\/www.virtasenmaalitehdas.fi\/sv\/#website"},"primaryImageOfPage":{"@id":"https:\/\/www.virtasenmaalitehdas.fi\/sv\/produkt\/virtasen-oljevax\/#primaryimage"},"image":{"@id":"https:\/\/www.virtasenmaalitehdas.fi\/sv\/produkt\/virtasen-oljevax\/#primaryimage"},"thumbnailUrl":"https:\/\/www.virtasenmaalitehdas.fi\/app\/uploads\/2024\/03\/Virtasen-Oljyvaha_2.7L_WEB_700px_sx.png","datePublished":"2024-03-20T14:27:01+00:00","dateModified":"2025-11-11T14:08:45+00:00","description":"Oljevax som tr\u00e4nger djupt in i tr\u00e4et och bildar en slitstark och vacker yta som st\u00f6ter bort smuts och vatten. Virtasen Oljevax l\u00e5ter tr\u00e4et andas naturligt.","breadcrumb":{"@id":"https:\/\/www.virtasenmaalitehdas.fi\/sv\/produkt\/virtasen-oljevax\/#breadcrumb"},"inLanguage":"sv-SE","potentialAction":[{"@type":"ReadAction","target":["https:\/\/www.virtasenmaalitehdas.fi\/sv\/produkt\/virtasen-oljevax\/"]}]},{"@type":"ImageObject","inLanguage":"sv-SE","@id":"https:\/\/www.virtasenmaalitehdas.fi\/sv\/produkt\/virtasen-oljevax\/#primaryimage","url":"https:\/\/www.virtasenmaalitehdas.fi\/app\/uploads\/2024\/03\/Virtasen-Oljyvaha_2.7L_WEB_700px_sx.png","contentUrl":"https:\/\/www.virtasenmaalitehdas.fi\/app\/uploads\/2024\/03\/Virtasen-Oljyvaha_2.7L_WEB_700px_sx.png","width":700,"height":577},{"@type":"BreadcrumbList","@id":"https:\/\/www.virtasenmaalitehdas.fi\/sv\/produkt\/virtasen-oljevax\/#breadcrumb","itemListElement":[{"@type":"ListItem","position":1,"name":"Home","item":"https:\/\/www.virtasenmaalitehdas.fi\/sv\/"},{"@type":"ListItem","position":2,"name":"Virtasen Oljevax"}]},{"@type":"WebSite","@id":"https:\/\/www.virtasenmaalitehdas.fi\/sv\/#website","url":"https:\/\/www.virtasenmaalitehdas.fi\/sv\/","name":"Virtasen Maalitehdas","description":"Luonnonmukaiset, hengitt\u00e4v\u00e4t maalimme suojelevat perhett\u00e4 ja puuta. Maali, joka kest\u00e4\u00e4 saariston karuissa ja kosteissa olosuhteissa, kest\u00e4\u00e4 miss\u00e4 vaan!","potentialAction":[{"@type":"SearchAction","target":{"@type":"EntryPoint","urlTemplate":"https:\/\/www.virtasenmaalitehdas.fi\/sv\/?s={search_term_string}"},"query-input":{"@type":"PropertyValueSpecification","valueRequired":true,"valueName":"search_term_string"}}],"inLanguage":"sv-SE"}]}},"_links":{"self":[{"href":"https:\/\/www.virtasenmaalitehdas.fi\/sv\/wp-json\/wp\/v2\/product\/26873","targetHints":{"allow":["GET"]}}],"collection":[{"href":"https:\/\/www.virtasenmaalitehdas.fi\/sv\/wp-json\/wp\/v2\/product"}],"about":[{"href":"https:\/\/www.virtasenmaalitehdas.fi\/sv\/wp-json\/wp\/v2\/types\/product"}],"wp:featuredmedia":[{"embeddable":true,"href":"https:\/\/www.virtasenmaalitehdas.fi\/sv\/wp-json\/wp\/v2\/media\/26060"}],"wp:attachment":[{"href":"https:\/\/www.virtasenmaalitehdas.fi\/sv\/wp-json\/wp\/v2\/media?parent=26873"}],"wp:term":[{"taxonomy":"product_group","embeddable":true,"href":"https:\/\/www.virtasenmaalitehdas.fi\/sv\/wp-json\/wp\/v2\/product_group?post=26873"},{"taxonomy":"product_usage","embeddable":true,"href":"https:\/\/www.virtasenmaalitehdas.fi\/sv\/wp-json\/wp\/v2\/product_usage?post=26873"},{"taxonomy":"product_shine","embeddable":true,"href":"https:\/\/www.virtasenmaalitehdas.fi\/sv\/wp-json\/wp\/v2\/product_shine?post=26873"},{"taxonomy":"product_surface","embeddable":true,"href":"https:\/\/www.virtasenmaalitehdas.fi\/sv\/wp-json\/wp\/v2\/product_surface?post=26873"}],"curies":[{"name":"wp","href":"https:\/\/api.w.org\/{rel}","templated":true}]}}