{"id":26874,"date":"2019-01-18T08:37:32","date_gmt":"2019-01-18T08:37:32","guid":{"rendered":"https:\/\/www.virtasenmaalitehdas.fi\/?post_type=product&#038;p=26874"},"modified":"2025-06-17T09:12:33","modified_gmt":"2025-06-17T09:12:33","slug":"tragolvfarg","status":"publish","type":"product","link":"https:\/\/www.virtasenmaalitehdas.fi\/sv\/produkt\/tragolvfarg\/","title":{"rendered":"Virtasen Porstua Tr\u00e4golvf\u00e4rg"},"content":{"rendered":"<section class=\"align wp-block-text\">\n    <div class=\"wrap wrap-small\">\n        <h2\n    class=\"title title-medium color-black \"\n>\n    Ett hemtrevligt sidenmatt eller ett trendigt blankt golv\n<\/h2>\n    <div class=\"text theme-black\">\n        <p>Virtasen Porstua Tr\u00e4golvsf\u00e4rg l\u00e4mpar sig, f\u00f6rutom f\u00f6r tr\u00e4- och betonggolv, f\u00f6r m\u00e5nga andra \u00e4ndam\u00e5l inomhus. Tack vare sin slitaget\u00e5lighet passar den ypperligt \u00e4ven f\u00f6r till exempel m\u00f6bler, trappor och r\u00e4cken.<\/p>\n<p>Den \u00e4r l\u00e4tt att stryka p\u00e5. Du \u00e5stadkommer l\u00e4tt en vacker yta eftersom f\u00e4rgen ger en j\u00e4mn yta n\u00e4stan av sig sj\u00e4lv. Som sidenmatt ger den en mysig st\u00e4mning och som blank \u00e4r den alltid trendig.<\/p>\n\n    <\/div>\n    <\/div>\n<\/section>\n","protected":false},"featured_media":25982,"parent":0,"template":"","product_group":[85],"product_usage":[61,71,72,73,74,75],"product_shine":[],"product_surface":[40,41],"class_list":["post-26874","product","type-product","status-publish","has-post-thumbnail","hentry","product_group-inomhusfarger","product_usage-rintamamiestalo-maalaus","product_usage-huonekalujen-maalaus","product_usage-lattian-maalaus","product_usage-puulattian-maalaus","product_usage-sisamaalaus","product_usage-sisaovien-maalaus","product_surface-puu","product_surface-betoni"],"acf":[],"yoast_head":"<!-- This site is optimized with the Yoast SEO Premium plugin v25.8 (Yoast SEO v27.5) - https:\/\/yoast.com\/product\/yoast-seo-premium-wordpress\/ -->\n<title>Virtasen Porstua Tr\u00e4golvf\u00e4rg - Virtasen Maalitehdas<\/title>\n<meta name=\"description\" content=\"Virtasen Porstua Tr\u00e4golvsf\u00e4rg l\u00e4mpar sig, f\u00f6rutom f\u00f6r tr\u00e4- och betonggolv, f\u00f6r m\u00e5nga andra \u00e4ndam\u00e5l inomhus. Den \u00e4r l\u00e4tt att stryka p\u00e5.\" \/>\n<meta name=\"robots\" content=\"index, follow, max-snippet:-1, max-image-preview:large, max-video-preview:-1\" \/>\n<link rel=\"canonical\" href=\"https:\/\/www.virtasenmaalitehdas.fi\/sv\/produkt\/tragolvfarg\/\" \/>\n<meta property=\"og:locale\" content=\"sv_SE\" \/>\n<meta property=\"og:type\" content=\"article\" \/>\n<meta property=\"og:title\" content=\"Virtasen Porstua Tr\u00e4golvf\u00e4rg\" \/>\n<meta property=\"og:description\" content=\"Virtasen Porstua Tr\u00e4golvsf\u00e4rg l\u00e4mpar sig, f\u00f6rutom f\u00f6r tr\u00e4- och betonggolv, f\u00f6r m\u00e5nga andra \u00e4ndam\u00e5l inomhus. Den \u00e4r l\u00e4tt att stryka p\u00e5.\" \/>\n<meta property=\"og:url\" content=\"https:\/\/www.virtasenmaalitehdas.fi\/sv\/produkt\/tragolvfarg\/\" \/>\n<meta property=\"og:site_name\" content=\"Virtasen Maalitehdas\" \/>\n<meta property=\"article:modified_time\" content=\"2025-06-17T09:12:33+00:00\" \/>\n<meta property=\"og:image\" content=\"https:\/\/www.virtasenmaalitehdas.fi\/app\/uploads\/2023\/07\/Virtasen-Porstua_10L_HT_700px_xs.png\" \/>\n\t<meta property=\"og:image:width\" content=\"700\" \/>\n\t<meta property=\"og:image:height\" content=\"522\" \/>\n\t<meta property=\"og:image:type\" content=\"image\/png\" \/>\n<meta name=\"twitter:card\" content=\"summary_large_image\" \/>\n<meta name=\"twitter:label1\" content=\"Est. reading time\" \/>\n\t<meta name=\"twitter:data1\" content=\"1 minute\" \/>\n<script type=\"application\/ld+json\" class=\"yoast-schema-graph\">{\"@context\":\"https:\\\/\\\/schema.org\",\"@graph\":[{\"@type\":\"WebPage\",\"@id\":\"https:\\\/\\\/www.virtasenmaalitehdas.fi\\\/sv\\\/produkt\\\/tragolvfarg\\\/\",\"url\":\"https:\\\/\\\/www.virtasenmaalitehdas.fi\\\/sv\\\/produkt\\\/tragolvfarg\\\/\",\"name\":\"Virtasen Porstua Tr\u00e4golvf\u00e4rg - Virtasen Maalitehdas\",\"isPartOf\":{\"@id\":\"https:\\\/\\\/www.virtasenmaalitehdas.fi\\\/sv\\\/#website\"},\"primaryImageOfPage\":{\"@id\":\"https:\\\/\\\/www.virtasenmaalitehdas.fi\\\/sv\\\/produkt\\\/tragolvfarg\\\/#primaryimage\"},\"image\":{\"@id\":\"https:\\\/\\\/www.virtasenmaalitehdas.fi\\\/sv\\\/produkt\\\/tragolvfarg\\\/#primaryimage\"},\"thumbnailUrl\":\"https:\\\/\\\/www.virtasenmaalitehdas.fi\\\/app\\\/uploads\\\/2023\\\/07\\\/Virtasen-Porstua_10L_HT_700px_xs.png\",\"datePublished\":\"2019-01-18T08:37:32+00:00\",\"dateModified\":\"2025-06-17T09:12:33+00:00\",\"description\":\"Virtasen Porstua Tr\u00e4golvsf\u00e4rg l\u00e4mpar sig, f\u00f6rutom f\u00f6r tr\u00e4- och betonggolv, f\u00f6r m\u00e5nga andra \u00e4ndam\u00e5l inomhus. Den \u00e4r l\u00e4tt att stryka p\u00e5.\",\"breadcrumb\":{\"@id\":\"https:\\\/\\\/www.virtasenmaalitehdas.fi\\\/sv\\\/produkt\\\/tragolvfarg\\\/#breadcrumb\"},\"inLanguage\":\"sv-SE\",\"potentialAction\":[{\"@type\":\"ReadAction\",\"target\":[\"https:\\\/\\\/www.virtasenmaalitehdas.fi\\\/sv\\\/produkt\\\/tragolvfarg\\\/\"]}]},{\"@type\":\"ImageObject\",\"inLanguage\":\"sv-SE\",\"@id\":\"https:\\\/\\\/www.virtasenmaalitehdas.fi\\\/sv\\\/produkt\\\/tragolvfarg\\\/#primaryimage\",\"url\":\"https:\\\/\\\/www.virtasenmaalitehdas.fi\\\/app\\\/uploads\\\/2023\\\/07\\\/Virtasen-Porstua_10L_HT_700px_xs.png\",\"contentUrl\":\"https:\\\/\\\/www.virtasenmaalitehdas.fi\\\/app\\\/uploads\\\/2023\\\/07\\\/Virtasen-Porstua_10L_HT_700px_xs.png\",\"width\":700,\"height\":522},{\"@type\":\"BreadcrumbList\",\"@id\":\"https:\\\/\\\/www.virtasenmaalitehdas.fi\\\/sv\\\/produkt\\\/tragolvfarg\\\/#breadcrumb\",\"itemListElement\":[{\"@type\":\"ListItem\",\"position\":1,\"name\":\"Home\",\"item\":\"https:\\\/\\\/www.virtasenmaalitehdas.fi\\\/sv\\\/\"},{\"@type\":\"ListItem\",\"position\":2,\"name\":\"Virtasen Porstua Tr\u00e4golvf\u00e4rg\"}]},{\"@type\":\"WebSite\",\"@id\":\"https:\\\/\\\/www.virtasenmaalitehdas.fi\\\/sv\\\/#website\",\"url\":\"https:\\\/\\\/www.virtasenmaalitehdas.fi\\\/sv\\\/\",\"name\":\"Virtasen Maalitehdas\",\"description\":\"Luonnonmukaiset, hengitt\u00e4v\u00e4t maalimme suojelevat perhett\u00e4 ja puuta. Maali, joka kest\u00e4\u00e4 saariston karuissa ja kosteissa olosuhteissa, kest\u00e4\u00e4 miss\u00e4 vaan!\",\"potentialAction\":[{\"@type\":\"SearchAction\",\"target\":{\"@type\":\"EntryPoint\",\"urlTemplate\":\"https:\\\/\\\/www.virtasenmaalitehdas.fi\\\/sv\\\/?s={search_term_string}\"},\"query-input\":{\"@type\":\"PropertyValueSpecification\",\"valueRequired\":true,\"valueName\":\"search_term_string\"}}],\"inLanguage\":\"sv-SE\"}]}<\/script>\n<!-- \/ Yoast SEO Premium plugin. -->","yoast_head_json":{"title":"Virtasen Porstua Tr\u00e4golvf\u00e4rg - Virtasen Maalitehdas","description":"Virtasen Porstua Tr\u00e4golvsf\u00e4rg l\u00e4mpar sig, f\u00f6rutom f\u00f6r tr\u00e4- och betonggolv, f\u00f6r m\u00e5nga andra \u00e4ndam\u00e5l inomhus. Den \u00e4r l\u00e4tt att stryka p\u00e5.","robots":{"index":"index","follow":"follow","max-snippet":"max-snippet:-1","max-image-preview":"max-image-preview:large","max-video-preview":"max-video-preview:-1"},"canonical":"https:\/\/www.virtasenmaalitehdas.fi\/sv\/produkt\/tragolvfarg\/","og_locale":"sv_SE","og_type":"article","og_title":"Virtasen Porstua Tr\u00e4golvf\u00e4rg","og_description":"Virtasen Porstua Tr\u00e4golvsf\u00e4rg l\u00e4mpar sig, f\u00f6rutom f\u00f6r tr\u00e4- och betonggolv, f\u00f6r m\u00e5nga andra \u00e4ndam\u00e5l inomhus. Den \u00e4r l\u00e4tt att stryka p\u00e5.","og_url":"https:\/\/www.virtasenmaalitehdas.fi\/sv\/produkt\/tragolvfarg\/","og_site_name":"Virtasen Maalitehdas","article_modified_time":"2025-06-17T09:12:33+00:00","og_image":[{"width":700,"height":522,"url":"https:\/\/www.virtasenmaalitehdas.fi\/app\/uploads\/2023\/07\/Virtasen-Porstua_10L_HT_700px_xs.png","type":"image\/png"}],"twitter_card":"summary_large_image","twitter_misc":{"Est. reading time":"1 minute"},"schema":{"@context":"https:\/\/schema.org","@graph":[{"@type":"WebPage","@id":"https:\/\/www.virtasenmaalitehdas.fi\/sv\/produkt\/tragolvfarg\/","url":"https:\/\/www.virtasenmaalitehdas.fi\/sv\/produkt\/tragolvfarg\/","name":"Virtasen Porstua Tr\u00e4golvf\u00e4rg - Virtasen Maalitehdas","isPartOf":{"@id":"https:\/\/www.virtasenmaalitehdas.fi\/sv\/#website"},"primaryImageOfPage":{"@id":"https:\/\/www.virtasenmaalitehdas.fi\/sv\/produkt\/tragolvfarg\/#primaryimage"},"image":{"@id":"https:\/\/www.virtasenmaalitehdas.fi\/sv\/produkt\/tragolvfarg\/#primaryimage"},"thumbnailUrl":"https:\/\/www.virtasenmaalitehdas.fi\/app\/uploads\/2023\/07\/Virtasen-Porstua_10L_HT_700px_xs.png","datePublished":"2019-01-18T08:37:32+00:00","dateModified":"2025-06-17T09:12:33+00:00","description":"Virtasen Porstua Tr\u00e4golvsf\u00e4rg l\u00e4mpar sig, f\u00f6rutom f\u00f6r tr\u00e4- och betonggolv, f\u00f6r m\u00e5nga andra \u00e4ndam\u00e5l inomhus. Den \u00e4r l\u00e4tt att stryka p\u00e5.","breadcrumb":{"@id":"https:\/\/www.virtasenmaalitehdas.fi\/sv\/produkt\/tragolvfarg\/#breadcrumb"},"inLanguage":"sv-SE","potentialAction":[{"@type":"ReadAction","target":["https:\/\/www.virtasenmaalitehdas.fi\/sv\/produkt\/tragolvfarg\/"]}]},{"@type":"ImageObject","inLanguage":"sv-SE","@id":"https:\/\/www.virtasenmaalitehdas.fi\/sv\/produkt\/tragolvfarg\/#primaryimage","url":"https:\/\/www.virtasenmaalitehdas.fi\/app\/uploads\/2023\/07\/Virtasen-Porstua_10L_HT_700px_xs.png","contentUrl":"https:\/\/www.virtasenmaalitehdas.fi\/app\/uploads\/2023\/07\/Virtasen-Porstua_10L_HT_700px_xs.png","width":700,"height":522},{"@type":"BreadcrumbList","@id":"https:\/\/www.virtasenmaalitehdas.fi\/sv\/produkt\/tragolvfarg\/#breadcrumb","itemListElement":[{"@type":"ListItem","position":1,"name":"Home","item":"https:\/\/www.virtasenmaalitehdas.fi\/sv\/"},{"@type":"ListItem","position":2,"name":"Virtasen Porstua Tr\u00e4golvf\u00e4rg"}]},{"@type":"WebSite","@id":"https:\/\/www.virtasenmaalitehdas.fi\/sv\/#website","url":"https:\/\/www.virtasenmaalitehdas.fi\/sv\/","name":"Virtasen Maalitehdas","description":"Luonnonmukaiset, hengitt\u00e4v\u00e4t maalimme suojelevat perhett\u00e4 ja puuta. Maali, joka kest\u00e4\u00e4 saariston karuissa ja kosteissa olosuhteissa, kest\u00e4\u00e4 miss\u00e4 vaan!","potentialAction":[{"@type":"SearchAction","target":{"@type":"EntryPoint","urlTemplate":"https:\/\/www.virtasenmaalitehdas.fi\/sv\/?s={search_term_string}"},"query-input":{"@type":"PropertyValueSpecification","valueRequired":true,"valueName":"search_term_string"}}],"inLanguage":"sv-SE"}]}},"_links":{"self":[{"href":"https:\/\/www.virtasenmaalitehdas.fi\/sv\/wp-json\/wp\/v2\/product\/26874","targetHints":{"allow":["GET"]}}],"collection":[{"href":"https:\/\/www.virtasenmaalitehdas.fi\/sv\/wp-json\/wp\/v2\/product"}],"about":[{"href":"https:\/\/www.virtasenmaalitehdas.fi\/sv\/wp-json\/wp\/v2\/types\/product"}],"wp:featuredmedia":[{"embeddable":true,"href":"https:\/\/www.virtasenmaalitehdas.fi\/sv\/wp-json\/wp\/v2\/media\/25982"}],"wp:attachment":[{"href":"https:\/\/www.virtasenmaalitehdas.fi\/sv\/wp-json\/wp\/v2\/media?parent=26874"}],"wp:term":[{"taxonomy":"product_group","embeddable":true,"href":"https:\/\/www.virtasenmaalitehdas.fi\/sv\/wp-json\/wp\/v2\/product_group?post=26874"},{"taxonomy":"product_usage","embeddable":true,"href":"https:\/\/www.virtasenmaalitehdas.fi\/sv\/wp-json\/wp\/v2\/product_usage?post=26874"},{"taxonomy":"product_shine","embeddable":true,"href":"https:\/\/www.virtasenmaalitehdas.fi\/sv\/wp-json\/wp\/v2\/product_shine?post=26874"},{"taxonomy":"product_surface","embeddable":true,"href":"https:\/\/www.virtasenmaalitehdas.fi\/sv\/wp-json\/wp\/v2\/product_surface?post=26874"}],"curies":[{"name":"wp","href":"https:\/\/api.w.org\/{rel}","templated":true}]}}