{"id":26875,"date":"2022-02-09T15:01:52","date_gmt":"2022-02-09T15:01:52","guid":{"rendered":"https:\/\/www.virtasenmaalitehdas.fi\/?post_type=product&#038;p=26875"},"modified":"2025-06-17T09:14:19","modified_gmt":"2025-06-17T09:14:19","slug":"transparent-panelfarg","status":"publish","type":"product","link":"https:\/\/www.virtasenmaalitehdas.fi\/sv\/produkt\/transparent-panelfarg\/","title":{"rendered":"Transparent Panelf\u00e4rg"},"content":{"rendered":"<section class=\"align wp-block-text\">\n    <div class=\"wrap wrap-small\">\n        <h2\n    class=\"title title-medium color-black \"\n>\n    F\u00e4rgen som andas och lyfter vackert fram tr\u00e4strukturen\n<\/h2>\n    <div class=\"text theme-black\">\n        <p>Det blir inga r\u00e4nder d\u00e5 Virtasen Panelf\u00e4rg Transparent Vit ger en j\u00e4mn yta n\u00e4stan av sig sj\u00e4lv samtidigt som den framh\u00e4ver vackert tr\u00e4ytans m\u00f6nster. Virtasen Panelf\u00e4rg tillverkas p\u00e5 basen av traditionella recept. Den \u00e4r en plastfri \u00e4kta naturf\u00e4rg med linolja som bindemedel.<\/p>\n<p>Tr\u00e4vax kan inneh\u00e5lla mikroplast, dessutom \u00e4r de inte \u00f6verm\u00e5lningsbara. Med den plastfria Virtasen Panelf\u00e4rg Transparent Vit f\u00e5r du en vacker halvmatt vaxlik yta, som inte gulnar. Den vattenl\u00f6sliga Virtasen Panelf\u00e4rg Transparent Vit torkar snabbt och \u00e4r tack vare linoljan l\u00e4tt att stryka p\u00e5.<\/p>\n\n    <\/div>\n    <\/div>\n<\/section>\n\n\n<section class=\"align wp-block-image-and-text \">\n    <div class=\"wrap wrap-default\">\n            <div class=\"flex \">\n            <div class=\"flex-item six\">\n                                    <div class=\"image video\">\n                    <img decoding=\"async\"\n        src=\"https:\/\/www.virtasenmaalitehdas.fi\/app\/uploads\/2019\/01\/M1-sisustus-1200x675.jpg\"\n        srcset=\"https:\/\/www.virtasenmaalitehdas.fi\/app\/uploads\/2019\/01\/M1-sisustus-1200x675.jpg 1200w, https:\/\/www.virtasenmaalitehdas.fi\/app\/uploads\/2019\/01\/M1-sisustus-800x450.jpg 800w, https:\/\/www.virtasenmaalitehdas.fi\/app\/uploads\/2019\/01\/M1-sisustus-768x432.jpg 768w, https:\/\/www.virtasenmaalitehdas.fi\/app\/uploads\/2019\/01\/M1-sisustus-1536x864.jpg 1536w, https:\/\/www.virtasenmaalitehdas.fi\/app\/uploads\/2019\/01\/M1-sisustus.jpg 1650w\"\n        sizes=\"(max-width: 1200px) 100vw, 1200px\"\n        alt=\"\"\n            >\n        \n                <\/div>\n                                <\/div>\n            <div class=\"flex-item six\">\n                <div class=\"contentcontainer\">\n                            <h2\n    class=\"title title-medium color-black \"\n>\n    Bevisligen renare inomhusluft\n<\/h2>\n                            <div class=\"text theme-black\">\n                        <p>Ett opartiskt laboratorium har testat Virtasen Inredningsf\u00e4rg. Den uppfyller M1-klassens strikta v\u00e4rden f\u00f6r utsl\u00e4pp. Det betyder att endast sm\u00e5 m\u00e4ngder f\u00f6reningar och lukter sprids till det m\u00e5lade utrymmet.<\/p>\n\n                    <\/div>\n                       <\/div>\n            <\/div>\n        <\/div>\n        <\/div>\n<\/section>\n","protected":false},"featured_media":25728,"parent":0,"template":"","product_group":[85],"product_usage":[],"product_shine":[80],"product_surface":[40,44],"class_list":["post-26875","product","type-product","status-publish","has-post-thumbnail","hentry","product_group-inomhusfarger","product_shine-himmea","product_surface-puu","product_surface-hirsi"],"acf":[],"yoast_head":"<!-- This site is optimized with the Yoast SEO Premium plugin v25.8 (Yoast SEO v27.5) - https:\/\/yoast.com\/product\/yoast-seo-premium-wordpress\/ -->\n<title>Transparent Panelf\u00e4rg - Virtasen Maalitehdas<\/title>\n<meta name=\"description\" content=\"Virtasen Panelf\u00e4rg tillverkas p\u00e5 basen av traditionella recept. Den \u00e4r en plastfri \u00e4kta naturf\u00e4rg med linolja som bindemedel.\" \/>\n<meta name=\"robots\" content=\"index, follow, max-snippet:-1, max-image-preview:large, max-video-preview:-1\" \/>\n<link rel=\"canonical\" href=\"https:\/\/www.virtasenmaalitehdas.fi\/sv\/produkt\/transparent-panelfarg\/\" \/>\n<meta property=\"og:locale\" content=\"sv_SE\" \/>\n<meta property=\"og:type\" content=\"article\" \/>\n<meta property=\"og:title\" content=\"Transparent Panelf\u00e4rg\" \/>\n<meta property=\"og:description\" content=\"Virtasen Panelf\u00e4rg tillverkas p\u00e5 basen av traditionella recept. Den \u00e4r en plastfri \u00e4kta naturf\u00e4rg med linolja som bindemedel.\" \/>\n<meta property=\"og:url\" content=\"https:\/\/www.virtasenmaalitehdas.fi\/sv\/produkt\/transparent-panelfarg\/\" \/>\n<meta property=\"og:site_name\" content=\"Virtasen Maalitehdas\" \/>\n<meta property=\"article:modified_time\" content=\"2025-06-17T09:14:19+00:00\" \/>\n<meta property=\"og:image\" content=\"https:\/\/www.virtasenmaalitehdas.fi\/app\/uploads\/2023\/01\/Virtasen-Kuultava_Paneelimaali_10L_HT_700px.png\" \/>\n\t<meta property=\"og:image:width\" content=\"700\" \/>\n\t<meta property=\"og:image:height\" content=\"577\" \/>\n\t<meta property=\"og:image:type\" content=\"image\/png\" \/>\n<meta name=\"twitter:card\" content=\"summary_large_image\" \/>\n<meta name=\"twitter:label1\" content=\"Est. reading time\" \/>\n\t<meta name=\"twitter:data1\" content=\"1 minute\" \/>\n<script type=\"application\/ld+json\" class=\"yoast-schema-graph\">{\"@context\":\"https:\\\/\\\/schema.org\",\"@graph\":[{\"@type\":\"WebPage\",\"@id\":\"https:\\\/\\\/www.virtasenmaalitehdas.fi\\\/sv\\\/produkt\\\/transparent-panelfarg\\\/\",\"url\":\"https:\\\/\\\/www.virtasenmaalitehdas.fi\\\/sv\\\/produkt\\\/transparent-panelfarg\\\/\",\"name\":\"Transparent Panelf\u00e4rg - Virtasen Maalitehdas\",\"isPartOf\":{\"@id\":\"https:\\\/\\\/www.virtasenmaalitehdas.fi\\\/sv\\\/#website\"},\"primaryImageOfPage\":{\"@id\":\"https:\\\/\\\/www.virtasenmaalitehdas.fi\\\/sv\\\/produkt\\\/transparent-panelfarg\\\/#primaryimage\"},\"image\":{\"@id\":\"https:\\\/\\\/www.virtasenmaalitehdas.fi\\\/sv\\\/produkt\\\/transparent-panelfarg\\\/#primaryimage\"},\"thumbnailUrl\":\"https:\\\/\\\/www.virtasenmaalitehdas.fi\\\/app\\\/uploads\\\/2023\\\/01\\\/Virtasen-Kuultava_Paneelimaali_10L_HT_700px.png\",\"datePublished\":\"2022-02-09T15:01:52+00:00\",\"dateModified\":\"2025-06-17T09:14:19+00:00\",\"description\":\"Virtasen Panelf\u00e4rg tillverkas p\u00e5 basen av traditionella recept. Den \u00e4r en plastfri \u00e4kta naturf\u00e4rg med linolja som bindemedel.\",\"breadcrumb\":{\"@id\":\"https:\\\/\\\/www.virtasenmaalitehdas.fi\\\/sv\\\/produkt\\\/transparent-panelfarg\\\/#breadcrumb\"},\"inLanguage\":\"sv-SE\",\"potentialAction\":[{\"@type\":\"ReadAction\",\"target\":[\"https:\\\/\\\/www.virtasenmaalitehdas.fi\\\/sv\\\/produkt\\\/transparent-panelfarg\\\/\"]}]},{\"@type\":\"ImageObject\",\"inLanguage\":\"sv-SE\",\"@id\":\"https:\\\/\\\/www.virtasenmaalitehdas.fi\\\/sv\\\/produkt\\\/transparent-panelfarg\\\/#primaryimage\",\"url\":\"https:\\\/\\\/www.virtasenmaalitehdas.fi\\\/app\\\/uploads\\\/2023\\\/01\\\/Virtasen-Kuultava_Paneelimaali_10L_HT_700px.png\",\"contentUrl\":\"https:\\\/\\\/www.virtasenmaalitehdas.fi\\\/app\\\/uploads\\\/2023\\\/01\\\/Virtasen-Kuultava_Paneelimaali_10L_HT_700px.png\",\"width\":700,\"height\":577},{\"@type\":\"BreadcrumbList\",\"@id\":\"https:\\\/\\\/www.virtasenmaalitehdas.fi\\\/sv\\\/produkt\\\/transparent-panelfarg\\\/#breadcrumb\",\"itemListElement\":[{\"@type\":\"ListItem\",\"position\":1,\"name\":\"Home\",\"item\":\"https:\\\/\\\/www.virtasenmaalitehdas.fi\\\/sv\\\/\"},{\"@type\":\"ListItem\",\"position\":2,\"name\":\"Transparent Panelf\u00e4rg\"}]},{\"@type\":\"WebSite\",\"@id\":\"https:\\\/\\\/www.virtasenmaalitehdas.fi\\\/sv\\\/#website\",\"url\":\"https:\\\/\\\/www.virtasenmaalitehdas.fi\\\/sv\\\/\",\"name\":\"Virtasen Maalitehdas\",\"description\":\"Luonnonmukaiset, hengitt\u00e4v\u00e4t maalimme suojelevat perhett\u00e4 ja puuta. Maali, joka kest\u00e4\u00e4 saariston karuissa ja kosteissa olosuhteissa, kest\u00e4\u00e4 miss\u00e4 vaan!\",\"potentialAction\":[{\"@type\":\"SearchAction\",\"target\":{\"@type\":\"EntryPoint\",\"urlTemplate\":\"https:\\\/\\\/www.virtasenmaalitehdas.fi\\\/sv\\\/?s={search_term_string}\"},\"query-input\":{\"@type\":\"PropertyValueSpecification\",\"valueRequired\":true,\"valueName\":\"search_term_string\"}}],\"inLanguage\":\"sv-SE\"}]}<\/script>\n<!-- \/ Yoast SEO Premium plugin. -->","yoast_head_json":{"title":"Transparent Panelf\u00e4rg - Virtasen Maalitehdas","description":"Virtasen Panelf\u00e4rg tillverkas p\u00e5 basen av traditionella recept. Den \u00e4r en plastfri \u00e4kta naturf\u00e4rg med linolja som bindemedel.","robots":{"index":"index","follow":"follow","max-snippet":"max-snippet:-1","max-image-preview":"max-image-preview:large","max-video-preview":"max-video-preview:-1"},"canonical":"https:\/\/www.virtasenmaalitehdas.fi\/sv\/produkt\/transparent-panelfarg\/","og_locale":"sv_SE","og_type":"article","og_title":"Transparent Panelf\u00e4rg","og_description":"Virtasen Panelf\u00e4rg tillverkas p\u00e5 basen av traditionella recept. Den \u00e4r en plastfri \u00e4kta naturf\u00e4rg med linolja som bindemedel.","og_url":"https:\/\/www.virtasenmaalitehdas.fi\/sv\/produkt\/transparent-panelfarg\/","og_site_name":"Virtasen Maalitehdas","article_modified_time":"2025-06-17T09:14:19+00:00","og_image":[{"width":700,"height":577,"url":"https:\/\/www.virtasenmaalitehdas.fi\/app\/uploads\/2023\/01\/Virtasen-Kuultava_Paneelimaali_10L_HT_700px.png","type":"image\/png"}],"twitter_card":"summary_large_image","twitter_misc":{"Est. reading time":"1 minute"},"schema":{"@context":"https:\/\/schema.org","@graph":[{"@type":"WebPage","@id":"https:\/\/www.virtasenmaalitehdas.fi\/sv\/produkt\/transparent-panelfarg\/","url":"https:\/\/www.virtasenmaalitehdas.fi\/sv\/produkt\/transparent-panelfarg\/","name":"Transparent Panelf\u00e4rg - Virtasen Maalitehdas","isPartOf":{"@id":"https:\/\/www.virtasenmaalitehdas.fi\/sv\/#website"},"primaryImageOfPage":{"@id":"https:\/\/www.virtasenmaalitehdas.fi\/sv\/produkt\/transparent-panelfarg\/#primaryimage"},"image":{"@id":"https:\/\/www.virtasenmaalitehdas.fi\/sv\/produkt\/transparent-panelfarg\/#primaryimage"},"thumbnailUrl":"https:\/\/www.virtasenmaalitehdas.fi\/app\/uploads\/2023\/01\/Virtasen-Kuultava_Paneelimaali_10L_HT_700px.png","datePublished":"2022-02-09T15:01:52+00:00","dateModified":"2025-06-17T09:14:19+00:00","description":"Virtasen Panelf\u00e4rg tillverkas p\u00e5 basen av traditionella recept. Den \u00e4r en plastfri \u00e4kta naturf\u00e4rg med linolja som bindemedel.","breadcrumb":{"@id":"https:\/\/www.virtasenmaalitehdas.fi\/sv\/produkt\/transparent-panelfarg\/#breadcrumb"},"inLanguage":"sv-SE","potentialAction":[{"@type":"ReadAction","target":["https:\/\/www.virtasenmaalitehdas.fi\/sv\/produkt\/transparent-panelfarg\/"]}]},{"@type":"ImageObject","inLanguage":"sv-SE","@id":"https:\/\/www.virtasenmaalitehdas.fi\/sv\/produkt\/transparent-panelfarg\/#primaryimage","url":"https:\/\/www.virtasenmaalitehdas.fi\/app\/uploads\/2023\/01\/Virtasen-Kuultava_Paneelimaali_10L_HT_700px.png","contentUrl":"https:\/\/www.virtasenmaalitehdas.fi\/app\/uploads\/2023\/01\/Virtasen-Kuultava_Paneelimaali_10L_HT_700px.png","width":700,"height":577},{"@type":"BreadcrumbList","@id":"https:\/\/www.virtasenmaalitehdas.fi\/sv\/produkt\/transparent-panelfarg\/#breadcrumb","itemListElement":[{"@type":"ListItem","position":1,"name":"Home","item":"https:\/\/www.virtasenmaalitehdas.fi\/sv\/"},{"@type":"ListItem","position":2,"name":"Transparent Panelf\u00e4rg"}]},{"@type":"WebSite","@id":"https:\/\/www.virtasenmaalitehdas.fi\/sv\/#website","url":"https:\/\/www.virtasenmaalitehdas.fi\/sv\/","name":"Virtasen Maalitehdas","description":"Luonnonmukaiset, hengitt\u00e4v\u00e4t maalimme suojelevat perhett\u00e4 ja puuta. Maali, joka kest\u00e4\u00e4 saariston karuissa ja kosteissa olosuhteissa, kest\u00e4\u00e4 miss\u00e4 vaan!","potentialAction":[{"@type":"SearchAction","target":{"@type":"EntryPoint","urlTemplate":"https:\/\/www.virtasenmaalitehdas.fi\/sv\/?s={search_term_string}"},"query-input":{"@type":"PropertyValueSpecification","valueRequired":true,"valueName":"search_term_string"}}],"inLanguage":"sv-SE"}]}},"_links":{"self":[{"href":"https:\/\/www.virtasenmaalitehdas.fi\/sv\/wp-json\/wp\/v2\/product\/26875","targetHints":{"allow":["GET"]}}],"collection":[{"href":"https:\/\/www.virtasenmaalitehdas.fi\/sv\/wp-json\/wp\/v2\/product"}],"about":[{"href":"https:\/\/www.virtasenmaalitehdas.fi\/sv\/wp-json\/wp\/v2\/types\/product"}],"wp:featuredmedia":[{"embeddable":true,"href":"https:\/\/www.virtasenmaalitehdas.fi\/sv\/wp-json\/wp\/v2\/media\/25728"}],"wp:attachment":[{"href":"https:\/\/www.virtasenmaalitehdas.fi\/sv\/wp-json\/wp\/v2\/media?parent=26875"}],"wp:term":[{"taxonomy":"product_group","embeddable":true,"href":"https:\/\/www.virtasenmaalitehdas.fi\/sv\/wp-json\/wp\/v2\/product_group?post=26875"},{"taxonomy":"product_usage","embeddable":true,"href":"https:\/\/www.virtasenmaalitehdas.fi\/sv\/wp-json\/wp\/v2\/product_usage?post=26875"},{"taxonomy":"product_shine","embeddable":true,"href":"https:\/\/www.virtasenmaalitehdas.fi\/sv\/wp-json\/wp\/v2\/product_shine?post=26875"},{"taxonomy":"product_surface","embeddable":true,"href":"https:\/\/www.virtasenmaalitehdas.fi\/sv\/wp-json\/wp\/v2\/product_surface?post=26875"}],"curies":[{"name":"wp","href":"https:\/\/api.w.org\/{rel}","templated":true}]}}