{"id":26876,"date":"2022-09-22T11:08:53","date_gmt":"2022-09-22T11:08:53","guid":{"rendered":"https:\/\/www.virtasenmaalitehdas.fi\/?post_type=product&#038;p=26876"},"modified":"2025-06-17T08:00:48","modified_gmt":"2025-06-17T08:00:48","slug":"mobelfarg","status":"publish","type":"product","link":"https:\/\/www.virtasenmaalitehdas.fi\/sv\/produkt\/mobelfarg\/","title":{"rendered":"Virtasen M\u00f6belf\u00e4rg"},"content":{"rendered":"<section class=\"align wp-block-text\">\n    <div class=\"wrap wrap-small\">\n        <h2\n    class=\"title title-medium color-black \"\n>\n    Slitaget\u00e5lig vattenbaserad plastfri m\u00e5larf\u00e4rg som andas\n<\/h2>\n    <div class=\"text theme-black\">\n        <p>Ge gamla m\u00f6bler ett nytt utseende enkelt med Virtasen M\u00f6belf\u00e4rg. Virtasen M\u00f6belf\u00e4rg \u00e4r en milj\u00f6v\u00e4nlig vattenbaserad interi\u00f6rf\u00e4rg som \u00e4r extremt h\u00e5llbar.<\/p>\n<p>Naturligtvis inkluderar produktens traditionella v\u00e4rden andningsf\u00f6rm\u00e5ga och 100 % plastfrihet, vilket tillsammans garanterar ett h\u00e4lsosamt slutresultat.<\/p>\n<p>Med hj\u00e4lp av Virtasen M\u00f6belf\u00e4rg kan du f\u00f6rnya utseendet p\u00e5 dina m\u00f6bler billigt och enkelt, och f\u00e5 ett nytt utseende till din inredning.<\/p>\n<p>Virtasen M\u00f6belf\u00e4rg tillverkas givetvis i Finland, precis som alla andra Virtasen f\u00e4rger. N\u00e4r du ska renovera eller m\u00e5la en ny yta v\u00e4ljer du slitstark Virtanen M\u00f6belf\u00e4rg. Dessutom \u00e4r den M1-emissionsklassad.<\/p>\n\n    <\/div>\n    <\/div>\n<\/section>\n","protected":false},"featured_media":25690,"parent":0,"template":"","product_group":[85],"product_usage":[71,74],"product_shine":[38],"product_surface":[40,45],"class_list":["post-26876","product","type-product","status-publish","has-post-thumbnail","hentry","product_group-inomhusfarger","product_usage-huonekalujen-maalaus","product_usage-sisamaalaus","product_shine-puolihimmea","product_surface-puu","product_surface-metalli"],"acf":[],"yoast_head":"<!-- This site is optimized with the Yoast SEO Premium plugin v25.8 (Yoast SEO v27.5) - https:\/\/yoast.com\/product\/yoast-seo-premium-wordpress\/ -->\n<title>Virtasen M\u00f6belf\u00e4rg - Virtasen Maalitehdas<\/title>\n<meta name=\"description\" content=\"Ge gamla m\u00f6bler ett nytt utseende enkelt med Virtasen M\u00f6belf\u00e4rg. Virtasen M\u00f6belf\u00e4rg \u00e4r en milj\u00f6v\u00e4nlig vattenbaserad interi\u00f6rf\u00e4rg.\" \/>\n<meta name=\"robots\" content=\"index, follow, max-snippet:-1, max-image-preview:large, max-video-preview:-1\" \/>\n<link rel=\"canonical\" href=\"https:\/\/www.virtasenmaalitehdas.fi\/sv\/produkt\/mobelfarg\/\" \/>\n<meta property=\"og:locale\" content=\"sv_SE\" \/>\n<meta property=\"og:type\" content=\"article\" \/>\n<meta property=\"og:title\" content=\"Virtasen M\u00f6belf\u00e4rg\" \/>\n<meta property=\"og:description\" content=\"Ge gamla m\u00f6bler ett nytt utseende enkelt med Virtasen M\u00f6belf\u00e4rg. Virtasen M\u00f6belf\u00e4rg \u00e4r en milj\u00f6v\u00e4nlig vattenbaserad interi\u00f6rf\u00e4rg.\" \/>\n<meta property=\"og:url\" content=\"https:\/\/www.virtasenmaalitehdas.fi\/sv\/produkt\/mobelfarg\/\" \/>\n<meta property=\"og:site_name\" content=\"Virtasen Maalitehdas\" \/>\n<meta property=\"article:modified_time\" content=\"2025-06-17T08:00:48+00:00\" \/>\n<meta property=\"og:image\" content=\"https:\/\/www.virtasenmaalitehdas.fi\/app\/uploads\/2022\/10\/Virtasen-Kalustemaali_700px_HT_SX.png\" \/>\n\t<meta property=\"og:image:width\" content=\"700\" \/>\n\t<meta property=\"og:image:height\" content=\"578\" \/>\n\t<meta property=\"og:image:type\" content=\"image\/png\" \/>\n<meta name=\"twitter:card\" content=\"summary_large_image\" \/>\n<meta name=\"twitter:label1\" content=\"Est. reading time\" \/>\n\t<meta name=\"twitter:data1\" content=\"1 minute\" \/>\n<script type=\"application\/ld+json\" class=\"yoast-schema-graph\">{\"@context\":\"https:\\\/\\\/schema.org\",\"@graph\":[{\"@type\":\"WebPage\",\"@id\":\"https:\\\/\\\/www.virtasenmaalitehdas.fi\\\/sv\\\/produkt\\\/mobelfarg\\\/\",\"url\":\"https:\\\/\\\/www.virtasenmaalitehdas.fi\\\/sv\\\/produkt\\\/mobelfarg\\\/\",\"name\":\"Virtasen M\u00f6belf\u00e4rg - Virtasen Maalitehdas\",\"isPartOf\":{\"@id\":\"https:\\\/\\\/www.virtasenmaalitehdas.fi\\\/sv\\\/#website\"},\"primaryImageOfPage\":{\"@id\":\"https:\\\/\\\/www.virtasenmaalitehdas.fi\\\/sv\\\/produkt\\\/mobelfarg\\\/#primaryimage\"},\"image\":{\"@id\":\"https:\\\/\\\/www.virtasenmaalitehdas.fi\\\/sv\\\/produkt\\\/mobelfarg\\\/#primaryimage\"},\"thumbnailUrl\":\"https:\\\/\\\/www.virtasenmaalitehdas.fi\\\/app\\\/uploads\\\/2022\\\/10\\\/Virtasen-Kalustemaali_700px_HT_SX.png\",\"datePublished\":\"2022-09-22T11:08:53+00:00\",\"dateModified\":\"2025-06-17T08:00:48+00:00\",\"description\":\"Ge gamla m\u00f6bler ett nytt utseende enkelt med Virtasen M\u00f6belf\u00e4rg. Virtasen M\u00f6belf\u00e4rg \u00e4r en milj\u00f6v\u00e4nlig vattenbaserad interi\u00f6rf\u00e4rg.\",\"breadcrumb\":{\"@id\":\"https:\\\/\\\/www.virtasenmaalitehdas.fi\\\/sv\\\/produkt\\\/mobelfarg\\\/#breadcrumb\"},\"inLanguage\":\"sv-SE\",\"potentialAction\":[{\"@type\":\"ReadAction\",\"target\":[\"https:\\\/\\\/www.virtasenmaalitehdas.fi\\\/sv\\\/produkt\\\/mobelfarg\\\/\"]}]},{\"@type\":\"ImageObject\",\"inLanguage\":\"sv-SE\",\"@id\":\"https:\\\/\\\/www.virtasenmaalitehdas.fi\\\/sv\\\/produkt\\\/mobelfarg\\\/#primaryimage\",\"url\":\"https:\\\/\\\/www.virtasenmaalitehdas.fi\\\/app\\\/uploads\\\/2022\\\/10\\\/Virtasen-Kalustemaali_700px_HT_SX.png\",\"contentUrl\":\"https:\\\/\\\/www.virtasenmaalitehdas.fi\\\/app\\\/uploads\\\/2022\\\/10\\\/Virtasen-Kalustemaali_700px_HT_SX.png\",\"width\":700,\"height\":578},{\"@type\":\"BreadcrumbList\",\"@id\":\"https:\\\/\\\/www.virtasenmaalitehdas.fi\\\/sv\\\/produkt\\\/mobelfarg\\\/#breadcrumb\",\"itemListElement\":[{\"@type\":\"ListItem\",\"position\":1,\"name\":\"Home\",\"item\":\"https:\\\/\\\/www.virtasenmaalitehdas.fi\\\/sv\\\/\"},{\"@type\":\"ListItem\",\"position\":2,\"name\":\"Virtasen M\u00f6belf\u00e4rg\"}]},{\"@type\":\"WebSite\",\"@id\":\"https:\\\/\\\/www.virtasenmaalitehdas.fi\\\/sv\\\/#website\",\"url\":\"https:\\\/\\\/www.virtasenmaalitehdas.fi\\\/sv\\\/\",\"name\":\"Virtasen Maalitehdas\",\"description\":\"Luonnonmukaiset, hengitt\u00e4v\u00e4t maalimme suojelevat perhett\u00e4 ja puuta. Maali, joka kest\u00e4\u00e4 saariston karuissa ja kosteissa olosuhteissa, kest\u00e4\u00e4 miss\u00e4 vaan!\",\"potentialAction\":[{\"@type\":\"SearchAction\",\"target\":{\"@type\":\"EntryPoint\",\"urlTemplate\":\"https:\\\/\\\/www.virtasenmaalitehdas.fi\\\/sv\\\/?s={search_term_string}\"},\"query-input\":{\"@type\":\"PropertyValueSpecification\",\"valueRequired\":true,\"valueName\":\"search_term_string\"}}],\"inLanguage\":\"sv-SE\"}]}<\/script>\n<!-- \/ Yoast SEO Premium plugin. -->","yoast_head_json":{"title":"Virtasen M\u00f6belf\u00e4rg - Virtasen Maalitehdas","description":"Ge gamla m\u00f6bler ett nytt utseende enkelt med Virtasen M\u00f6belf\u00e4rg. Virtasen M\u00f6belf\u00e4rg \u00e4r en milj\u00f6v\u00e4nlig vattenbaserad interi\u00f6rf\u00e4rg.","robots":{"index":"index","follow":"follow","max-snippet":"max-snippet:-1","max-image-preview":"max-image-preview:large","max-video-preview":"max-video-preview:-1"},"canonical":"https:\/\/www.virtasenmaalitehdas.fi\/sv\/produkt\/mobelfarg\/","og_locale":"sv_SE","og_type":"article","og_title":"Virtasen M\u00f6belf\u00e4rg","og_description":"Ge gamla m\u00f6bler ett nytt utseende enkelt med Virtasen M\u00f6belf\u00e4rg. Virtasen M\u00f6belf\u00e4rg \u00e4r en milj\u00f6v\u00e4nlig vattenbaserad interi\u00f6rf\u00e4rg.","og_url":"https:\/\/www.virtasenmaalitehdas.fi\/sv\/produkt\/mobelfarg\/","og_site_name":"Virtasen Maalitehdas","article_modified_time":"2025-06-17T08:00:48+00:00","og_image":[{"width":700,"height":578,"url":"https:\/\/www.virtasenmaalitehdas.fi\/app\/uploads\/2022\/10\/Virtasen-Kalustemaali_700px_HT_SX.png","type":"image\/png"}],"twitter_card":"summary_large_image","twitter_misc":{"Est. reading time":"1 minute"},"schema":{"@context":"https:\/\/schema.org","@graph":[{"@type":"WebPage","@id":"https:\/\/www.virtasenmaalitehdas.fi\/sv\/produkt\/mobelfarg\/","url":"https:\/\/www.virtasenmaalitehdas.fi\/sv\/produkt\/mobelfarg\/","name":"Virtasen M\u00f6belf\u00e4rg - Virtasen Maalitehdas","isPartOf":{"@id":"https:\/\/www.virtasenmaalitehdas.fi\/sv\/#website"},"primaryImageOfPage":{"@id":"https:\/\/www.virtasenmaalitehdas.fi\/sv\/produkt\/mobelfarg\/#primaryimage"},"image":{"@id":"https:\/\/www.virtasenmaalitehdas.fi\/sv\/produkt\/mobelfarg\/#primaryimage"},"thumbnailUrl":"https:\/\/www.virtasenmaalitehdas.fi\/app\/uploads\/2022\/10\/Virtasen-Kalustemaali_700px_HT_SX.png","datePublished":"2022-09-22T11:08:53+00:00","dateModified":"2025-06-17T08:00:48+00:00","description":"Ge gamla m\u00f6bler ett nytt utseende enkelt med Virtasen M\u00f6belf\u00e4rg. Virtasen M\u00f6belf\u00e4rg \u00e4r en milj\u00f6v\u00e4nlig vattenbaserad interi\u00f6rf\u00e4rg.","breadcrumb":{"@id":"https:\/\/www.virtasenmaalitehdas.fi\/sv\/produkt\/mobelfarg\/#breadcrumb"},"inLanguage":"sv-SE","potentialAction":[{"@type":"ReadAction","target":["https:\/\/www.virtasenmaalitehdas.fi\/sv\/produkt\/mobelfarg\/"]}]},{"@type":"ImageObject","inLanguage":"sv-SE","@id":"https:\/\/www.virtasenmaalitehdas.fi\/sv\/produkt\/mobelfarg\/#primaryimage","url":"https:\/\/www.virtasenmaalitehdas.fi\/app\/uploads\/2022\/10\/Virtasen-Kalustemaali_700px_HT_SX.png","contentUrl":"https:\/\/www.virtasenmaalitehdas.fi\/app\/uploads\/2022\/10\/Virtasen-Kalustemaali_700px_HT_SX.png","width":700,"height":578},{"@type":"BreadcrumbList","@id":"https:\/\/www.virtasenmaalitehdas.fi\/sv\/produkt\/mobelfarg\/#breadcrumb","itemListElement":[{"@type":"ListItem","position":1,"name":"Home","item":"https:\/\/www.virtasenmaalitehdas.fi\/sv\/"},{"@type":"ListItem","position":2,"name":"Virtasen M\u00f6belf\u00e4rg"}]},{"@type":"WebSite","@id":"https:\/\/www.virtasenmaalitehdas.fi\/sv\/#website","url":"https:\/\/www.virtasenmaalitehdas.fi\/sv\/","name":"Virtasen Maalitehdas","description":"Luonnonmukaiset, hengitt\u00e4v\u00e4t maalimme suojelevat perhett\u00e4 ja puuta. Maali, joka kest\u00e4\u00e4 saariston karuissa ja kosteissa olosuhteissa, kest\u00e4\u00e4 miss\u00e4 vaan!","potentialAction":[{"@type":"SearchAction","target":{"@type":"EntryPoint","urlTemplate":"https:\/\/www.virtasenmaalitehdas.fi\/sv\/?s={search_term_string}"},"query-input":{"@type":"PropertyValueSpecification","valueRequired":true,"valueName":"search_term_string"}}],"inLanguage":"sv-SE"}]}},"_links":{"self":[{"href":"https:\/\/www.virtasenmaalitehdas.fi\/sv\/wp-json\/wp\/v2\/product\/26876","targetHints":{"allow":["GET"]}}],"collection":[{"href":"https:\/\/www.virtasenmaalitehdas.fi\/sv\/wp-json\/wp\/v2\/product"}],"about":[{"href":"https:\/\/www.virtasenmaalitehdas.fi\/sv\/wp-json\/wp\/v2\/types\/product"}],"wp:featuredmedia":[{"embeddable":true,"href":"https:\/\/www.virtasenmaalitehdas.fi\/sv\/wp-json\/wp\/v2\/media\/25690"}],"wp:attachment":[{"href":"https:\/\/www.virtasenmaalitehdas.fi\/sv\/wp-json\/wp\/v2\/media?parent=26876"}],"wp:term":[{"taxonomy":"product_group","embeddable":true,"href":"https:\/\/www.virtasenmaalitehdas.fi\/sv\/wp-json\/wp\/v2\/product_group?post=26876"},{"taxonomy":"product_usage","embeddable":true,"href":"https:\/\/www.virtasenmaalitehdas.fi\/sv\/wp-json\/wp\/v2\/product_usage?post=26876"},{"taxonomy":"product_shine","embeddable":true,"href":"https:\/\/www.virtasenmaalitehdas.fi\/sv\/wp-json\/wp\/v2\/product_shine?post=26876"},{"taxonomy":"product_surface","embeddable":true,"href":"https:\/\/www.virtasenmaalitehdas.fi\/sv\/wp-json\/wp\/v2\/product_surface?post=26876"}],"curies":[{"name":"wp","href":"https:\/\/api.w.org\/{rel}","templated":true}]}}