{"id":26878,"date":"2016-11-08T08:03:35","date_gmt":"2016-11-08T08:03:35","guid":{"rendered":"https:\/\/www.virtasenmaalitehdas.fi\/?post_type=product&#038;p=26878"},"modified":"2025-06-17T07:53:26","modified_gmt":"2025-06-17T07:53:26","slug":"panelfarg","status":"publish","type":"product","link":"https:\/\/www.virtasenmaalitehdas.fi\/sv\/produkt\/panelfarg\/","title":{"rendered":"Virtasen Panelf\u00e4rg"},"content":{"rendered":"<section class=\"align wp-block-text\">\n    <div class=\"wrap wrap-small\">\n        <h2\n    class=\"title title-medium color-black \"\n>\n    Sidenmatt linoljef\u00e4rg som skapar en mysig st\u00e4mmning\n<\/h2>\n    <div class=\"text theme-black\">\n        <p>Virtasen Panelf\u00e4rg tillverkas p\u00e5 basen av ett traditionellt recept. Den \u00e4r en \u00e4kta naturf\u00e4rg med linolja som bindemedel. Eftersom f\u00e4rgen andas \u00e4r produkten ett tryggt val vid m\u00e5lning av timmerv\u00e4ggar och tr\u00e4panelv\u00e4ggar.<\/p>\n<p>Virtasen Panelf\u00e4rg \u00e4r vattenburen och snabbtorkande. Tack vare linoljan \u00e4r den l\u00e4tt att stryka p\u00e5. Det blir inga r\u00e4nder d\u00e5 Virtasen Panelf\u00e4rg ger en j\u00e4mn yta n\u00e4stan av sig sj\u00e4lv. Du beh\u00f6ver inte vara proffs f\u00f6r att n\u00e5 ett j\u00e4mnt och lyckat slutresultat.<\/p>\n\n    <\/div>\n    <\/div>\n<\/section>\n\n\n<section class=\"align wp-block-image-and-text \">\n    <div class=\"wrap wrap-default\">\n            <div class=\"flex \">\n            <div class=\"flex-item six\">\n                                    <div class=\"image video\">\n                    <img decoding=\"async\"\n        src=\"https:\/\/www.virtasenmaalitehdas.fi\/app\/uploads\/2019\/01\/M1-sisustus-1200x675.jpg\"\n        srcset=\"https:\/\/www.virtasenmaalitehdas.fi\/app\/uploads\/2019\/01\/M1-sisustus-1200x675.jpg 1200w, https:\/\/www.virtasenmaalitehdas.fi\/app\/uploads\/2019\/01\/M1-sisustus-800x450.jpg 800w, https:\/\/www.virtasenmaalitehdas.fi\/app\/uploads\/2019\/01\/M1-sisustus-768x432.jpg 768w, https:\/\/www.virtasenmaalitehdas.fi\/app\/uploads\/2019\/01\/M1-sisustus-1536x864.jpg 1536w, https:\/\/www.virtasenmaalitehdas.fi\/app\/uploads\/2019\/01\/M1-sisustus.jpg 1650w\"\n        sizes=\"(max-width: 1200px) 100vw, 1200px\"\n        alt=\"\"\n            >\n        \n                <\/div>\n                                <\/div>\n            <div class=\"flex-item six\">\n                <div class=\"contentcontainer\">\n                            <h2\n    class=\"title title-medium color-black \"\n>\n    Bevisligen renare inomhusluft\n<\/h2>\n                            <div class=\"text theme-black\">\n                        <p>Ett opartiskt laboratorium har testat Virtasen Panelf\u00e4rg. Den uppfyller M1-klassens strikta v\u00e4rden f\u00f6r utsl\u00e4pp. Det betyder att endast sm\u00e5 m\u00e4ngder f\u00f6reningar och lukter sprids till det m\u00e5lade utrymmet.<\/p>\n\n                    <\/div>\n                       <\/div>\n            <\/div>\n        <\/div>\n        <\/div>\n<\/section>\n","protected":false},"featured_media":25730,"parent":0,"template":"","product_group":[85],"product_usage":[59,61,74],"product_shine":[],"product_surface":[],"class_list":["post-26878","product","type-product","status-publish","has-post-thumbnail","hentry","product_group-inomhusfarger","product_usage-hirsi","product_usage-rintamamiestalo-maalaus","product_usage-sisamaalaus"],"acf":[],"yoast_head":"<!-- This site is optimized with the Yoast SEO Premium plugin v25.8 (Yoast SEO v27.5) - https:\/\/yoast.com\/product\/yoast-seo-premium-wordpress\/ -->\n<title>Virtasen Panelf\u00e4rg - Virtasen Maalitehdas<\/title>\n<meta name=\"description\" content=\"Virtasen Panelf\u00e4rg inomhusf\u00e4rg f\u00f6r alla tr\u00e4 och panelv\u00e4ggar. Sidenmatt linoljef\u00e4rg som skapar en mysig st\u00e4mmning.\" \/>\n<meta name=\"robots\" content=\"index, follow, max-snippet:-1, max-image-preview:large, max-video-preview:-1\" \/>\n<link rel=\"canonical\" href=\"https:\/\/www.virtasenmaalitehdas.fi\/sv\/produkt\/panelfarg\/\" \/>\n<meta property=\"og:locale\" content=\"sv_SE\" \/>\n<meta property=\"og:type\" content=\"article\" \/>\n<meta property=\"og:title\" content=\"Virtasen Panelf\u00e4rg\" \/>\n<meta property=\"og:description\" content=\"Virtasen Panelf\u00e4rg inomhusf\u00e4rg f\u00f6r alla tr\u00e4 och panelv\u00e4ggar. Sidenmatt linoljef\u00e4rg som skapar en mysig st\u00e4mmning.\" \/>\n<meta property=\"og:url\" content=\"https:\/\/www.virtasenmaalitehdas.fi\/sv\/produkt\/panelfarg\/\" \/>\n<meta property=\"og:site_name\" content=\"Virtasen Maalitehdas\" \/>\n<meta property=\"article:modified_time\" content=\"2025-06-17T07:53:26+00:00\" \/>\n<meta property=\"og:image\" content=\"https:\/\/www.virtasenmaalitehdas.fi\/app\/uploads\/2023\/01\/Virtasen-Paneelimaali_10L_HT_700px_xs.png\" \/>\n\t<meta property=\"og:image:width\" content=\"700\" \/>\n\t<meta property=\"og:image:height\" content=\"577\" \/>\n\t<meta property=\"og:image:type\" content=\"image\/png\" \/>\n<meta name=\"twitter:card\" content=\"summary_large_image\" \/>\n<meta name=\"twitter:label1\" content=\"Est. reading time\" \/>\n\t<meta name=\"twitter:data1\" content=\"1 minute\" \/>\n<script type=\"application\/ld+json\" class=\"yoast-schema-graph\">{\"@context\":\"https:\\\/\\\/schema.org\",\"@graph\":[{\"@type\":\"WebPage\",\"@id\":\"https:\\\/\\\/www.virtasenmaalitehdas.fi\\\/sv\\\/produkt\\\/panelfarg\\\/\",\"url\":\"https:\\\/\\\/www.virtasenmaalitehdas.fi\\\/sv\\\/produkt\\\/panelfarg\\\/\",\"name\":\"Virtasen Panelf\u00e4rg - Virtasen Maalitehdas\",\"isPartOf\":{\"@id\":\"https:\\\/\\\/www.virtasenmaalitehdas.fi\\\/sv\\\/#website\"},\"primaryImageOfPage\":{\"@id\":\"https:\\\/\\\/www.virtasenmaalitehdas.fi\\\/sv\\\/produkt\\\/panelfarg\\\/#primaryimage\"},\"image\":{\"@id\":\"https:\\\/\\\/www.virtasenmaalitehdas.fi\\\/sv\\\/produkt\\\/panelfarg\\\/#primaryimage\"},\"thumbnailUrl\":\"https:\\\/\\\/www.virtasenmaalitehdas.fi\\\/app\\\/uploads\\\/2023\\\/01\\\/Virtasen-Paneelimaali_10L_HT_700px_xs.png\",\"datePublished\":\"2016-11-08T08:03:35+00:00\",\"dateModified\":\"2025-06-17T07:53:26+00:00\",\"description\":\"Virtasen Panelf\u00e4rg inomhusf\u00e4rg f\u00f6r alla tr\u00e4 och panelv\u00e4ggar. Sidenmatt linoljef\u00e4rg som skapar en mysig st\u00e4mmning.\",\"breadcrumb\":{\"@id\":\"https:\\\/\\\/www.virtasenmaalitehdas.fi\\\/sv\\\/produkt\\\/panelfarg\\\/#breadcrumb\"},\"inLanguage\":\"sv-SE\",\"potentialAction\":[{\"@type\":\"ReadAction\",\"target\":[\"https:\\\/\\\/www.virtasenmaalitehdas.fi\\\/sv\\\/produkt\\\/panelfarg\\\/\"]}]},{\"@type\":\"ImageObject\",\"inLanguage\":\"sv-SE\",\"@id\":\"https:\\\/\\\/www.virtasenmaalitehdas.fi\\\/sv\\\/produkt\\\/panelfarg\\\/#primaryimage\",\"url\":\"https:\\\/\\\/www.virtasenmaalitehdas.fi\\\/app\\\/uploads\\\/2023\\\/01\\\/Virtasen-Paneelimaali_10L_HT_700px_xs.png\",\"contentUrl\":\"https:\\\/\\\/www.virtasenmaalitehdas.fi\\\/app\\\/uploads\\\/2023\\\/01\\\/Virtasen-Paneelimaali_10L_HT_700px_xs.png\",\"width\":700,\"height\":577},{\"@type\":\"BreadcrumbList\",\"@id\":\"https:\\\/\\\/www.virtasenmaalitehdas.fi\\\/sv\\\/produkt\\\/panelfarg\\\/#breadcrumb\",\"itemListElement\":[{\"@type\":\"ListItem\",\"position\":1,\"name\":\"Home\",\"item\":\"https:\\\/\\\/www.virtasenmaalitehdas.fi\\\/sv\\\/\"},{\"@type\":\"ListItem\",\"position\":2,\"name\":\"Virtasen Panelf\u00e4rg\"}]},{\"@type\":\"WebSite\",\"@id\":\"https:\\\/\\\/www.virtasenmaalitehdas.fi\\\/sv\\\/#website\",\"url\":\"https:\\\/\\\/www.virtasenmaalitehdas.fi\\\/sv\\\/\",\"name\":\"Virtasen Maalitehdas\",\"description\":\"Luonnonmukaiset, hengitt\u00e4v\u00e4t maalimme suojelevat perhett\u00e4 ja puuta. Maali, joka kest\u00e4\u00e4 saariston karuissa ja kosteissa olosuhteissa, kest\u00e4\u00e4 miss\u00e4 vaan!\",\"potentialAction\":[{\"@type\":\"SearchAction\",\"target\":{\"@type\":\"EntryPoint\",\"urlTemplate\":\"https:\\\/\\\/www.virtasenmaalitehdas.fi\\\/sv\\\/?s={search_term_string}\"},\"query-input\":{\"@type\":\"PropertyValueSpecification\",\"valueRequired\":true,\"valueName\":\"search_term_string\"}}],\"inLanguage\":\"sv-SE\"}]}<\/script>\n<!-- \/ Yoast SEO Premium plugin. -->","yoast_head_json":{"title":"Virtasen Panelf\u00e4rg - Virtasen Maalitehdas","description":"Virtasen Panelf\u00e4rg inomhusf\u00e4rg f\u00f6r alla tr\u00e4 och panelv\u00e4ggar. Sidenmatt linoljef\u00e4rg som skapar en mysig st\u00e4mmning.","robots":{"index":"index","follow":"follow","max-snippet":"max-snippet:-1","max-image-preview":"max-image-preview:large","max-video-preview":"max-video-preview:-1"},"canonical":"https:\/\/www.virtasenmaalitehdas.fi\/sv\/produkt\/panelfarg\/","og_locale":"sv_SE","og_type":"article","og_title":"Virtasen Panelf\u00e4rg","og_description":"Virtasen Panelf\u00e4rg inomhusf\u00e4rg f\u00f6r alla tr\u00e4 och panelv\u00e4ggar. Sidenmatt linoljef\u00e4rg som skapar en mysig st\u00e4mmning.","og_url":"https:\/\/www.virtasenmaalitehdas.fi\/sv\/produkt\/panelfarg\/","og_site_name":"Virtasen Maalitehdas","article_modified_time":"2025-06-17T07:53:26+00:00","og_image":[{"width":700,"height":577,"url":"https:\/\/www.virtasenmaalitehdas.fi\/app\/uploads\/2023\/01\/Virtasen-Paneelimaali_10L_HT_700px_xs.png","type":"image\/png"}],"twitter_card":"summary_large_image","twitter_misc":{"Est. reading time":"1 minute"},"schema":{"@context":"https:\/\/schema.org","@graph":[{"@type":"WebPage","@id":"https:\/\/www.virtasenmaalitehdas.fi\/sv\/produkt\/panelfarg\/","url":"https:\/\/www.virtasenmaalitehdas.fi\/sv\/produkt\/panelfarg\/","name":"Virtasen Panelf\u00e4rg - Virtasen Maalitehdas","isPartOf":{"@id":"https:\/\/www.virtasenmaalitehdas.fi\/sv\/#website"},"primaryImageOfPage":{"@id":"https:\/\/www.virtasenmaalitehdas.fi\/sv\/produkt\/panelfarg\/#primaryimage"},"image":{"@id":"https:\/\/www.virtasenmaalitehdas.fi\/sv\/produkt\/panelfarg\/#primaryimage"},"thumbnailUrl":"https:\/\/www.virtasenmaalitehdas.fi\/app\/uploads\/2023\/01\/Virtasen-Paneelimaali_10L_HT_700px_xs.png","datePublished":"2016-11-08T08:03:35+00:00","dateModified":"2025-06-17T07:53:26+00:00","description":"Virtasen Panelf\u00e4rg inomhusf\u00e4rg f\u00f6r alla tr\u00e4 och panelv\u00e4ggar. Sidenmatt linoljef\u00e4rg som skapar en mysig st\u00e4mmning.","breadcrumb":{"@id":"https:\/\/www.virtasenmaalitehdas.fi\/sv\/produkt\/panelfarg\/#breadcrumb"},"inLanguage":"sv-SE","potentialAction":[{"@type":"ReadAction","target":["https:\/\/www.virtasenmaalitehdas.fi\/sv\/produkt\/panelfarg\/"]}]},{"@type":"ImageObject","inLanguage":"sv-SE","@id":"https:\/\/www.virtasenmaalitehdas.fi\/sv\/produkt\/panelfarg\/#primaryimage","url":"https:\/\/www.virtasenmaalitehdas.fi\/app\/uploads\/2023\/01\/Virtasen-Paneelimaali_10L_HT_700px_xs.png","contentUrl":"https:\/\/www.virtasenmaalitehdas.fi\/app\/uploads\/2023\/01\/Virtasen-Paneelimaali_10L_HT_700px_xs.png","width":700,"height":577},{"@type":"BreadcrumbList","@id":"https:\/\/www.virtasenmaalitehdas.fi\/sv\/produkt\/panelfarg\/#breadcrumb","itemListElement":[{"@type":"ListItem","position":1,"name":"Home","item":"https:\/\/www.virtasenmaalitehdas.fi\/sv\/"},{"@type":"ListItem","position":2,"name":"Virtasen Panelf\u00e4rg"}]},{"@type":"WebSite","@id":"https:\/\/www.virtasenmaalitehdas.fi\/sv\/#website","url":"https:\/\/www.virtasenmaalitehdas.fi\/sv\/","name":"Virtasen Maalitehdas","description":"Luonnonmukaiset, hengitt\u00e4v\u00e4t maalimme suojelevat perhett\u00e4 ja puuta. Maali, joka kest\u00e4\u00e4 saariston karuissa ja kosteissa olosuhteissa, kest\u00e4\u00e4 miss\u00e4 vaan!","potentialAction":[{"@type":"SearchAction","target":{"@type":"EntryPoint","urlTemplate":"https:\/\/www.virtasenmaalitehdas.fi\/sv\/?s={search_term_string}"},"query-input":{"@type":"PropertyValueSpecification","valueRequired":true,"valueName":"search_term_string"}}],"inLanguage":"sv-SE"}]}},"_links":{"self":[{"href":"https:\/\/www.virtasenmaalitehdas.fi\/sv\/wp-json\/wp\/v2\/product\/26878","targetHints":{"allow":["GET"]}}],"collection":[{"href":"https:\/\/www.virtasenmaalitehdas.fi\/sv\/wp-json\/wp\/v2\/product"}],"about":[{"href":"https:\/\/www.virtasenmaalitehdas.fi\/sv\/wp-json\/wp\/v2\/types\/product"}],"wp:featuredmedia":[{"embeddable":true,"href":"https:\/\/www.virtasenmaalitehdas.fi\/sv\/wp-json\/wp\/v2\/media\/25730"}],"wp:attachment":[{"href":"https:\/\/www.virtasenmaalitehdas.fi\/sv\/wp-json\/wp\/v2\/media?parent=26878"}],"wp:term":[{"taxonomy":"product_group","embeddable":true,"href":"https:\/\/www.virtasenmaalitehdas.fi\/sv\/wp-json\/wp\/v2\/product_group?post=26878"},{"taxonomy":"product_usage","embeddable":true,"href":"https:\/\/www.virtasenmaalitehdas.fi\/sv\/wp-json\/wp\/v2\/product_usage?post=26878"},{"taxonomy":"product_shine","embeddable":true,"href":"https:\/\/www.virtasenmaalitehdas.fi\/sv\/wp-json\/wp\/v2\/product_shine?post=26878"},{"taxonomy":"product_surface","embeddable":true,"href":"https:\/\/www.virtasenmaalitehdas.fi\/sv\/wp-json\/wp\/v2\/product_surface?post=26878"}],"curies":[{"name":"wp","href":"https:\/\/api.w.org\/{rel}","templated":true}]}}