{"id":26880,"date":"2014-03-14T13:52:57","date_gmt":"2014-03-14T13:52:57","guid":{"rendered":"https:\/\/www.virtasenmaalitehdas.fi\/?post_type=product&#038;p=26880"},"modified":"2026-03-27T07:36:12","modified_gmt":"2026-03-27T07:36:12","slug":"4-oljors-fonsterfarg","status":"publish","type":"product","link":"https:\/\/www.virtasenmaalitehdas.fi\/sv\/produkt\/4-oljors-fonsterfarg\/","title":{"rendered":"Virtasen 4 Oljors F\u00f6nsterf\u00e4rg"},"content":{"rendered":"<section class=\"align wp-block-text\">\n    <div class=\"wrap wrap-small\">\n        <h2\n    class=\"title title-medium color-black \"\n>\n    Traditionell f\u00f6nsterf\u00e4rg f\u00f6r utomhusbruk med dubbelt s\u00e5 bra t\u00e4ckf\u00f6rm\u00e5ga\n<\/h2>\n    <div class=\"text theme-black\">\n        <p>Virtasen 4 oljors f\u00f6nsterf\u00e4rg \u00e4r en h\u00f6gklassig produkt f\u00f6r f\u00f6nsterkarmar och motsvarande utomhus. Den \u00e4r vidareutvecklad fr\u00e5n v\u00e5r legendariska 4 oljors f\u00e4rg. Virtasen 4 oljors f\u00f6nsterf\u00e4rg \u00e4r utvecklad speciellt f\u00f6r service- och reparationsm\u00e5lning av gamla f\u00f6nster.<\/p>\n<p>Den \u00e4r baserad p\u00e5 fyra \u00e4kta naturoljor vilket g\u00f6r att den andas, den \u00e4r s\u00e4ker och ekologisk. Tack vare den goda t\u00e4ckf\u00f6rm\u00e5gan och drygheten \u00e4r Virtasen det b\u00e4sta alternativet f\u00f6r kr\u00e4vande objekt.<\/p>\n\n    <\/div>\n    <\/div>\n<\/section>\n","protected":false},"featured_media":26346,"parent":0,"template":"","product_group":[84],"product_usage":[60,61,62,63,65],"product_shine":[],"product_surface":[],"class_list":["post-26880","product","type-product","status-publish","has-post-thumbnail","hentry","product_group-utomhusfarger","product_usage-ikkunoiden-maalaus","product_usage-rintamamiestalo-maalaus","product_usage-talon-maalaus-peittavalla-maalilla","product_usage-ulko-ovien-maalaus","product_usage-ulkomaalaus"],"acf":[],"yoast_head":"<!-- This site is optimized with the Yoast SEO Premium plugin v25.8 (Yoast SEO v27.4) - https:\/\/yoast.com\/product\/yoast-seo-premium-wordpress\/ -->\n<title>Virtasen 4 Oljors F\u00f6nsterf\u00e4rg - Virtasen Maalitehdas<\/title>\n<meta name=\"description\" content=\"Virtasen 4 Oljors F\u00f6nsterf\u00e4rg \u00e4r utvecklad speciellt f\u00f6r service- och reparationsm\u00e5lning av gamla f\u00f6nster.\" \/>\n<meta name=\"robots\" content=\"index, follow, max-snippet:-1, max-image-preview:large, max-video-preview:-1\" \/>\n<link rel=\"canonical\" href=\"https:\/\/www.virtasenmaalitehdas.fi\/sv\/produkt\/4-oljors-fonsterfarg\/\" \/>\n<meta property=\"og:locale\" content=\"sv_SE\" \/>\n<meta property=\"og:type\" content=\"article\" \/>\n<meta property=\"og:title\" content=\"Virtasen 4 Oljors F\u00f6nsterf\u00e4rg\" \/>\n<meta property=\"og:description\" content=\"Virtasen 4 Oljors F\u00f6nsterf\u00e4rg \u00e4r utvecklad speciellt f\u00f6r service- och reparationsm\u00e5lning av gamla f\u00f6nster.\" \/>\n<meta property=\"og:url\" content=\"https:\/\/www.virtasenmaalitehdas.fi\/sv\/produkt\/4-oljors-fonsterfarg\/\" \/>\n<meta property=\"og:site_name\" content=\"Virtasen Maalitehdas\" \/>\n<meta property=\"article:modified_time\" content=\"2026-03-27T07:36:12+00:00\" \/>\n<meta property=\"og:image\" content=\"https:\/\/www.virtasenmaalitehdas.fi\/app\/uploads\/2025\/01\/Virtasen-4-Oljyn-Ikkunamaali_10.0-L_700px_sx.png\" \/>\n\t<meta property=\"og:image:width\" content=\"700\" \/>\n\t<meta property=\"og:image:height\" content=\"700\" \/>\n\t<meta property=\"og:image:type\" content=\"image\/png\" \/>\n<meta name=\"twitter:card\" content=\"summary_large_image\" \/>\n<meta name=\"twitter:label1\" content=\"Est. reading time\" \/>\n\t<meta name=\"twitter:data1\" content=\"1 minute\" \/>\n<script type=\"application\/ld+json\" class=\"yoast-schema-graph\">{\"@context\":\"https:\\\/\\\/schema.org\",\"@graph\":[{\"@type\":\"WebPage\",\"@id\":\"https:\\\/\\\/www.virtasenmaalitehdas.fi\\\/sv\\\/produkt\\\/4-oljors-fonsterfarg\\\/\",\"url\":\"https:\\\/\\\/www.virtasenmaalitehdas.fi\\\/sv\\\/produkt\\\/4-oljors-fonsterfarg\\\/\",\"name\":\"Virtasen 4 Oljors F\u00f6nsterf\u00e4rg - Virtasen Maalitehdas\",\"isPartOf\":{\"@id\":\"https:\\\/\\\/www.virtasenmaalitehdas.fi\\\/sv\\\/#website\"},\"primaryImageOfPage\":{\"@id\":\"https:\\\/\\\/www.virtasenmaalitehdas.fi\\\/sv\\\/produkt\\\/4-oljors-fonsterfarg\\\/#primaryimage\"},\"image\":{\"@id\":\"https:\\\/\\\/www.virtasenmaalitehdas.fi\\\/sv\\\/produkt\\\/4-oljors-fonsterfarg\\\/#primaryimage\"},\"thumbnailUrl\":\"https:\\\/\\\/www.virtasenmaalitehdas.fi\\\/app\\\/uploads\\\/2025\\\/01\\\/Virtasen-4-Oljyn-Ikkunamaali_10.0-L_700px_sx.png\",\"datePublished\":\"2014-03-14T13:52:57+00:00\",\"dateModified\":\"2026-03-27T07:36:12+00:00\",\"description\":\"Virtasen 4 Oljors F\u00f6nsterf\u00e4rg \u00e4r utvecklad speciellt f\u00f6r service- och reparationsm\u00e5lning av gamla f\u00f6nster.\",\"breadcrumb\":{\"@id\":\"https:\\\/\\\/www.virtasenmaalitehdas.fi\\\/sv\\\/produkt\\\/4-oljors-fonsterfarg\\\/#breadcrumb\"},\"inLanguage\":\"sv-SE\",\"potentialAction\":[{\"@type\":\"ReadAction\",\"target\":[\"https:\\\/\\\/www.virtasenmaalitehdas.fi\\\/sv\\\/produkt\\\/4-oljors-fonsterfarg\\\/\"]}]},{\"@type\":\"ImageObject\",\"inLanguage\":\"sv-SE\",\"@id\":\"https:\\\/\\\/www.virtasenmaalitehdas.fi\\\/sv\\\/produkt\\\/4-oljors-fonsterfarg\\\/#primaryimage\",\"url\":\"https:\\\/\\\/www.virtasenmaalitehdas.fi\\\/app\\\/uploads\\\/2025\\\/01\\\/Virtasen-4-Oljyn-Ikkunamaali_10.0-L_700px_sx.png\",\"contentUrl\":\"https:\\\/\\\/www.virtasenmaalitehdas.fi\\\/app\\\/uploads\\\/2025\\\/01\\\/Virtasen-4-Oljyn-Ikkunamaali_10.0-L_700px_sx.png\",\"width\":700,\"height\":700},{\"@type\":\"BreadcrumbList\",\"@id\":\"https:\\\/\\\/www.virtasenmaalitehdas.fi\\\/sv\\\/produkt\\\/4-oljors-fonsterfarg\\\/#breadcrumb\",\"itemListElement\":[{\"@type\":\"ListItem\",\"position\":1,\"name\":\"Home\",\"item\":\"https:\\\/\\\/www.virtasenmaalitehdas.fi\\\/sv\\\/\"},{\"@type\":\"ListItem\",\"position\":2,\"name\":\"Virtasen 4 Oljors F\u00f6nsterf\u00e4rg\"}]},{\"@type\":\"WebSite\",\"@id\":\"https:\\\/\\\/www.virtasenmaalitehdas.fi\\\/sv\\\/#website\",\"url\":\"https:\\\/\\\/www.virtasenmaalitehdas.fi\\\/sv\\\/\",\"name\":\"Virtasen Maalitehdas\",\"description\":\"Luonnonmukaiset, hengitt\u00e4v\u00e4t maalimme suojelevat perhett\u00e4 ja puuta. Maali, joka kest\u00e4\u00e4 saariston karuissa ja kosteissa olosuhteissa, kest\u00e4\u00e4 miss\u00e4 vaan!\",\"potentialAction\":[{\"@type\":\"SearchAction\",\"target\":{\"@type\":\"EntryPoint\",\"urlTemplate\":\"https:\\\/\\\/www.virtasenmaalitehdas.fi\\\/sv\\\/?s={search_term_string}\"},\"query-input\":{\"@type\":\"PropertyValueSpecification\",\"valueRequired\":true,\"valueName\":\"search_term_string\"}}],\"inLanguage\":\"sv-SE\"}]}<\/script>\n<!-- \/ Yoast SEO Premium plugin. -->","yoast_head_json":{"title":"Virtasen 4 Oljors F\u00f6nsterf\u00e4rg - Virtasen Maalitehdas","description":"Virtasen 4 Oljors F\u00f6nsterf\u00e4rg \u00e4r utvecklad speciellt f\u00f6r service- och reparationsm\u00e5lning av gamla f\u00f6nster.","robots":{"index":"index","follow":"follow","max-snippet":"max-snippet:-1","max-image-preview":"max-image-preview:large","max-video-preview":"max-video-preview:-1"},"canonical":"https:\/\/www.virtasenmaalitehdas.fi\/sv\/produkt\/4-oljors-fonsterfarg\/","og_locale":"sv_SE","og_type":"article","og_title":"Virtasen 4 Oljors F\u00f6nsterf\u00e4rg","og_description":"Virtasen 4 Oljors F\u00f6nsterf\u00e4rg \u00e4r utvecklad speciellt f\u00f6r service- och reparationsm\u00e5lning av gamla f\u00f6nster.","og_url":"https:\/\/www.virtasenmaalitehdas.fi\/sv\/produkt\/4-oljors-fonsterfarg\/","og_site_name":"Virtasen Maalitehdas","article_modified_time":"2026-03-27T07:36:12+00:00","og_image":[{"width":700,"height":700,"url":"https:\/\/www.virtasenmaalitehdas.fi\/app\/uploads\/2025\/01\/Virtasen-4-Oljyn-Ikkunamaali_10.0-L_700px_sx.png","type":"image\/png"}],"twitter_card":"summary_large_image","twitter_misc":{"Est. reading time":"1 minute"},"schema":{"@context":"https:\/\/schema.org","@graph":[{"@type":"WebPage","@id":"https:\/\/www.virtasenmaalitehdas.fi\/sv\/produkt\/4-oljors-fonsterfarg\/","url":"https:\/\/www.virtasenmaalitehdas.fi\/sv\/produkt\/4-oljors-fonsterfarg\/","name":"Virtasen 4 Oljors F\u00f6nsterf\u00e4rg - Virtasen Maalitehdas","isPartOf":{"@id":"https:\/\/www.virtasenmaalitehdas.fi\/sv\/#website"},"primaryImageOfPage":{"@id":"https:\/\/www.virtasenmaalitehdas.fi\/sv\/produkt\/4-oljors-fonsterfarg\/#primaryimage"},"image":{"@id":"https:\/\/www.virtasenmaalitehdas.fi\/sv\/produkt\/4-oljors-fonsterfarg\/#primaryimage"},"thumbnailUrl":"https:\/\/www.virtasenmaalitehdas.fi\/app\/uploads\/2025\/01\/Virtasen-4-Oljyn-Ikkunamaali_10.0-L_700px_sx.png","datePublished":"2014-03-14T13:52:57+00:00","dateModified":"2026-03-27T07:36:12+00:00","description":"Virtasen 4 Oljors F\u00f6nsterf\u00e4rg \u00e4r utvecklad speciellt f\u00f6r service- och reparationsm\u00e5lning av gamla f\u00f6nster.","breadcrumb":{"@id":"https:\/\/www.virtasenmaalitehdas.fi\/sv\/produkt\/4-oljors-fonsterfarg\/#breadcrumb"},"inLanguage":"sv-SE","potentialAction":[{"@type":"ReadAction","target":["https:\/\/www.virtasenmaalitehdas.fi\/sv\/produkt\/4-oljors-fonsterfarg\/"]}]},{"@type":"ImageObject","inLanguage":"sv-SE","@id":"https:\/\/www.virtasenmaalitehdas.fi\/sv\/produkt\/4-oljors-fonsterfarg\/#primaryimage","url":"https:\/\/www.virtasenmaalitehdas.fi\/app\/uploads\/2025\/01\/Virtasen-4-Oljyn-Ikkunamaali_10.0-L_700px_sx.png","contentUrl":"https:\/\/www.virtasenmaalitehdas.fi\/app\/uploads\/2025\/01\/Virtasen-4-Oljyn-Ikkunamaali_10.0-L_700px_sx.png","width":700,"height":700},{"@type":"BreadcrumbList","@id":"https:\/\/www.virtasenmaalitehdas.fi\/sv\/produkt\/4-oljors-fonsterfarg\/#breadcrumb","itemListElement":[{"@type":"ListItem","position":1,"name":"Home","item":"https:\/\/www.virtasenmaalitehdas.fi\/sv\/"},{"@type":"ListItem","position":2,"name":"Virtasen 4 Oljors F\u00f6nsterf\u00e4rg"}]},{"@type":"WebSite","@id":"https:\/\/www.virtasenmaalitehdas.fi\/sv\/#website","url":"https:\/\/www.virtasenmaalitehdas.fi\/sv\/","name":"Virtasen Maalitehdas","description":"Luonnonmukaiset, hengitt\u00e4v\u00e4t maalimme suojelevat perhett\u00e4 ja puuta. Maali, joka kest\u00e4\u00e4 saariston karuissa ja kosteissa olosuhteissa, kest\u00e4\u00e4 miss\u00e4 vaan!","potentialAction":[{"@type":"SearchAction","target":{"@type":"EntryPoint","urlTemplate":"https:\/\/www.virtasenmaalitehdas.fi\/sv\/?s={search_term_string}"},"query-input":{"@type":"PropertyValueSpecification","valueRequired":true,"valueName":"search_term_string"}}],"inLanguage":"sv-SE"}]}},"_links":{"self":[{"href":"https:\/\/www.virtasenmaalitehdas.fi\/sv\/wp-json\/wp\/v2\/product\/26880","targetHints":{"allow":["GET"]}}],"collection":[{"href":"https:\/\/www.virtasenmaalitehdas.fi\/sv\/wp-json\/wp\/v2\/product"}],"about":[{"href":"https:\/\/www.virtasenmaalitehdas.fi\/sv\/wp-json\/wp\/v2\/types\/product"}],"wp:featuredmedia":[{"embeddable":true,"href":"https:\/\/www.virtasenmaalitehdas.fi\/sv\/wp-json\/wp\/v2\/media\/26346"}],"wp:attachment":[{"href":"https:\/\/www.virtasenmaalitehdas.fi\/sv\/wp-json\/wp\/v2\/media?parent=26880"}],"wp:term":[{"taxonomy":"product_group","embeddable":true,"href":"https:\/\/www.virtasenmaalitehdas.fi\/sv\/wp-json\/wp\/v2\/product_group?post=26880"},{"taxonomy":"product_usage","embeddable":true,"href":"https:\/\/www.virtasenmaalitehdas.fi\/sv\/wp-json\/wp\/v2\/product_usage?post=26880"},{"taxonomy":"product_shine","embeddable":true,"href":"https:\/\/www.virtasenmaalitehdas.fi\/sv\/wp-json\/wp\/v2\/product_shine?post=26880"},{"taxonomy":"product_surface","embeddable":true,"href":"https:\/\/www.virtasenmaalitehdas.fi\/sv\/wp-json\/wp\/v2\/product_surface?post=26880"}],"curies":[{"name":"wp","href":"https:\/\/api.w.org\/{rel}","templated":true}]}}