{"id":26883,"date":"2013-02-21T10:41:03","date_gmt":"2013-02-21T10:41:03","guid":{"rendered":"https:\/\/www.virtasenmaalitehdas.fi\/?post_type=product&#038;p=26883"},"modified":"2025-06-17T09:33:11","modified_gmt":"2025-06-17T09:33:11","slug":"virtasen-rodfarg","status":"publish","type":"product","link":"https:\/\/www.virtasenmaalitehdas.fi\/sv\/produkt\/virtasen-rodfarg\/","title":{"rendered":"Virtasen R\u00f6df\u00e4rg"},"content":{"rendered":"<section class=\"align wp-block-text\">\n    <div class=\"wrap wrap-small\">\n        <h2\n    class=\"title title-medium color-black \"\n>\n    H\u00e5llbar traditionell r\u00f6dmyllef\u00e4rg som andas\n<\/h2>\n    <div class=\"text theme-black\">\n        <p>Virtasen R\u00f6dmyllef\u00e4rg \u00e4r en traditionell f\u00e4rg som inneh\u00e5ller mycket linolja. Virtasen R\u00f6dmyllef\u00e4rg l\u00e4mpar sig f\u00f6r b\u00e5de gamla och nya byggnader d\u00e5 man vill ha en traditionell l\u00f6sning med en fullst\u00e4ndigt matt yta som andas. F\u00e4rgen \u00e4r som b\u00e4st p\u00e5 grovt timmer och s\u00e5gade br\u00e4dor, oberoende om de \u00e4r nya eller tidigare behandlade med r\u00f6dmylla eller r\u00f6df\u00e4rg.<\/p>\n<p>R\u00f6dmyllan \u00e5ldras v\u00e4rdigt och servicem\u00e5lning \u00e4r l\u00e4tt. R\u00f6dmylla, som har anv\u00e4nts i \u00e5rhundraden, \u00e4r ett tryggt val.<\/p>\n\n    <\/div>\n    <\/div>\n<\/section>\n","protected":false},"featured_media":26378,"parent":0,"template":"","product_group":[84],"product_usage":[58,62,63,65,66],"product_shine":[],"product_surface":[],"class_list":["post-26883","product","type-product","status-publish","has-post-thumbnail","hentry","product_group-utomhusfarger","product_usage-aidan-maalaus","product_usage-talon-maalaus-peittavalla-maalilla","product_usage-ulko-ovien-maalaus","product_usage-ulkomaalaus","product_usage-ulkoseinien-maalaus"],"acf":[],"yoast_head":"<!-- This site is optimized with the Yoast SEO Premium plugin v25.8 (Yoast SEO v27.5) - https:\/\/yoast.com\/product\/yoast-seo-premium-wordpress\/ -->\n<title>Virtasen R\u00f6df\u00e4rg - Virtasen Maalitehdas<\/title>\n<meta name=\"description\" content=\"F\u00e4rgen \u00e4r som b\u00e4st p\u00e5 grovt timmer och s\u00e5gade br\u00e4dor, oberoende om de \u00e4r nya eller tidigare behandlade med r\u00f6dmylla eller r\u00f6df\u00e4rg.\" \/>\n<meta name=\"robots\" content=\"index, follow, max-snippet:-1, max-image-preview:large, max-video-preview:-1\" \/>\n<link rel=\"canonical\" href=\"https:\/\/www.virtasenmaalitehdas.fi\/sv\/produkt\/virtasen-rodfarg\/\" \/>\n<meta property=\"og:locale\" content=\"sv_SE\" \/>\n<meta property=\"og:type\" content=\"article\" \/>\n<meta property=\"og:title\" content=\"Virtasen R\u00f6df\u00e4rg\" \/>\n<meta property=\"og:description\" content=\"F\u00e4rgen \u00e4r som b\u00e4st p\u00e5 grovt timmer och s\u00e5gade br\u00e4dor, oberoende om de \u00e4r nya eller tidigare behandlade med r\u00f6dmylla eller r\u00f6df\u00e4rg.\" \/>\n<meta property=\"og:url\" content=\"https:\/\/www.virtasenmaalitehdas.fi\/sv\/produkt\/virtasen-rodfarg\/\" \/>\n<meta property=\"og:site_name\" content=\"Virtasen Maalitehdas\" \/>\n<meta property=\"article:modified_time\" content=\"2025-06-17T09:33:11+00:00\" \/>\n<meta property=\"og:image\" content=\"https:\/\/www.virtasenmaalitehdas.fi\/app\/uploads\/2025\/01\/Virtasen-Punamultamaali_10.0-L_700px_sx.png\" \/>\n\t<meta property=\"og:image:width\" content=\"700\" \/>\n\t<meta property=\"og:image:height\" content=\"700\" \/>\n\t<meta property=\"og:image:type\" content=\"image\/png\" \/>\n<meta name=\"twitter:card\" content=\"summary_large_image\" \/>\n<meta name=\"twitter:label1\" content=\"Est. reading time\" \/>\n\t<meta name=\"twitter:data1\" content=\"1 minute\" \/>\n<script type=\"application\/ld+json\" class=\"yoast-schema-graph\">{\"@context\":\"https:\\\/\\\/schema.org\",\"@graph\":[{\"@type\":\"WebPage\",\"@id\":\"https:\\\/\\\/www.virtasenmaalitehdas.fi\\\/sv\\\/produkt\\\/virtasen-rodfarg\\\/\",\"url\":\"https:\\\/\\\/www.virtasenmaalitehdas.fi\\\/sv\\\/produkt\\\/virtasen-rodfarg\\\/\",\"name\":\"Virtasen R\u00f6df\u00e4rg - Virtasen Maalitehdas\",\"isPartOf\":{\"@id\":\"https:\\\/\\\/www.virtasenmaalitehdas.fi\\\/sv\\\/#website\"},\"primaryImageOfPage\":{\"@id\":\"https:\\\/\\\/www.virtasenmaalitehdas.fi\\\/sv\\\/produkt\\\/virtasen-rodfarg\\\/#primaryimage\"},\"image\":{\"@id\":\"https:\\\/\\\/www.virtasenmaalitehdas.fi\\\/sv\\\/produkt\\\/virtasen-rodfarg\\\/#primaryimage\"},\"thumbnailUrl\":\"https:\\\/\\\/www.virtasenmaalitehdas.fi\\\/app\\\/uploads\\\/2025\\\/01\\\/Virtasen-Punamultamaali_10.0-L_700px_sx.png\",\"datePublished\":\"2013-02-21T10:41:03+00:00\",\"dateModified\":\"2025-06-17T09:33:11+00:00\",\"description\":\"F\u00e4rgen \u00e4r som b\u00e4st p\u00e5 grovt timmer och s\u00e5gade br\u00e4dor, oberoende om de \u00e4r nya eller tidigare behandlade med r\u00f6dmylla eller r\u00f6df\u00e4rg.\",\"breadcrumb\":{\"@id\":\"https:\\\/\\\/www.virtasenmaalitehdas.fi\\\/sv\\\/produkt\\\/virtasen-rodfarg\\\/#breadcrumb\"},\"inLanguage\":\"sv-SE\",\"potentialAction\":[{\"@type\":\"ReadAction\",\"target\":[\"https:\\\/\\\/www.virtasenmaalitehdas.fi\\\/sv\\\/produkt\\\/virtasen-rodfarg\\\/\"]}]},{\"@type\":\"ImageObject\",\"inLanguage\":\"sv-SE\",\"@id\":\"https:\\\/\\\/www.virtasenmaalitehdas.fi\\\/sv\\\/produkt\\\/virtasen-rodfarg\\\/#primaryimage\",\"url\":\"https:\\\/\\\/www.virtasenmaalitehdas.fi\\\/app\\\/uploads\\\/2025\\\/01\\\/Virtasen-Punamultamaali_10.0-L_700px_sx.png\",\"contentUrl\":\"https:\\\/\\\/www.virtasenmaalitehdas.fi\\\/app\\\/uploads\\\/2025\\\/01\\\/Virtasen-Punamultamaali_10.0-L_700px_sx.png\",\"width\":700,\"height\":700},{\"@type\":\"BreadcrumbList\",\"@id\":\"https:\\\/\\\/www.virtasenmaalitehdas.fi\\\/sv\\\/produkt\\\/virtasen-rodfarg\\\/#breadcrumb\",\"itemListElement\":[{\"@type\":\"ListItem\",\"position\":1,\"name\":\"Home\",\"item\":\"https:\\\/\\\/www.virtasenmaalitehdas.fi\\\/sv\\\/\"},{\"@type\":\"ListItem\",\"position\":2,\"name\":\"Virtasen R\u00f6df\u00e4rg\"}]},{\"@type\":\"WebSite\",\"@id\":\"https:\\\/\\\/www.virtasenmaalitehdas.fi\\\/sv\\\/#website\",\"url\":\"https:\\\/\\\/www.virtasenmaalitehdas.fi\\\/sv\\\/\",\"name\":\"Virtasen Maalitehdas\",\"description\":\"Luonnonmukaiset, hengitt\u00e4v\u00e4t maalimme suojelevat perhett\u00e4 ja puuta. Maali, joka kest\u00e4\u00e4 saariston karuissa ja kosteissa olosuhteissa, kest\u00e4\u00e4 miss\u00e4 vaan!\",\"potentialAction\":[{\"@type\":\"SearchAction\",\"target\":{\"@type\":\"EntryPoint\",\"urlTemplate\":\"https:\\\/\\\/www.virtasenmaalitehdas.fi\\\/sv\\\/?s={search_term_string}\"},\"query-input\":{\"@type\":\"PropertyValueSpecification\",\"valueRequired\":true,\"valueName\":\"search_term_string\"}}],\"inLanguage\":\"sv-SE\"}]}<\/script>\n<!-- \/ Yoast SEO Premium plugin. -->","yoast_head_json":{"title":"Virtasen R\u00f6df\u00e4rg - Virtasen Maalitehdas","description":"F\u00e4rgen \u00e4r som b\u00e4st p\u00e5 grovt timmer och s\u00e5gade br\u00e4dor, oberoende om de \u00e4r nya eller tidigare behandlade med r\u00f6dmylla eller r\u00f6df\u00e4rg.","robots":{"index":"index","follow":"follow","max-snippet":"max-snippet:-1","max-image-preview":"max-image-preview:large","max-video-preview":"max-video-preview:-1"},"canonical":"https:\/\/www.virtasenmaalitehdas.fi\/sv\/produkt\/virtasen-rodfarg\/","og_locale":"sv_SE","og_type":"article","og_title":"Virtasen R\u00f6df\u00e4rg","og_description":"F\u00e4rgen \u00e4r som b\u00e4st p\u00e5 grovt timmer och s\u00e5gade br\u00e4dor, oberoende om de \u00e4r nya eller tidigare behandlade med r\u00f6dmylla eller r\u00f6df\u00e4rg.","og_url":"https:\/\/www.virtasenmaalitehdas.fi\/sv\/produkt\/virtasen-rodfarg\/","og_site_name":"Virtasen Maalitehdas","article_modified_time":"2025-06-17T09:33:11+00:00","og_image":[{"width":700,"height":700,"url":"https:\/\/www.virtasenmaalitehdas.fi\/app\/uploads\/2025\/01\/Virtasen-Punamultamaali_10.0-L_700px_sx.png","type":"image\/png"}],"twitter_card":"summary_large_image","twitter_misc":{"Est. reading time":"1 minute"},"schema":{"@context":"https:\/\/schema.org","@graph":[{"@type":"WebPage","@id":"https:\/\/www.virtasenmaalitehdas.fi\/sv\/produkt\/virtasen-rodfarg\/","url":"https:\/\/www.virtasenmaalitehdas.fi\/sv\/produkt\/virtasen-rodfarg\/","name":"Virtasen R\u00f6df\u00e4rg - Virtasen Maalitehdas","isPartOf":{"@id":"https:\/\/www.virtasenmaalitehdas.fi\/sv\/#website"},"primaryImageOfPage":{"@id":"https:\/\/www.virtasenmaalitehdas.fi\/sv\/produkt\/virtasen-rodfarg\/#primaryimage"},"image":{"@id":"https:\/\/www.virtasenmaalitehdas.fi\/sv\/produkt\/virtasen-rodfarg\/#primaryimage"},"thumbnailUrl":"https:\/\/www.virtasenmaalitehdas.fi\/app\/uploads\/2025\/01\/Virtasen-Punamultamaali_10.0-L_700px_sx.png","datePublished":"2013-02-21T10:41:03+00:00","dateModified":"2025-06-17T09:33:11+00:00","description":"F\u00e4rgen \u00e4r som b\u00e4st p\u00e5 grovt timmer och s\u00e5gade br\u00e4dor, oberoende om de \u00e4r nya eller tidigare behandlade med r\u00f6dmylla eller r\u00f6df\u00e4rg.","breadcrumb":{"@id":"https:\/\/www.virtasenmaalitehdas.fi\/sv\/produkt\/virtasen-rodfarg\/#breadcrumb"},"inLanguage":"sv-SE","potentialAction":[{"@type":"ReadAction","target":["https:\/\/www.virtasenmaalitehdas.fi\/sv\/produkt\/virtasen-rodfarg\/"]}]},{"@type":"ImageObject","inLanguage":"sv-SE","@id":"https:\/\/www.virtasenmaalitehdas.fi\/sv\/produkt\/virtasen-rodfarg\/#primaryimage","url":"https:\/\/www.virtasenmaalitehdas.fi\/app\/uploads\/2025\/01\/Virtasen-Punamultamaali_10.0-L_700px_sx.png","contentUrl":"https:\/\/www.virtasenmaalitehdas.fi\/app\/uploads\/2025\/01\/Virtasen-Punamultamaali_10.0-L_700px_sx.png","width":700,"height":700},{"@type":"BreadcrumbList","@id":"https:\/\/www.virtasenmaalitehdas.fi\/sv\/produkt\/virtasen-rodfarg\/#breadcrumb","itemListElement":[{"@type":"ListItem","position":1,"name":"Home","item":"https:\/\/www.virtasenmaalitehdas.fi\/sv\/"},{"@type":"ListItem","position":2,"name":"Virtasen R\u00f6df\u00e4rg"}]},{"@type":"WebSite","@id":"https:\/\/www.virtasenmaalitehdas.fi\/sv\/#website","url":"https:\/\/www.virtasenmaalitehdas.fi\/sv\/","name":"Virtasen Maalitehdas","description":"Luonnonmukaiset, hengitt\u00e4v\u00e4t maalimme suojelevat perhett\u00e4 ja puuta. Maali, joka kest\u00e4\u00e4 saariston karuissa ja kosteissa olosuhteissa, kest\u00e4\u00e4 miss\u00e4 vaan!","potentialAction":[{"@type":"SearchAction","target":{"@type":"EntryPoint","urlTemplate":"https:\/\/www.virtasenmaalitehdas.fi\/sv\/?s={search_term_string}"},"query-input":{"@type":"PropertyValueSpecification","valueRequired":true,"valueName":"search_term_string"}}],"inLanguage":"sv-SE"}]}},"_links":{"self":[{"href":"https:\/\/www.virtasenmaalitehdas.fi\/sv\/wp-json\/wp\/v2\/product\/26883","targetHints":{"allow":["GET"]}}],"collection":[{"href":"https:\/\/www.virtasenmaalitehdas.fi\/sv\/wp-json\/wp\/v2\/product"}],"about":[{"href":"https:\/\/www.virtasenmaalitehdas.fi\/sv\/wp-json\/wp\/v2\/types\/product"}],"wp:featuredmedia":[{"embeddable":true,"href":"https:\/\/www.virtasenmaalitehdas.fi\/sv\/wp-json\/wp\/v2\/media\/26378"}],"wp:attachment":[{"href":"https:\/\/www.virtasenmaalitehdas.fi\/sv\/wp-json\/wp\/v2\/media?parent=26883"}],"wp:term":[{"taxonomy":"product_group","embeddable":true,"href":"https:\/\/www.virtasenmaalitehdas.fi\/sv\/wp-json\/wp\/v2\/product_group?post=26883"},{"taxonomy":"product_usage","embeddable":true,"href":"https:\/\/www.virtasenmaalitehdas.fi\/sv\/wp-json\/wp\/v2\/product_usage?post=26883"},{"taxonomy":"product_shine","embeddable":true,"href":"https:\/\/www.virtasenmaalitehdas.fi\/sv\/wp-json\/wp\/v2\/product_shine?post=26883"},{"taxonomy":"product_surface","embeddable":true,"href":"https:\/\/www.virtasenmaalitehdas.fi\/sv\/wp-json\/wp\/v2\/product_surface?post=26883"}],"curies":[{"name":"wp","href":"https:\/\/api.w.org\/{rel}","templated":true}]}}