{"id":26889,"date":"2013-02-21T10:48:21","date_gmt":"2013-02-21T10:48:21","guid":{"rendered":"https:\/\/www.virtasenmaalitehdas.fi\/?post_type=product&#038;p=26889"},"modified":"2025-06-17T09:30:42","modified_gmt":"2025-06-17T09:30:42","slug":"virtasen-penseltvatt","status":"publish","type":"product","link":"https:\/\/www.virtasenmaalitehdas.fi\/sv\/produkt\/virtasen-penseltvatt\/","title":{"rendered":"Virtasen Penseltv\u00e4tt"},"content":{"rendered":"<section class=\"align wp-block-text\">\n    <div class=\"wrap wrap-small\">\n        <h2\n    class=\"title title-medium color-black \"\n>\n    F\u00f6r tv\u00e4tt av arbetsredskap\n<\/h2>\n    <div class=\"text theme-black\">\n        <p>Virtasen Penseltv\u00e4tt en gel\u00e9aktig produkt f\u00f6r tv\u00e4tt av arbetsredskap som anv\u00e4nts vid m\u00e5lning med l\u00f6sningsmedels- och vattenburna f\u00e4rger. Att tv\u00e4tta redskapen \u00e4r l\u00e4tt. Sk\u00f6ljs med vatten. L\u00e4mpar sig f\u00f6r olje-, alkyd- och vattenl\u00f6sliga f\u00e4rger.<\/p>\n<p>Behandlingen avl\u00e4gsnar m\u00e5lf\u00e4rgen enkelt och beh\u00e5ller borsten mjuk. Den reng\u00f6r \u00e4ven l\u00e4tt torkad f\u00e4rg fr\u00e5n borsten. Skadar varken tr\u00e4, glas, plast eller gummi.<\/p>\n\n    <\/div>\n    <\/div>\n<\/section>\n","protected":false},"featured_media":24904,"parent":0,"template":"","product_group":[86],"product_usage":[],"product_shine":[],"product_surface":[],"class_list":["post-26889","product","type-product","status-publish","has-post-thumbnail","hentry","product_group-andra"],"acf":[],"yoast_head":"<!-- This site is optimized with the Yoast SEO Premium plugin v25.8 (Yoast SEO v27.5) - https:\/\/yoast.com\/product\/yoast-seo-premium-wordpress\/ -->\n<title>Virtasen Penseltv\u00e4tt - Virtasen Maalitehdas<\/title>\n<meta name=\"description\" content=\"Virtasen Penseltv\u00e4tt en gel\u00e9aktig produkt f\u00f6r tv\u00e4tt av arbetsredskap som anv\u00e4nts vid m\u00e5lning med l\u00f6sningsmedels- och vattenburna f\u00e4rger.\" \/>\n<meta name=\"robots\" content=\"index, follow, max-snippet:-1, max-image-preview:large, max-video-preview:-1\" \/>\n<link rel=\"canonical\" href=\"https:\/\/www.virtasenmaalitehdas.fi\/sv\/produkt\/virtasen-penseltvatt\/\" \/>\n<meta property=\"og:locale\" content=\"sv_SE\" \/>\n<meta property=\"og:type\" content=\"article\" \/>\n<meta property=\"og:title\" content=\"Virtasen Penseltv\u00e4tt\" \/>\n<meta property=\"og:description\" content=\"Virtasen Penseltv\u00e4tt en gel\u00e9aktig produkt f\u00f6r tv\u00e4tt av arbetsredskap som anv\u00e4nts vid m\u00e5lning med l\u00f6sningsmedels- och vattenburna f\u00e4rger.\" \/>\n<meta property=\"og:url\" content=\"https:\/\/www.virtasenmaalitehdas.fi\/sv\/produkt\/virtasen-penseltvatt\/\" \/>\n<meta property=\"og:site_name\" content=\"Virtasen Maalitehdas\" \/>\n<meta property=\"article:modified_time\" content=\"2025-06-17T09:30:42+00:00\" \/>\n<meta property=\"og:image\" content=\"https:\/\/www.virtasenmaalitehdas.fi\/app\/uploads\/2018\/12\/Virtasen-Pensselipesugeeli-1L_HT_700px_xs.png\" \/>\n\t<meta property=\"og:image:width\" content=\"700\" \/>\n\t<meta property=\"og:image:height\" content=\"554\" \/>\n\t<meta property=\"og:image:type\" content=\"image\/png\" \/>\n<meta name=\"twitter:card\" content=\"summary_large_image\" \/>\n<meta name=\"twitter:label1\" content=\"Est. reading time\" \/>\n\t<meta name=\"twitter:data1\" content=\"1 minute\" \/>\n<script type=\"application\/ld+json\" class=\"yoast-schema-graph\">{\"@context\":\"https:\\\/\\\/schema.org\",\"@graph\":[{\"@type\":\"WebPage\",\"@id\":\"https:\\\/\\\/www.virtasenmaalitehdas.fi\\\/sv\\\/produkt\\\/virtasen-penseltvatt\\\/\",\"url\":\"https:\\\/\\\/www.virtasenmaalitehdas.fi\\\/sv\\\/produkt\\\/virtasen-penseltvatt\\\/\",\"name\":\"Virtasen Penseltv\u00e4tt - Virtasen Maalitehdas\",\"isPartOf\":{\"@id\":\"https:\\\/\\\/www.virtasenmaalitehdas.fi\\\/sv\\\/#website\"},\"primaryImageOfPage\":{\"@id\":\"https:\\\/\\\/www.virtasenmaalitehdas.fi\\\/sv\\\/produkt\\\/virtasen-penseltvatt\\\/#primaryimage\"},\"image\":{\"@id\":\"https:\\\/\\\/www.virtasenmaalitehdas.fi\\\/sv\\\/produkt\\\/virtasen-penseltvatt\\\/#primaryimage\"},\"thumbnailUrl\":\"https:\\\/\\\/www.virtasenmaalitehdas.fi\\\/app\\\/uploads\\\/2018\\\/12\\\/Virtasen-Pensselipesugeeli-1L_HT_700px_xs.png\",\"datePublished\":\"2013-02-21T10:48:21+00:00\",\"dateModified\":\"2025-06-17T09:30:42+00:00\",\"description\":\"Virtasen Penseltv\u00e4tt en gel\u00e9aktig produkt f\u00f6r tv\u00e4tt av arbetsredskap som anv\u00e4nts vid m\u00e5lning med l\u00f6sningsmedels- och vattenburna f\u00e4rger.\",\"breadcrumb\":{\"@id\":\"https:\\\/\\\/www.virtasenmaalitehdas.fi\\\/sv\\\/produkt\\\/virtasen-penseltvatt\\\/#breadcrumb\"},\"inLanguage\":\"sv-SE\",\"potentialAction\":[{\"@type\":\"ReadAction\",\"target\":[\"https:\\\/\\\/www.virtasenmaalitehdas.fi\\\/sv\\\/produkt\\\/virtasen-penseltvatt\\\/\"]}]},{\"@type\":\"ImageObject\",\"inLanguage\":\"sv-SE\",\"@id\":\"https:\\\/\\\/www.virtasenmaalitehdas.fi\\\/sv\\\/produkt\\\/virtasen-penseltvatt\\\/#primaryimage\",\"url\":\"https:\\\/\\\/www.virtasenmaalitehdas.fi\\\/app\\\/uploads\\\/2018\\\/12\\\/Virtasen-Pensselipesugeeli-1L_HT_700px_xs.png\",\"contentUrl\":\"https:\\\/\\\/www.virtasenmaalitehdas.fi\\\/app\\\/uploads\\\/2018\\\/12\\\/Virtasen-Pensselipesugeeli-1L_HT_700px_xs.png\",\"width\":700,\"height\":554},{\"@type\":\"BreadcrumbList\",\"@id\":\"https:\\\/\\\/www.virtasenmaalitehdas.fi\\\/sv\\\/produkt\\\/virtasen-penseltvatt\\\/#breadcrumb\",\"itemListElement\":[{\"@type\":\"ListItem\",\"position\":1,\"name\":\"Home\",\"item\":\"https:\\\/\\\/www.virtasenmaalitehdas.fi\\\/sv\\\/\"},{\"@type\":\"ListItem\",\"position\":2,\"name\":\"Virtasen Penseltv\u00e4tt\"}]},{\"@type\":\"WebSite\",\"@id\":\"https:\\\/\\\/www.virtasenmaalitehdas.fi\\\/sv\\\/#website\",\"url\":\"https:\\\/\\\/www.virtasenmaalitehdas.fi\\\/sv\\\/\",\"name\":\"Virtasen Maalitehdas\",\"description\":\"Luonnonmukaiset, hengitt\u00e4v\u00e4t maalimme suojelevat perhett\u00e4 ja puuta. Maali, joka kest\u00e4\u00e4 saariston karuissa ja kosteissa olosuhteissa, kest\u00e4\u00e4 miss\u00e4 vaan!\",\"potentialAction\":[{\"@type\":\"SearchAction\",\"target\":{\"@type\":\"EntryPoint\",\"urlTemplate\":\"https:\\\/\\\/www.virtasenmaalitehdas.fi\\\/sv\\\/?s={search_term_string}\"},\"query-input\":{\"@type\":\"PropertyValueSpecification\",\"valueRequired\":true,\"valueName\":\"search_term_string\"}}],\"inLanguage\":\"sv-SE\"}]}<\/script>\n<!-- \/ Yoast SEO Premium plugin. -->","yoast_head_json":{"title":"Virtasen Penseltv\u00e4tt - Virtasen Maalitehdas","description":"Virtasen Penseltv\u00e4tt en gel\u00e9aktig produkt f\u00f6r tv\u00e4tt av arbetsredskap som anv\u00e4nts vid m\u00e5lning med l\u00f6sningsmedels- och vattenburna f\u00e4rger.","robots":{"index":"index","follow":"follow","max-snippet":"max-snippet:-1","max-image-preview":"max-image-preview:large","max-video-preview":"max-video-preview:-1"},"canonical":"https:\/\/www.virtasenmaalitehdas.fi\/sv\/produkt\/virtasen-penseltvatt\/","og_locale":"sv_SE","og_type":"article","og_title":"Virtasen Penseltv\u00e4tt","og_description":"Virtasen Penseltv\u00e4tt en gel\u00e9aktig produkt f\u00f6r tv\u00e4tt av arbetsredskap som anv\u00e4nts vid m\u00e5lning med l\u00f6sningsmedels- och vattenburna f\u00e4rger.","og_url":"https:\/\/www.virtasenmaalitehdas.fi\/sv\/produkt\/virtasen-penseltvatt\/","og_site_name":"Virtasen Maalitehdas","article_modified_time":"2025-06-17T09:30:42+00:00","og_image":[{"width":700,"height":554,"url":"https:\/\/www.virtasenmaalitehdas.fi\/app\/uploads\/2018\/12\/Virtasen-Pensselipesugeeli-1L_HT_700px_xs.png","type":"image\/png"}],"twitter_card":"summary_large_image","twitter_misc":{"Est. reading time":"1 minute"},"schema":{"@context":"https:\/\/schema.org","@graph":[{"@type":"WebPage","@id":"https:\/\/www.virtasenmaalitehdas.fi\/sv\/produkt\/virtasen-penseltvatt\/","url":"https:\/\/www.virtasenmaalitehdas.fi\/sv\/produkt\/virtasen-penseltvatt\/","name":"Virtasen Penseltv\u00e4tt - Virtasen Maalitehdas","isPartOf":{"@id":"https:\/\/www.virtasenmaalitehdas.fi\/sv\/#website"},"primaryImageOfPage":{"@id":"https:\/\/www.virtasenmaalitehdas.fi\/sv\/produkt\/virtasen-penseltvatt\/#primaryimage"},"image":{"@id":"https:\/\/www.virtasenmaalitehdas.fi\/sv\/produkt\/virtasen-penseltvatt\/#primaryimage"},"thumbnailUrl":"https:\/\/www.virtasenmaalitehdas.fi\/app\/uploads\/2018\/12\/Virtasen-Pensselipesugeeli-1L_HT_700px_xs.png","datePublished":"2013-02-21T10:48:21+00:00","dateModified":"2025-06-17T09:30:42+00:00","description":"Virtasen Penseltv\u00e4tt en gel\u00e9aktig produkt f\u00f6r tv\u00e4tt av arbetsredskap som anv\u00e4nts vid m\u00e5lning med l\u00f6sningsmedels- och vattenburna f\u00e4rger.","breadcrumb":{"@id":"https:\/\/www.virtasenmaalitehdas.fi\/sv\/produkt\/virtasen-penseltvatt\/#breadcrumb"},"inLanguage":"sv-SE","potentialAction":[{"@type":"ReadAction","target":["https:\/\/www.virtasenmaalitehdas.fi\/sv\/produkt\/virtasen-penseltvatt\/"]}]},{"@type":"ImageObject","inLanguage":"sv-SE","@id":"https:\/\/www.virtasenmaalitehdas.fi\/sv\/produkt\/virtasen-penseltvatt\/#primaryimage","url":"https:\/\/www.virtasenmaalitehdas.fi\/app\/uploads\/2018\/12\/Virtasen-Pensselipesugeeli-1L_HT_700px_xs.png","contentUrl":"https:\/\/www.virtasenmaalitehdas.fi\/app\/uploads\/2018\/12\/Virtasen-Pensselipesugeeli-1L_HT_700px_xs.png","width":700,"height":554},{"@type":"BreadcrumbList","@id":"https:\/\/www.virtasenmaalitehdas.fi\/sv\/produkt\/virtasen-penseltvatt\/#breadcrumb","itemListElement":[{"@type":"ListItem","position":1,"name":"Home","item":"https:\/\/www.virtasenmaalitehdas.fi\/sv\/"},{"@type":"ListItem","position":2,"name":"Virtasen Penseltv\u00e4tt"}]},{"@type":"WebSite","@id":"https:\/\/www.virtasenmaalitehdas.fi\/sv\/#website","url":"https:\/\/www.virtasenmaalitehdas.fi\/sv\/","name":"Virtasen Maalitehdas","description":"Luonnonmukaiset, hengitt\u00e4v\u00e4t maalimme suojelevat perhett\u00e4 ja puuta. Maali, joka kest\u00e4\u00e4 saariston karuissa ja kosteissa olosuhteissa, kest\u00e4\u00e4 miss\u00e4 vaan!","potentialAction":[{"@type":"SearchAction","target":{"@type":"EntryPoint","urlTemplate":"https:\/\/www.virtasenmaalitehdas.fi\/sv\/?s={search_term_string}"},"query-input":{"@type":"PropertyValueSpecification","valueRequired":true,"valueName":"search_term_string"}}],"inLanguage":"sv-SE"}]}},"_links":{"self":[{"href":"https:\/\/www.virtasenmaalitehdas.fi\/sv\/wp-json\/wp\/v2\/product\/26889","targetHints":{"allow":["GET"]}}],"collection":[{"href":"https:\/\/www.virtasenmaalitehdas.fi\/sv\/wp-json\/wp\/v2\/product"}],"about":[{"href":"https:\/\/www.virtasenmaalitehdas.fi\/sv\/wp-json\/wp\/v2\/types\/product"}],"wp:featuredmedia":[{"embeddable":true,"href":"https:\/\/www.virtasenmaalitehdas.fi\/sv\/wp-json\/wp\/v2\/media\/24904"}],"wp:attachment":[{"href":"https:\/\/www.virtasenmaalitehdas.fi\/sv\/wp-json\/wp\/v2\/media?parent=26889"}],"wp:term":[{"taxonomy":"product_group","embeddable":true,"href":"https:\/\/www.virtasenmaalitehdas.fi\/sv\/wp-json\/wp\/v2\/product_group?post=26889"},{"taxonomy":"product_usage","embeddable":true,"href":"https:\/\/www.virtasenmaalitehdas.fi\/sv\/wp-json\/wp\/v2\/product_usage?post=26889"},{"taxonomy":"product_shine","embeddable":true,"href":"https:\/\/www.virtasenmaalitehdas.fi\/sv\/wp-json\/wp\/v2\/product_shine?post=26889"},{"taxonomy":"product_surface","embeddable":true,"href":"https:\/\/www.virtasenmaalitehdas.fi\/sv\/wp-json\/wp\/v2\/product_surface?post=26889"}],"curies":[{"name":"wp","href":"https:\/\/api.w.org\/{rel}","templated":true}]}}