{"id":26890,"date":"2018-07-12T13:33:18","date_gmt":"2018-07-12T13:33:18","guid":{"rendered":"https:\/\/www.virtasenmaalitehdas.fi\/?post_type=product&#038;p=26890"},"modified":"2025-06-17T09:21:09","modified_gmt":"2025-06-17T09:21:09","slug":"virtasen-balsamterpentin","status":"publish","type":"product","link":"https:\/\/www.virtasenmaalitehdas.fi\/sv\/produkt\/virtasen-balsamterpentin\/","title":{"rendered":"Virtasen Balsamterpentin"},"content":{"rendered":"<section class=\"align wp-block-text\">\n    <div class=\"wrap wrap-small\">\n        <h2\n    class=\"title title-medium color-black \"\n>\n    Fr\u00e5n f\u00f6rnybara naturresurser\n<\/h2>\n    <div class=\"text theme-black\">\n        <p>Virtasen Balsamterpentin \u00e4r destillerat fr\u00e5n tallk\u00e5da. Den l\u00e4mpar sig f\u00f6r f\u00f6rtunning av tr\u00e4terpentinbaserade f\u00e4rger, tj\u00e4ror och impregnerings\u00e4mnen samt tv\u00e4tt av arbetsredskap.<\/p>\n\n    <\/div>\n    <\/div>\n<\/section>\n","protected":false},"featured_media":24894,"parent":0,"template":"","product_group":[86,87],"product_usage":[],"product_shine":[],"product_surface":[],"class_list":["post-26890","product","type-product","status-publish","has-post-thumbnail","hentry","product_group-andra","product_group-oljor-thinner-och-tjaror"],"acf":[],"yoast_head":"<!-- This site is optimized with the Yoast SEO Premium plugin v25.8 (Yoast SEO v27.5) - https:\/\/yoast.com\/product\/yoast-seo-premium-wordpress\/ -->\n<title>Virtasen Balsamterpentin - Virtasen Maalitehdas<\/title>\n<meta name=\"description\" content=\"Virtasen Balsamterpentin l\u00e4mpar sig f\u00f6r f\u00f6rtunning av tr\u00e4terpentinbaserade f\u00e4rger och impregnerings\u00e4mnen samt tv\u00e4tt av arbetsredskap.\" \/>\n<meta name=\"robots\" content=\"index, follow, max-snippet:-1, max-image-preview:large, max-video-preview:-1\" \/>\n<link rel=\"canonical\" href=\"https:\/\/www.virtasenmaalitehdas.fi\/sv\/produkt\/virtasen-balsamterpentin\/\" \/>\n<meta property=\"og:locale\" content=\"sv_SE\" \/>\n<meta property=\"og:type\" content=\"article\" \/>\n<meta property=\"og:title\" content=\"Virtasen Balsamterpentin\" \/>\n<meta property=\"og:description\" content=\"Virtasen Balsamterpentin l\u00e4mpar sig f\u00f6r f\u00f6rtunning av tr\u00e4terpentinbaserade f\u00e4rger och impregnerings\u00e4mnen samt tv\u00e4tt av arbetsredskap.\" \/>\n<meta property=\"og:url\" content=\"https:\/\/www.virtasenmaalitehdas.fi\/sv\/produkt\/virtasen-balsamterpentin\/\" \/>\n<meta property=\"og:site_name\" content=\"Virtasen Maalitehdas\" \/>\n<meta property=\"article:modified_time\" content=\"2025-06-17T09:21:09+00:00\" \/>\n<meta property=\"og:image\" content=\"https:\/\/www.virtasenmaalitehdas.fi\/app\/uploads\/2018\/12\/Virtasen-Balsamitarpatti_10L_HT_700px_xs.png\" \/>\n\t<meta property=\"og:image:width\" content=\"700\" \/>\n\t<meta property=\"og:image:height\" content=\"547\" \/>\n\t<meta property=\"og:image:type\" content=\"image\/png\" \/>\n<meta name=\"twitter:card\" content=\"summary_large_image\" \/>\n<meta name=\"twitter:label1\" content=\"Est. reading time\" \/>\n\t<meta name=\"twitter:data1\" content=\"1 minute\" \/>\n<script type=\"application\/ld+json\" class=\"yoast-schema-graph\">{\"@context\":\"https:\\\/\\\/schema.org\",\"@graph\":[{\"@type\":\"WebPage\",\"@id\":\"https:\\\/\\\/www.virtasenmaalitehdas.fi\\\/sv\\\/produkt\\\/virtasen-balsamterpentin\\\/\",\"url\":\"https:\\\/\\\/www.virtasenmaalitehdas.fi\\\/sv\\\/produkt\\\/virtasen-balsamterpentin\\\/\",\"name\":\"Virtasen Balsamterpentin - Virtasen Maalitehdas\",\"isPartOf\":{\"@id\":\"https:\\\/\\\/www.virtasenmaalitehdas.fi\\\/sv\\\/#website\"},\"primaryImageOfPage\":{\"@id\":\"https:\\\/\\\/www.virtasenmaalitehdas.fi\\\/sv\\\/produkt\\\/virtasen-balsamterpentin\\\/#primaryimage\"},\"image\":{\"@id\":\"https:\\\/\\\/www.virtasenmaalitehdas.fi\\\/sv\\\/produkt\\\/virtasen-balsamterpentin\\\/#primaryimage\"},\"thumbnailUrl\":\"https:\\\/\\\/www.virtasenmaalitehdas.fi\\\/app\\\/uploads\\\/2018\\\/12\\\/Virtasen-Balsamitarpatti_10L_HT_700px_xs.png\",\"datePublished\":\"2018-07-12T13:33:18+00:00\",\"dateModified\":\"2025-06-17T09:21:09+00:00\",\"description\":\"Virtasen Balsamterpentin l\u00e4mpar sig f\u00f6r f\u00f6rtunning av tr\u00e4terpentinbaserade f\u00e4rger och impregnerings\u00e4mnen samt tv\u00e4tt av arbetsredskap.\",\"breadcrumb\":{\"@id\":\"https:\\\/\\\/www.virtasenmaalitehdas.fi\\\/sv\\\/produkt\\\/virtasen-balsamterpentin\\\/#breadcrumb\"},\"inLanguage\":\"sv-SE\",\"potentialAction\":[{\"@type\":\"ReadAction\",\"target\":[\"https:\\\/\\\/www.virtasenmaalitehdas.fi\\\/sv\\\/produkt\\\/virtasen-balsamterpentin\\\/\"]}]},{\"@type\":\"ImageObject\",\"inLanguage\":\"sv-SE\",\"@id\":\"https:\\\/\\\/www.virtasenmaalitehdas.fi\\\/sv\\\/produkt\\\/virtasen-balsamterpentin\\\/#primaryimage\",\"url\":\"https:\\\/\\\/www.virtasenmaalitehdas.fi\\\/app\\\/uploads\\\/2018\\\/12\\\/Virtasen-Balsamitarpatti_10L_HT_700px_xs.png\",\"contentUrl\":\"https:\\\/\\\/www.virtasenmaalitehdas.fi\\\/app\\\/uploads\\\/2018\\\/12\\\/Virtasen-Balsamitarpatti_10L_HT_700px_xs.png\",\"width\":700,\"height\":547},{\"@type\":\"BreadcrumbList\",\"@id\":\"https:\\\/\\\/www.virtasenmaalitehdas.fi\\\/sv\\\/produkt\\\/virtasen-balsamterpentin\\\/#breadcrumb\",\"itemListElement\":[{\"@type\":\"ListItem\",\"position\":1,\"name\":\"Home\",\"item\":\"https:\\\/\\\/www.virtasenmaalitehdas.fi\\\/sv\\\/\"},{\"@type\":\"ListItem\",\"position\":2,\"name\":\"Virtasen Balsamterpentin\"}]},{\"@type\":\"WebSite\",\"@id\":\"https:\\\/\\\/www.virtasenmaalitehdas.fi\\\/sv\\\/#website\",\"url\":\"https:\\\/\\\/www.virtasenmaalitehdas.fi\\\/sv\\\/\",\"name\":\"Virtasen Maalitehdas\",\"description\":\"Luonnonmukaiset, hengitt\u00e4v\u00e4t maalimme suojelevat perhett\u00e4 ja puuta. Maali, joka kest\u00e4\u00e4 saariston karuissa ja kosteissa olosuhteissa, kest\u00e4\u00e4 miss\u00e4 vaan!\",\"potentialAction\":[{\"@type\":\"SearchAction\",\"target\":{\"@type\":\"EntryPoint\",\"urlTemplate\":\"https:\\\/\\\/www.virtasenmaalitehdas.fi\\\/sv\\\/?s={search_term_string}\"},\"query-input\":{\"@type\":\"PropertyValueSpecification\",\"valueRequired\":true,\"valueName\":\"search_term_string\"}}],\"inLanguage\":\"sv-SE\"}]}<\/script>\n<!-- \/ Yoast SEO Premium plugin. -->","yoast_head_json":{"title":"Virtasen Balsamterpentin - Virtasen Maalitehdas","description":"Virtasen Balsamterpentin l\u00e4mpar sig f\u00f6r f\u00f6rtunning av tr\u00e4terpentinbaserade f\u00e4rger och impregnerings\u00e4mnen samt tv\u00e4tt av arbetsredskap.","robots":{"index":"index","follow":"follow","max-snippet":"max-snippet:-1","max-image-preview":"max-image-preview:large","max-video-preview":"max-video-preview:-1"},"canonical":"https:\/\/www.virtasenmaalitehdas.fi\/sv\/produkt\/virtasen-balsamterpentin\/","og_locale":"sv_SE","og_type":"article","og_title":"Virtasen Balsamterpentin","og_description":"Virtasen Balsamterpentin l\u00e4mpar sig f\u00f6r f\u00f6rtunning av tr\u00e4terpentinbaserade f\u00e4rger och impregnerings\u00e4mnen samt tv\u00e4tt av arbetsredskap.","og_url":"https:\/\/www.virtasenmaalitehdas.fi\/sv\/produkt\/virtasen-balsamterpentin\/","og_site_name":"Virtasen Maalitehdas","article_modified_time":"2025-06-17T09:21:09+00:00","og_image":[{"width":700,"height":547,"url":"https:\/\/www.virtasenmaalitehdas.fi\/app\/uploads\/2018\/12\/Virtasen-Balsamitarpatti_10L_HT_700px_xs.png","type":"image\/png"}],"twitter_card":"summary_large_image","twitter_misc":{"Est. reading time":"1 minute"},"schema":{"@context":"https:\/\/schema.org","@graph":[{"@type":"WebPage","@id":"https:\/\/www.virtasenmaalitehdas.fi\/sv\/produkt\/virtasen-balsamterpentin\/","url":"https:\/\/www.virtasenmaalitehdas.fi\/sv\/produkt\/virtasen-balsamterpentin\/","name":"Virtasen Balsamterpentin - Virtasen Maalitehdas","isPartOf":{"@id":"https:\/\/www.virtasenmaalitehdas.fi\/sv\/#website"},"primaryImageOfPage":{"@id":"https:\/\/www.virtasenmaalitehdas.fi\/sv\/produkt\/virtasen-balsamterpentin\/#primaryimage"},"image":{"@id":"https:\/\/www.virtasenmaalitehdas.fi\/sv\/produkt\/virtasen-balsamterpentin\/#primaryimage"},"thumbnailUrl":"https:\/\/www.virtasenmaalitehdas.fi\/app\/uploads\/2018\/12\/Virtasen-Balsamitarpatti_10L_HT_700px_xs.png","datePublished":"2018-07-12T13:33:18+00:00","dateModified":"2025-06-17T09:21:09+00:00","description":"Virtasen Balsamterpentin l\u00e4mpar sig f\u00f6r f\u00f6rtunning av tr\u00e4terpentinbaserade f\u00e4rger och impregnerings\u00e4mnen samt tv\u00e4tt av arbetsredskap.","breadcrumb":{"@id":"https:\/\/www.virtasenmaalitehdas.fi\/sv\/produkt\/virtasen-balsamterpentin\/#breadcrumb"},"inLanguage":"sv-SE","potentialAction":[{"@type":"ReadAction","target":["https:\/\/www.virtasenmaalitehdas.fi\/sv\/produkt\/virtasen-balsamterpentin\/"]}]},{"@type":"ImageObject","inLanguage":"sv-SE","@id":"https:\/\/www.virtasenmaalitehdas.fi\/sv\/produkt\/virtasen-balsamterpentin\/#primaryimage","url":"https:\/\/www.virtasenmaalitehdas.fi\/app\/uploads\/2018\/12\/Virtasen-Balsamitarpatti_10L_HT_700px_xs.png","contentUrl":"https:\/\/www.virtasenmaalitehdas.fi\/app\/uploads\/2018\/12\/Virtasen-Balsamitarpatti_10L_HT_700px_xs.png","width":700,"height":547},{"@type":"BreadcrumbList","@id":"https:\/\/www.virtasenmaalitehdas.fi\/sv\/produkt\/virtasen-balsamterpentin\/#breadcrumb","itemListElement":[{"@type":"ListItem","position":1,"name":"Home","item":"https:\/\/www.virtasenmaalitehdas.fi\/sv\/"},{"@type":"ListItem","position":2,"name":"Virtasen Balsamterpentin"}]},{"@type":"WebSite","@id":"https:\/\/www.virtasenmaalitehdas.fi\/sv\/#website","url":"https:\/\/www.virtasenmaalitehdas.fi\/sv\/","name":"Virtasen Maalitehdas","description":"Luonnonmukaiset, hengitt\u00e4v\u00e4t maalimme suojelevat perhett\u00e4 ja puuta. Maali, joka kest\u00e4\u00e4 saariston karuissa ja kosteissa olosuhteissa, kest\u00e4\u00e4 miss\u00e4 vaan!","potentialAction":[{"@type":"SearchAction","target":{"@type":"EntryPoint","urlTemplate":"https:\/\/www.virtasenmaalitehdas.fi\/sv\/?s={search_term_string}"},"query-input":{"@type":"PropertyValueSpecification","valueRequired":true,"valueName":"search_term_string"}}],"inLanguage":"sv-SE"}]}},"_links":{"self":[{"href":"https:\/\/www.virtasenmaalitehdas.fi\/sv\/wp-json\/wp\/v2\/product\/26890","targetHints":{"allow":["GET"]}}],"collection":[{"href":"https:\/\/www.virtasenmaalitehdas.fi\/sv\/wp-json\/wp\/v2\/product"}],"about":[{"href":"https:\/\/www.virtasenmaalitehdas.fi\/sv\/wp-json\/wp\/v2\/types\/product"}],"wp:featuredmedia":[{"embeddable":true,"href":"https:\/\/www.virtasenmaalitehdas.fi\/sv\/wp-json\/wp\/v2\/media\/24894"}],"wp:attachment":[{"href":"https:\/\/www.virtasenmaalitehdas.fi\/sv\/wp-json\/wp\/v2\/media?parent=26890"}],"wp:term":[{"taxonomy":"product_group","embeddable":true,"href":"https:\/\/www.virtasenmaalitehdas.fi\/sv\/wp-json\/wp\/v2\/product_group?post=26890"},{"taxonomy":"product_usage","embeddable":true,"href":"https:\/\/www.virtasenmaalitehdas.fi\/sv\/wp-json\/wp\/v2\/product_usage?post=26890"},{"taxonomy":"product_shine","embeddable":true,"href":"https:\/\/www.virtasenmaalitehdas.fi\/sv\/wp-json\/wp\/v2\/product_shine?post=26890"},{"taxonomy":"product_surface","embeddable":true,"href":"https:\/\/www.virtasenmaalitehdas.fi\/sv\/wp-json\/wp\/v2\/product_surface?post=26890"}],"curies":[{"name":"wp","href":"https:\/\/api.w.org\/{rel}","templated":true}]}}