{"id":27564,"date":"2025-11-07T12:09:07","date_gmt":"2025-11-07T12:09:07","guid":{"rendered":"https:\/\/www.virtasenmaalitehdas.fi\/?post_type=product&#038;p=27564"},"modified":"2025-11-11T10:13:15","modified_gmt":"2025-11-11T10:13:15","slug":"golvfarg","status":"publish","type":"product","link":"https:\/\/www.virtasenmaalitehdas.fi\/sv\/produkt\/golvfarg\/","title":{"rendered":"Virtasen Golvf\u00e4rg"},"content":{"rendered":"<section class=\"align wp-block-text\">\n    <div class=\"wrap wrap-small\">\n        <h2\n    class=\"title title-medium color-black \"\n>\n    Vattenburen, diffusions\u00f6ppen och 100 % plastfri golvf\u00e4rg\n<\/h2>\n    <div class=\"text theme-black\">\n        <p>Virtasen Golvf\u00e4rg \u00e4r en ny, vattenburen version av den klassiska Virtasen Porstua Tr\u00e4golvf\u00e4rg \u2013 utvecklad f\u00f6r hem och stugor d\u00e4r man vill f\u00f6rena ekologisk h\u00e5llbarhet, slitstyrka och naturlig sk\u00f6nhet.<\/p>\n\n    <\/div>\n    <\/div>\n<\/section>\n\n\n<section class=\"align wp-block-text\">\n    <div class=\"wrap wrap-small\">\n        <h2\n    class=\"title title-medium color-black \"\n>\n    Virtasen Golvf\u00e4rg \u00e4r vattenburen\n<\/h2>\n    <div class=\"text theme-black\">\n        <p>Den nya tidens Golvf\u00e4rg har skapats ur behovet av att erbjuda ett milj\u00f6v\u00e4nligt och luktfritt alternativ till traditionell oljebaserad f\u00e4rg \u2013 utan kompromisser i kvalitet eller andningsf\u00f6rm\u00e5ga. Dess unika sammans\u00e4ttning bygger p\u00e5 naturliga oljor och f\u00f6rnybara r\u00e5varor som ger en stark men levande yta.<\/p>\n\n    <\/div>\n    <\/div>\n<\/section>\n\n\n<section class=\"align wp-block-text\">\n    <div class=\"wrap wrap-small\">\n        <h2\n    class=\"title title-medium color-black \"\n>\n    \n<\/h2>\n    <\/div>\n<\/section>\n\n\n<section class=\"align wp-block-text\">\n    <div class=\"wrap wrap-small\">\n        <h2\n    class=\"title title-medium color-black \"\n>\n    Varf\u00f6r vattenburen?\n<\/h2>\n    <div class=\"text theme-black\">\n        <p>Vattenburen f\u00e4rg g\u00f6r m\u00e5lningen enkel och behaglig: f\u00e4rgen stryks ut mjukt, torkar snabbt och verktygen kan reng\u00f6ras med vatten. Den luktfria sammans\u00e4ttningen g\u00f6r den perfekt \u00e4ven f\u00f6r bebodda hem och sm\u00e5 utrymmen.<\/p>\n<p>Samtidigt \u00e4r f\u00e4rgen 100 % plastfri och diffusions\u00f6ppen, vilket betyder att tr\u00e4golvet kan leva och andas naturligt. P\u00e5 s\u00e5 s\u00e4tt f\u00f6rblir golvet vackert och friskt i m\u00e5nga \u00e5r fram\u00f6ver.<\/p>\n\n    <\/div>\n    <\/div>\n<\/section>\n\n\n<section class=\"align wp-block-text\">\n    <div class=\"wrap wrap-small\">\n        <h2\n    class=\"title title-medium color-black \"\n>\n    Det naturliga valet \u2013 Virtasens Golvf\u00e4rg\n<\/h2>\n    <div class=\"text theme-black\">\n        <p>Virtasen Golvf\u00e4rg \u00e4r det naturliga valet n\u00e4r du vill m\u00e5la golvet vackert och h\u00e5llbart \u2013 p\u00e5 ett s\u00e4tt som respekterar b\u00e5de tr\u00e4et och milj\u00f6n.<\/p>\n\n    <\/div>\n    <\/div>\n<\/section>\n\n\n<section class=\"align wp-block-image-and-text \">\n    <div class=\"wrap wrap-default\">\n        <\/div>\n<\/section>\n\n\n<section class=\"align wp-block-image-and-text \">\n    <div class=\"wrap wrap-default\">\n            <div class=\"flex row-reverse\">\n            <div class=\"flex-item six\">\n                                    <div class=\"image video\">\n                    <img decoding=\"async\"\n        src=\"https:\/\/www.virtasenmaalitehdas.fi\/app\/uploads\/2019\/01\/M1-sisustus-1200x675.jpg\"\n        srcset=\"https:\/\/www.virtasenmaalitehdas.fi\/app\/uploads\/2019\/01\/M1-sisustus-1200x675.jpg 1200w, https:\/\/www.virtasenmaalitehdas.fi\/app\/uploads\/2019\/01\/M1-sisustus-800x450.jpg 800w, https:\/\/www.virtasenmaalitehdas.fi\/app\/uploads\/2019\/01\/M1-sisustus-768x432.jpg 768w, https:\/\/www.virtasenmaalitehdas.fi\/app\/uploads\/2019\/01\/M1-sisustus-1536x864.jpg 1536w, https:\/\/www.virtasenmaalitehdas.fi\/app\/uploads\/2019\/01\/M1-sisustus.jpg 1650w\"\n        sizes=\"(max-width: 1200px) 100vw, 1200px\"\n        alt=\"\"\n            >\n        \n                <\/div>\n                                <\/div>\n            <div class=\"flex-item six\">\n                <div class=\"contentcontainer\">\n                            <h2\n    class=\"title title-medium color-black \"\n>\n    Bevisligen renare inomhusluft\n<\/h2>\n                            <div class=\"text theme-black\">\n                        <p>Ett opartiskt laboratorium har testat Virtasen Inredningsf\u00e4rg. Den uppfyller M1-klassens strikta v\u00e4rden f\u00f6r utsl\u00e4pp. Det betyder att endast sm\u00e5 m\u00e4ngder f\u00f6reningar och lukter sprids till det m\u00e5lade utrymmet.<\/p>\n\n                    <\/div>\n                       <\/div>\n            <\/div>\n        <\/div>\n        <\/div>\n<\/section>\n","protected":false},"featured_media":27570,"parent":0,"template":"","product_group":[85],"product_usage":[52,72,73],"product_shine":[38],"product_surface":[40,41],"class_list":["post-27564","product","type-product","status-publish","has-post-thumbnail","hentry","product_group-inomhusfarger","product_usage-lattia","product_usage-lattian-maalaus","product_usage-puulattian-maalaus","product_shine-puolihimmea","product_surface-puu","product_surface-betoni"],"acf":[],"yoast_head":"<!-- This site is optimized with the Yoast SEO Premium plugin v25.8 (Yoast SEO v27.4) - https:\/\/yoast.com\/product\/yoast-seo-premium-wordpress\/ -->\n<title>Virtasen Golvf\u00e4rg - Virtasen Maalitehdas<\/title>\n<meta name=\"robots\" content=\"index, follow, max-snippet:-1, max-image-preview:large, max-video-preview:-1\" \/>\n<link rel=\"canonical\" href=\"https:\/\/www.virtasenmaalitehdas.fi\/sv\/produkt\/golvfarg\/\" \/>\n<meta property=\"og:locale\" content=\"sv_SE\" \/>\n<meta property=\"og:type\" content=\"article\" \/>\n<meta property=\"og:title\" content=\"Virtasen Golvf\u00e4rg\" \/>\n<meta property=\"og:url\" content=\"https:\/\/www.virtasenmaalitehdas.fi\/sv\/produkt\/golvfarg\/\" \/>\n<meta property=\"og:site_name\" content=\"Virtasen Maalitehdas\" \/>\n<meta property=\"article:modified_time\" content=\"2025-11-11T10:13:15+00:00\" \/>\n<meta property=\"og:image\" content=\"https:\/\/www.virtasenmaalitehdas.fi\/app\/uploads\/2025\/11\/Nyhet-Tuote-2-Virtasen-Lattiamaali_2.7-L_700px.png\" \/>\n\t<meta property=\"og:image:width\" content=\"700\" \/>\n\t<meta property=\"og:image:height\" content=\"700\" \/>\n\t<meta property=\"og:image:type\" content=\"image\/png\" \/>\n<meta name=\"twitter:card\" content=\"summary_large_image\" \/>\n<meta name=\"twitter:label1\" content=\"Est. reading time\" \/>\n\t<meta name=\"twitter:data1\" content=\"1 minute\" \/>\n<script type=\"application\/ld+json\" class=\"yoast-schema-graph\">{\"@context\":\"https:\\\/\\\/schema.org\",\"@graph\":[{\"@type\":\"WebPage\",\"@id\":\"https:\\\/\\\/www.virtasenmaalitehdas.fi\\\/sv\\\/produkt\\\/golvfarg\\\/\",\"url\":\"https:\\\/\\\/www.virtasenmaalitehdas.fi\\\/sv\\\/produkt\\\/golvfarg\\\/\",\"name\":\"Virtasen Golvf\u00e4rg - Virtasen Maalitehdas\",\"isPartOf\":{\"@id\":\"https:\\\/\\\/www.virtasenmaalitehdas.fi\\\/sv\\\/#website\"},\"primaryImageOfPage\":{\"@id\":\"https:\\\/\\\/www.virtasenmaalitehdas.fi\\\/sv\\\/produkt\\\/golvfarg\\\/#primaryimage\"},\"image\":{\"@id\":\"https:\\\/\\\/www.virtasenmaalitehdas.fi\\\/sv\\\/produkt\\\/golvfarg\\\/#primaryimage\"},\"thumbnailUrl\":\"https:\\\/\\\/www.virtasenmaalitehdas.fi\\\/app\\\/uploads\\\/2025\\\/11\\\/Nyhet-Tuote-2-Virtasen-Lattiamaali_2.7-L_700px.png\",\"datePublished\":\"2025-11-07T12:09:07+00:00\",\"dateModified\":\"2025-11-11T10:13:15+00:00\",\"breadcrumb\":{\"@id\":\"https:\\\/\\\/www.virtasenmaalitehdas.fi\\\/sv\\\/produkt\\\/golvfarg\\\/#breadcrumb\"},\"inLanguage\":\"sv-SE\",\"potentialAction\":[{\"@type\":\"ReadAction\",\"target\":[\"https:\\\/\\\/www.virtasenmaalitehdas.fi\\\/sv\\\/produkt\\\/golvfarg\\\/\"]}]},{\"@type\":\"ImageObject\",\"inLanguage\":\"sv-SE\",\"@id\":\"https:\\\/\\\/www.virtasenmaalitehdas.fi\\\/sv\\\/produkt\\\/golvfarg\\\/#primaryimage\",\"url\":\"https:\\\/\\\/www.virtasenmaalitehdas.fi\\\/app\\\/uploads\\\/2025\\\/11\\\/Nyhet-Tuote-2-Virtasen-Lattiamaali_2.7-L_700px.png\",\"contentUrl\":\"https:\\\/\\\/www.virtasenmaalitehdas.fi\\\/app\\\/uploads\\\/2025\\\/11\\\/Nyhet-Tuote-2-Virtasen-Lattiamaali_2.7-L_700px.png\",\"width\":700,\"height\":700},{\"@type\":\"BreadcrumbList\",\"@id\":\"https:\\\/\\\/www.virtasenmaalitehdas.fi\\\/sv\\\/produkt\\\/golvfarg\\\/#breadcrumb\",\"itemListElement\":[{\"@type\":\"ListItem\",\"position\":1,\"name\":\"Home\",\"item\":\"https:\\\/\\\/www.virtasenmaalitehdas.fi\\\/sv\\\/\"},{\"@type\":\"ListItem\",\"position\":2,\"name\":\"Virtasen Golvf\u00e4rg\"}]},{\"@type\":\"WebSite\",\"@id\":\"https:\\\/\\\/www.virtasenmaalitehdas.fi\\\/sv\\\/#website\",\"url\":\"https:\\\/\\\/www.virtasenmaalitehdas.fi\\\/sv\\\/\",\"name\":\"Virtasen Maalitehdas\",\"description\":\"Luonnonmukaiset, hengitt\u00e4v\u00e4t maalimme suojelevat perhett\u00e4 ja puuta. Maali, joka kest\u00e4\u00e4 saariston karuissa ja kosteissa olosuhteissa, kest\u00e4\u00e4 miss\u00e4 vaan!\",\"potentialAction\":[{\"@type\":\"SearchAction\",\"target\":{\"@type\":\"EntryPoint\",\"urlTemplate\":\"https:\\\/\\\/www.virtasenmaalitehdas.fi\\\/sv\\\/?s={search_term_string}\"},\"query-input\":{\"@type\":\"PropertyValueSpecification\",\"valueRequired\":true,\"valueName\":\"search_term_string\"}}],\"inLanguage\":\"sv-SE\"}]}<\/script>\n<!-- \/ Yoast SEO Premium plugin. -->","yoast_head_json":{"title":"Virtasen Golvf\u00e4rg - Virtasen Maalitehdas","robots":{"index":"index","follow":"follow","max-snippet":"max-snippet:-1","max-image-preview":"max-image-preview:large","max-video-preview":"max-video-preview:-1"},"canonical":"https:\/\/www.virtasenmaalitehdas.fi\/sv\/produkt\/golvfarg\/","og_locale":"sv_SE","og_type":"article","og_title":"Virtasen Golvf\u00e4rg","og_url":"https:\/\/www.virtasenmaalitehdas.fi\/sv\/produkt\/golvfarg\/","og_site_name":"Virtasen Maalitehdas","article_modified_time":"2025-11-11T10:13:15+00:00","og_image":[{"width":700,"height":700,"url":"https:\/\/www.virtasenmaalitehdas.fi\/app\/uploads\/2025\/11\/Nyhet-Tuote-2-Virtasen-Lattiamaali_2.7-L_700px.png","type":"image\/png"}],"twitter_card":"summary_large_image","twitter_misc":{"Est. reading time":"1 minute"},"schema":{"@context":"https:\/\/schema.org","@graph":[{"@type":"WebPage","@id":"https:\/\/www.virtasenmaalitehdas.fi\/sv\/produkt\/golvfarg\/","url":"https:\/\/www.virtasenmaalitehdas.fi\/sv\/produkt\/golvfarg\/","name":"Virtasen Golvf\u00e4rg - Virtasen Maalitehdas","isPartOf":{"@id":"https:\/\/www.virtasenmaalitehdas.fi\/sv\/#website"},"primaryImageOfPage":{"@id":"https:\/\/www.virtasenmaalitehdas.fi\/sv\/produkt\/golvfarg\/#primaryimage"},"image":{"@id":"https:\/\/www.virtasenmaalitehdas.fi\/sv\/produkt\/golvfarg\/#primaryimage"},"thumbnailUrl":"https:\/\/www.virtasenmaalitehdas.fi\/app\/uploads\/2025\/11\/Nyhet-Tuote-2-Virtasen-Lattiamaali_2.7-L_700px.png","datePublished":"2025-11-07T12:09:07+00:00","dateModified":"2025-11-11T10:13:15+00:00","breadcrumb":{"@id":"https:\/\/www.virtasenmaalitehdas.fi\/sv\/produkt\/golvfarg\/#breadcrumb"},"inLanguage":"sv-SE","potentialAction":[{"@type":"ReadAction","target":["https:\/\/www.virtasenmaalitehdas.fi\/sv\/produkt\/golvfarg\/"]}]},{"@type":"ImageObject","inLanguage":"sv-SE","@id":"https:\/\/www.virtasenmaalitehdas.fi\/sv\/produkt\/golvfarg\/#primaryimage","url":"https:\/\/www.virtasenmaalitehdas.fi\/app\/uploads\/2025\/11\/Nyhet-Tuote-2-Virtasen-Lattiamaali_2.7-L_700px.png","contentUrl":"https:\/\/www.virtasenmaalitehdas.fi\/app\/uploads\/2025\/11\/Nyhet-Tuote-2-Virtasen-Lattiamaali_2.7-L_700px.png","width":700,"height":700},{"@type":"BreadcrumbList","@id":"https:\/\/www.virtasenmaalitehdas.fi\/sv\/produkt\/golvfarg\/#breadcrumb","itemListElement":[{"@type":"ListItem","position":1,"name":"Home","item":"https:\/\/www.virtasenmaalitehdas.fi\/sv\/"},{"@type":"ListItem","position":2,"name":"Virtasen Golvf\u00e4rg"}]},{"@type":"WebSite","@id":"https:\/\/www.virtasenmaalitehdas.fi\/sv\/#website","url":"https:\/\/www.virtasenmaalitehdas.fi\/sv\/","name":"Virtasen Maalitehdas","description":"Luonnonmukaiset, hengitt\u00e4v\u00e4t maalimme suojelevat perhett\u00e4 ja puuta. Maali, joka kest\u00e4\u00e4 saariston karuissa ja kosteissa olosuhteissa, kest\u00e4\u00e4 miss\u00e4 vaan!","potentialAction":[{"@type":"SearchAction","target":{"@type":"EntryPoint","urlTemplate":"https:\/\/www.virtasenmaalitehdas.fi\/sv\/?s={search_term_string}"},"query-input":{"@type":"PropertyValueSpecification","valueRequired":true,"valueName":"search_term_string"}}],"inLanguage":"sv-SE"}]}},"_links":{"self":[{"href":"https:\/\/www.virtasenmaalitehdas.fi\/sv\/wp-json\/wp\/v2\/product\/27564","targetHints":{"allow":["GET"]}}],"collection":[{"href":"https:\/\/www.virtasenmaalitehdas.fi\/sv\/wp-json\/wp\/v2\/product"}],"about":[{"href":"https:\/\/www.virtasenmaalitehdas.fi\/sv\/wp-json\/wp\/v2\/types\/product"}],"wp:featuredmedia":[{"embeddable":true,"href":"https:\/\/www.virtasenmaalitehdas.fi\/sv\/wp-json\/wp\/v2\/media\/27570"}],"wp:attachment":[{"href":"https:\/\/www.virtasenmaalitehdas.fi\/sv\/wp-json\/wp\/v2\/media?parent=27564"}],"wp:term":[{"taxonomy":"product_group","embeddable":true,"href":"https:\/\/www.virtasenmaalitehdas.fi\/sv\/wp-json\/wp\/v2\/product_group?post=27564"},{"taxonomy":"product_usage","embeddable":true,"href":"https:\/\/www.virtasenmaalitehdas.fi\/sv\/wp-json\/wp\/v2\/product_usage?post=27564"},{"taxonomy":"product_shine","embeddable":true,"href":"https:\/\/www.virtasenmaalitehdas.fi\/sv\/wp-json\/wp\/v2\/product_shine?post=27564"},{"taxonomy":"product_surface","embeddable":true,"href":"https:\/\/www.virtasenmaalitehdas.fi\/sv\/wp-json\/wp\/v2\/product_surface?post=27564"}],"curies":[{"name":"wp","href":"https:\/\/api.w.org\/{rel}","templated":true}]}}